{"id":29775,"date":"2023-12-19T19:44:31","date_gmt":"2023-12-19T19:44:31","guid":{"rendered":"https:\/\/e.kosmolat.eu\/product\/lb-mute-skal-ar-ciedru-riekstu-ellu-un-salvijas-ekstr-400-ml\/"},"modified":"2025-08-25T10:30:45","modified_gmt":"2025-08-25T10:30:45","slug":"lb-mutes-skal-ar-ciedru-riekstu-ellu-un-salvijas-ekstr-400-ml","status":"publish","type":"product","link":"https:\/\/e.kosmolat.eu\/lt\/produktas\/lb-mutes-skal-ar-ciedru-riekstu-ellu-un-salvijas-ekstr-400-ml\/","title":{"rendered":"LESNOJ BALZAM Burnos skaliklis su kedr\u0173 aliejumi i\u0161 \u0161alavij\u0173 ekstraktu, 400 ml"},"content":{"rendered":"<p>\u017doleli\u0173 nuoviro formul\u0117 palaiko nat\u016brali\u0105 burnos ertm\u0117s mikroflor\u0105. Labai efektyvus multivitamin\u0173 spygliuo\u010di\u0173 kompleksas ir &scaron;alavij\u0173 ekstraktas pasi\u017eymi galingu prie&scaron;u\u017edegiminiu poveikiu.<\/p>\n<p><strong>Naudojimas:<\/strong> u\u017epildykite dangtel\u012f skalavimo priemone. Kruop&scaron;\u010diai skalaukite burn\u0105 30 sekund\u017ei\u0173. Skalauti po dant\u0173 pastos naudokite po valgio ir kiekvieno dant\u0173 valymo bent du kartus per dien\u0105.<\/p>\n<p><strong>Atsargumo priemon\u0117s:<\/strong> Sud\u0117tyje yra natrio fluorido. Nenuryti. Fluorid\u0173 mas\u0117s dalis 0,02%. Nenaudoti jaunesniems nei 6 met\u0173 vaikams, nebent specialiai nurod\u0117 odontologas. D\u0117l nat\u016brali\u0173 ingredient\u0173 kiekio gali atsirasti nedideli\u0173 nuos\u0117d\u0173. Tai neturi \u012ftakos gaminio kokybei ir saugai. Nenaudoti maistui. Naudojimas neatleid\u017eia nuo apsilankymo pas odontolog\u0105. Tai n\u0117ra vaistinis preparatas.<\/p>\n<p>Laikyti nuo +5 &deg;\u0421 iki +25 &deg;\u0421 temperat\u016broje, vaikams nepasiekiamoje vietoje.<br \/>\n&nbsp;<\/p>\n","protected":false},"excerpt":{"rendered":"<p>\u017doleli\u0173 nuoviro formul\u0117 palaiko nat\u016brali\u0105 burnos ertm\u0117s mikroflor\u0105. Labai efektyvus multivitamin\u0173 spygliuo\u010di\u0173 kompleksas ir &scaron;alavij\u0173 ekstraktas pasi\u017eymi galingu prie&scaron;u\u017edegiminiu poveikiu. Naudojimas: u\u017epildykite dangtel\u012f skalavimo priemone. Kruop&scaron;\u010diai skalaukite burn\u0105 30 sekund\u017ei\u0173. Skalauti po dant\u0173 pastos naudokite po valgio ir kiekvieno dant\u0173 valymo bent du kartus per dien\u0105. Atsargumo priemon\u0117s: Sud\u0117tyje yra natrio fluorido. Nenuryti. Fluorid\u0173 mas\u0117s [&#8230;]\n","protected":false},"featured_media":26499,"template":"","meta":[],"product_cat":[1313],"product_tag":[],"class_list":{"0":"post-29775","1":"product","2":"type-product","3":"status-publish","4":"has-post-thumbnail","6":"product_brand-unilever-ua-lt","7":"product_cat-burnos-skalavimo-priemones","9":"first","10":"outofstock","11":"taxable","12":"shipping-taxable","13":"product-type-simple"},"_links":{"self":[{"href":"https:\/\/e.kosmolat.eu\/lt\/wp-json\/wp\/v2\/product\/29775","targetHints":{"allow":["GET"]}}],"collection":[{"href":"https:\/\/e.kosmolat.eu\/lt\/wp-json\/wp\/v2\/product"}],"about":[{"href":"https:\/\/e.kosmolat.eu\/lt\/wp-json\/wp\/v2\/types\/product"}],"wp:featuredmedia":[{"embeddable":true,"href":"https:\/\/e.kosmolat.eu\/lt\/wp-json\/wp\/v2\/media\/26499"}],"wp:attachment":[{"href":"https:\/\/e.kosmolat.eu\/lt\/wp-json\/wp\/v2\/media?parent=29775"}],"wp:term":[{"taxonomy":"product_cat","embeddable":true,"href":"https:\/\/e.kosmolat.eu\/lt\/wp-json\/wp\/v2\/product_cat?post=29775"},{"taxonomy":"product_tag","embeddable":true,"href":"https:\/\/e.kosmolat.eu\/lt\/wp-json\/wp\/v2\/product_tag?post=29775"}],"curies":[{"name":"wp","href":"https:\/\/api.w.org\/{rel}","templated":true}]}}