{"id":29771,"date":"2023-12-19T19:44:07","date_gmt":"2023-12-19T19:44:07","guid":{"rendered":"https:\/\/e.kosmolat.eu\/product\/lb-mutes-skal-ar-piparm-un-meza-zalu-ekst-400-ml\/"},"modified":"2025-06-04T10:01:14","modified_gmt":"2025-06-04T10:01:14","slug":"lb-mutes-skal-ar-piparm-un-meza-zalu-ekst-400-ml","status":"publish","type":"product","link":"https:\/\/e.kosmolat.eu\/lt\/produktas\/lb-mutes-skal-ar-piparm-un-meza-zalu-ekst-400-ml\/","title":{"rendered":"LESNOJ BALZAM Burnos skaliklis su m\u0117tomis ir mi\u0161ko \u017eoleli\u0173 ekstraktais, 400 ml"},"content":{"rendered":"<p>Apna&scaron;\u0173 &scaron;alinimas + remineralizacija. Pa&scaron;alina apna&scaron;as net tarpdan\u010diuose. Padeda i&scaron;vengti \u017ealingo apna&scaron;\u0173 poveikio dantims ir dantenoms. Atkuria emal\u012f ir stiprina dantenas, suma\u017eindama rimt\u0173 burnos problem\u0173 atsiradimo rizik\u0105. Did\u017eiausi\u0105 apna&scaron;\u0173 &scaron;alinimo efekt\u0105 galima pasiekti naudojant kartu dant\u0173 past\u0105 ir skalavimo priemon\u0119.<\/p>\n<p><strong>Naudojimas: <\/strong>u\u017epildykite dangtel\u012f skalavimo priemone. Kruop&scaron;\u010diai skalaukite burn\u0105 30 sekund\u017ei\u0173. Skalauti po dant\u0173 pastos, naudokite po valgio ir kiekvieno dant\u0173 valymo bent du kartus per dien\u0105. Tik suaugusiems.<\/p>\n<p><strong>Atsargumo priemon\u0117s: <\/strong>Sud\u0117tyje yra natrio fluorido. Nenuryti. Fluorid\u0173 mas\u0117s dalis 0,02%. D\u0117l nat\u016brali\u0173 ingredient\u0173 kiekio gali atsirasti nedideli\u0173 nuos\u0117d\u0173. Neturi \u012ftakos gaminio kokybei ir saugai. Naudojimas neatleid\u017eia nuo apsilankymo pas odontolog\u0105. Tai n\u0117ra vaistinis preparatas.<\/p>\n<p>Laikyti nuo +5 &deg;\u0421 iki +25 &deg;\u0421 temperat\u016broje, vaikams nepasiekiamoje vietoje.<br \/>\n&nbsp;<\/p>\n","protected":false},"excerpt":{"rendered":"<p>Apna&scaron;\u0173 &scaron;alinimas + remineralizacija. Pa&scaron;alina apna&scaron;as net tarpdan\u010diuose. Padeda i&scaron;vengti \u017ealingo apna&scaron;\u0173 poveikio dantims ir dantenoms. Atkuria emal\u012f ir stiprina dantenas, suma\u017eindama rimt\u0173 burnos problem\u0173 atsiradimo rizik\u0105. Did\u017eiausi\u0105 apna&scaron;\u0173 &scaron;alinimo efekt\u0105 galima pasiekti naudojant kartu dant\u0173 past\u0105 ir skalavimo priemon\u0119. Naudojimas: u\u017epildykite dangtel\u012f skalavimo priemone. Kruop&scaron;\u010diai skalaukite burn\u0105 30 sekund\u017ei\u0173. Skalauti po dant\u0173 pastos, naudokite [&#8230;]\n","protected":false},"featured_media":26492,"template":"","meta":[],"product_cat":[1313],"product_tag":[],"class_list":{"0":"post-29771","1":"product","2":"type-product","3":"status-publish","4":"has-post-thumbnail","6":"product_brand-unilever-ua-lt","7":"product_cat-burnos-skalavimo-priemones","9":"first","10":"outofstock","11":"taxable","12":"shipping-taxable","13":"product-type-simple"},"_links":{"self":[{"href":"https:\/\/e.kosmolat.eu\/lt\/wp-json\/wp\/v2\/product\/29771","targetHints":{"allow":["GET"]}}],"collection":[{"href":"https:\/\/e.kosmolat.eu\/lt\/wp-json\/wp\/v2\/product"}],"about":[{"href":"https:\/\/e.kosmolat.eu\/lt\/wp-json\/wp\/v2\/types\/product"}],"wp:featuredmedia":[{"embeddable":true,"href":"https:\/\/e.kosmolat.eu\/lt\/wp-json\/wp\/v2\/media\/26492"}],"wp:attachment":[{"href":"https:\/\/e.kosmolat.eu\/lt\/wp-json\/wp\/v2\/media?parent=29771"}],"wp:term":[{"taxonomy":"product_cat","embeddable":true,"href":"https:\/\/e.kosmolat.eu\/lt\/wp-json\/wp\/v2\/product_cat?post=29771"},{"taxonomy":"product_tag","embeddable":true,"href":"https:\/\/e.kosmolat.eu\/lt\/wp-json\/wp\/v2\/product_tag?post=29771"}],"curies":[{"name":"wp","href":"https:\/\/api.w.org\/{rel}","templated":true}]}}