{"id":29763,"date":"2023-12-19T19:43:40","date_gmt":"2023-12-19T19:43:40","guid":{"rendered":"https:\/\/e.kosmolat.eu\/product\/lb-profilakt-zobu-p-ar-alvejas-baltas-tejas-ekstr-un-zalu-novar-75-ml\/"},"modified":"2025-06-16T05:13:59","modified_gmt":"2025-06-16T05:13:59","slug":"lb-profilakt-zobu-p-ar-alvejas-baltas-tejas-ekstr-un-zalu-novar-75-ml","status":"publish","type":"product","link":"https:\/\/e.kosmolat.eu\/lt\/produktas\/lb-profilakt-zobu-p-ar-alvejas-baltas-tejas-ekstr-un-zalu-novar-75-ml\/","title":{"rendered":"LESNOJ BALZAM Dant\u0173 pasta su alavij\u0173 ir baltosios arbatos ekstraktais. \u017doleli\u0173 nuoviro pagrindu, 75"},"content":{"rendered":"<p>Total kompleksas. Saugo nuo apna\u0161\u0173. Stiprinimas ir apsauga nuo dant\u0173 akmen\u0173. Sud\u0117tyje yra 50% daugiau valom\u0173j\u0173 daleli\u0173 ir pa\u0161alina apna\u0161as net tarpdan\u010di\u0173 vietose. J\u016bros druskos mineralai padeda i\u0161vengti \u017ealingo apna\u0161\u0173 poveikio dantims ir dantenoms. Augaliniai ekstraktai stiprina dantenas, kalcis padeda stiprinti dant\u0173 emal\u012f, suma\u017eina rimt\u0173 burnos problem\u0173 atsiradimo rizik\u0105. Total kompleksas  yra veiksmingiausia Lesnoj balzam linijos formul\u0117, skirta pa\u0161alinti apna\u0161as ir apsaugoti nuo dideli\u0173 burnos problem\u0173. Maksimalus efektas naudojant kartu su skalavimo priemone.<\/p>\n<p>Naudojimas: kad dantys ir dantenos b\u016bt\u0173 sveiki, odontologai rekomenduoja dantis valyti 2-3 minutes bent 2 kartus per dien\u0105. <\/p>\n<p>Sud\u0117tyje yra natrio fluorido. 0,1 %, perskai\u010diavus \u012f fluor\u0105. Nenaudoti jaunesniems nei 14 met\u0173 asmenims. Nenuryti. Tai n\u0117ra vaistas.<\/p>\n<p>Laikyti nuo 0 \u00b0C iki +25 \u00b0C temperat\u016broje, vaikams nepasiekiamoje vietoje.<\/p>\n","protected":false},"excerpt":{"rendered":"<p>Total kompleksas. Saugo nuo apna\u0161\u0173. Stiprinimas ir apsauga nuo dant\u0173 akmen\u0173. Sud\u0117tyje yra 50% daugiau valom\u0173j\u0173 daleli\u0173 ir pa\u0161alina apna\u0161as net tarpdan\u010di\u0173 vietose. J\u016bros druskos mineralai padeda i\u0161vengti \u017ealingo apna\u0161\u0173 poveikio dantims ir dantenoms. Augaliniai ekstraktai stiprina dantenas, kalcis padeda stiprinti dant\u0173 emal\u012f, suma\u017eina rimt\u0173 burnos problem\u0173 atsiradimo rizik\u0105. Total kompleksas yra veiksmingiausia Lesnoj balzam [&#8230;]\n","protected":false},"featured_media":26486,"template":"","meta":[],"product_cat":[1308],"product_tag":[],"class_list":{"0":"post-29763","1":"product","2":"type-product","3":"status-publish","4":"has-post-thumbnail","6":"product_brand-unilever-ua-lt","7":"product_cat-dantu-pastos-ir-geliai","9":"first","10":"outofstock","11":"taxable","12":"shipping-taxable","13":"product-type-simple"},"_links":{"self":[{"href":"https:\/\/e.kosmolat.eu\/lt\/wp-json\/wp\/v2\/product\/29763","targetHints":{"allow":["GET"]}}],"collection":[{"href":"https:\/\/e.kosmolat.eu\/lt\/wp-json\/wp\/v2\/product"}],"about":[{"href":"https:\/\/e.kosmolat.eu\/lt\/wp-json\/wp\/v2\/types\/product"}],"wp:featuredmedia":[{"embeddable":true,"href":"https:\/\/e.kosmolat.eu\/lt\/wp-json\/wp\/v2\/media\/26486"}],"wp:attachment":[{"href":"https:\/\/e.kosmolat.eu\/lt\/wp-json\/wp\/v2\/media?parent=29763"}],"wp:term":[{"taxonomy":"product_cat","embeddable":true,"href":"https:\/\/e.kosmolat.eu\/lt\/wp-json\/wp\/v2\/product_cat?post=29763"},{"taxonomy":"product_tag","embeddable":true,"href":"https:\/\/e.kosmolat.eu\/lt\/wp-json\/wp\/v2\/product_tag?post=29763"}],"curies":[{"name":"wp","href":"https:\/\/api.w.org\/{rel}","templated":true}]}}