{"id":29755,"date":"2023-12-19T19:43:16","date_gmt":"2023-12-19T19:43:16","guid":{"rendered":"https:\/\/e.kosmolat.eu\/product\/lb-profilakt-zobu-p-ar-kumelisu-ekstr-75-ml\/"},"modified":"2025-01-24T06:35:14","modified_gmt":"2025-01-24T06:35:14","slug":"lb-profilakt-zobu-p-ar-kumelisu-ekstr-75-ml","status":"publish","type":"product","link":"https:\/\/e.kosmolat.eu\/lt\/produktas\/lb-profilakt-zobu-p-ar-kumelisu-ekstr-75-ml\/","title":{"rendered":"LESNOJ BALZAM Dant\u0173 pasta su ramun\u0117li\u0173 ekstraktu bei vaista\u017eol\u0117mis, 75 ml"},"content":{"rendered":"<p>Total kompleksas. Saugo nuo apna&scaron;\u0173. Stiprinimas ir apsauga nuo dant\u0173 akmen\u0173. Sud\u0117tyje yra 50% daugiau valom\u0173j\u0173 daleli\u0173 ir pa&scaron;alina apna&scaron;as net tarpdan\u010di\u0173 vietose. J\u016bros druskos mineralai padeda i&scaron;vengti \u017ealingo apna&scaron;\u0173 poveikio dantims ir dantenoms.<\/p>\n<p>Augaliniai ekstraktai ir vitaminai stiprina dantenas, suma\u017eina rimt\u0173 burnos problem\u0173 atsiradimo rizik\u0105.<\/p>\n<p><strong>Naudojimas: <\/strong>kad dantys ir dantenos b\u016bt\u0173 sveiki, odontologai rekomenduoja dantis valyti 2-3 minutes bent 2 kartus per dien\u0105.<\/p>\n<p>Sud\u0117tyje yra natrio fluorido. Fluorid\u0173 mas\u0117s dalis 0,1 % mas\u0117s. Nenaudoti jaunesniems nei 14 met\u0173 asmenims. Nenuryti. Tai n\u0117ra vaistas.<\/p>\n<p>Laikyti nuo 0 &deg;C iki +25 &deg;C temperat\u016broje, vaikams nepasiekiamoje vietoje.<br \/>\n&nbsp;<\/p>\n","protected":false},"excerpt":{"rendered":"<p>Total kompleksas. Saugo nuo apna&scaron;\u0173. Stiprinimas ir apsauga nuo dant\u0173 akmen\u0173. Sud\u0117tyje yra 50% daugiau valom\u0173j\u0173 daleli\u0173 ir pa&scaron;alina apna&scaron;as net tarpdan\u010di\u0173 vietose. J\u016bros druskos mineralai padeda i&scaron;vengti \u017ealingo apna&scaron;\u0173 poveikio dantims ir dantenoms. Augaliniai ekstraktai ir vitaminai stiprina dantenas, suma\u017eina rimt\u0173 burnos problem\u0173 atsiradimo rizik\u0105. Naudojimas: kad dantys ir dantenos b\u016bt\u0173 sveiki, odontologai rekomenduoja [&#8230;]\n","protected":false},"featured_media":25423,"template":"","meta":[],"product_cat":[1308],"product_tag":[],"class_list":{"0":"post-29755","1":"product","2":"type-product","3":"status-publish","4":"has-post-thumbnail","6":"product_brand-unilever-cistajalinija-silkyhands-forestbalm-axe-tresemme-lt","7":"product_cat-dantu-pastos-ir-geliai","9":"first","10":"outofstock","11":"taxable","12":"shipping-taxable","13":"product-type-simple"},"_links":{"self":[{"href":"https:\/\/e.kosmolat.eu\/lt\/wp-json\/wp\/v2\/product\/29755","targetHints":{"allow":["GET"]}}],"collection":[{"href":"https:\/\/e.kosmolat.eu\/lt\/wp-json\/wp\/v2\/product"}],"about":[{"href":"https:\/\/e.kosmolat.eu\/lt\/wp-json\/wp\/v2\/types\/product"}],"wp:featuredmedia":[{"embeddable":true,"href":"https:\/\/e.kosmolat.eu\/lt\/wp-json\/wp\/v2\/media\/25423"}],"wp:attachment":[{"href":"https:\/\/e.kosmolat.eu\/lt\/wp-json\/wp\/v2\/media?parent=29755"}],"wp:term":[{"taxonomy":"product_cat","embeddable":true,"href":"https:\/\/e.kosmolat.eu\/lt\/wp-json\/wp\/v2\/product_cat?post=29755"},{"taxonomy":"product_tag","embeddable":true,"href":"https:\/\/e.kosmolat.eu\/lt\/wp-json\/wp\/v2\/product_tag?post=29755"}],"curies":[{"name":"wp","href":"https:\/\/api.w.org\/{rel}","templated":true}]}}