{"id":29739,"date":"2023-12-19T19:42:13","date_gmt":"2023-12-19T19:42:13","guid":{"rendered":"https:\/\/e.kosmolat.eu\/product\/lb-profilakt-zobu-p-ar-ozola-mizas-baltegles-ekstr-75-ml\/"},"modified":"2025-01-21T10:58:43","modified_gmt":"2025-01-21T10:58:43","slug":"lb-profilakt-zobu-p-ar-ozola-mizas-baltegles-ekstr-75-ml","status":"publish","type":"product","link":"https:\/\/e.kosmolat.eu\/lt\/produktas\/lb-profilakt-zobu-p-ar-ozola-mizas-baltegles-ekstr-75-ml\/","title":{"rendered":"LESNOJ BALZAM Dant\u0173 pasta su \u0105\u017euol\u0173 \u017eiev\u0117s ir pu\u0161\u0173 ekstraktais. \u017doleli\u0173 nuoviro pagrindu, 75 ml"},"content":{"rendered":"<p>Stiprina dantenas ir 84 % suma\u017eina rimt\u0173 burnos problem\u0173 rizik\u0105. \u0104\u017euolo ir pu&scaron;\u0173 ekstraktai turi antibakterin\u012f poveik\u012f, tonizuoja ir apr\u016bpina dantenas vitaminais. \u0104\u017euol\u0173 \u017eiev\u0117 gali slopinti danten\u0173 kraujavim\u0105. \u017doleli\u0173 nuoviro formul\u0117 stiprina dantenas ir gerina j\u0173 sveikat\u0105.<\/p>\n<p><strong>Naudojimas:<\/strong> kad dantys ir dantenos b\u016bt\u0173 sveiki, odontologai rekomenduoja dantis valyti 2-3 minutes bent 2 kartus per dien\u0105.<\/p>\n<p>Sud\u0117tyje yra natrio fluorido. Fluorid\u0173 mas\u0117s dalis 0,1 % mas\u0117s. Nenaudoti jaunesniems nei 14 met\u0173 asmenims. Nenuryti. Tai n\u0117ra vaistas.<\/p>\n<p>Laikyti nuo 0 &deg;C iki +25 &deg;C temperat\u016broje, vaikams nepasiekiamoje vietoje.<\/p>\n","protected":false},"excerpt":{"rendered":"<p>Stiprina dantenas ir 84 % suma\u017eina rimt\u0173 burnos problem\u0173 rizik\u0105. \u0104\u017euolo ir pu&scaron;\u0173 ekstraktai turi antibakterin\u012f poveik\u012f, tonizuoja ir apr\u016bpina dantenas vitaminais. \u0104\u017euol\u0173 \u017eiev\u0117 gali slopinti danten\u0173 kraujavim\u0105. \u017doleli\u0173 nuoviro formul\u0117 stiprina dantenas ir gerina j\u0173 sveikat\u0105. Naudojimas: kad dantys ir dantenos b\u016bt\u0173 sveiki, odontologai rekomenduoja dantis valyti 2-3 minutes bent 2 kartus per dien\u0105. [&#8230;]\n","protected":false},"featured_media":29741,"template":"","meta":[],"product_cat":[1308],"product_tag":[],"class_list":{"0":"post-29739","1":"product","2":"type-product","3":"status-publish","4":"has-post-thumbnail","6":"product_brand-unilever-cistajalinija-silkyhands-forestbalm-axe-tresemme-lt","7":"product_cat-dantu-pastos-ir-geliai","9":"first","10":"outofstock","11":"taxable","12":"shipping-taxable","13":"product-type-simple"},"_links":{"self":[{"href":"https:\/\/e.kosmolat.eu\/lt\/wp-json\/wp\/v2\/product\/29739","targetHints":{"allow":["GET"]}}],"collection":[{"href":"https:\/\/e.kosmolat.eu\/lt\/wp-json\/wp\/v2\/product"}],"about":[{"href":"https:\/\/e.kosmolat.eu\/lt\/wp-json\/wp\/v2\/types\/product"}],"wp:featuredmedia":[{"embeddable":true,"href":"https:\/\/e.kosmolat.eu\/lt\/wp-json\/wp\/v2\/media\/29741"}],"wp:attachment":[{"href":"https:\/\/e.kosmolat.eu\/lt\/wp-json\/wp\/v2\/media?parent=29739"}],"wp:term":[{"taxonomy":"product_cat","embeddable":true,"href":"https:\/\/e.kosmolat.eu\/lt\/wp-json\/wp\/v2\/product_cat?post=29739"},{"taxonomy":"product_tag","embeddable":true,"href":"https:\/\/e.kosmolat.eu\/lt\/wp-json\/wp\/v2\/product_tag?post=29739"}],"curies":[{"name":"wp","href":"https:\/\/api.w.org\/{rel}","templated":true}]}}