{"id":29715,"date":"2023-12-19T19:39:38","date_gmt":"2023-12-19T19:39:38","guid":{"rendered":"https:\/\/e.kosmolat.eu\/product\/jc-tonejoss-balzams-526-samtains-marsala-150-ml\/"},"modified":"2026-01-12T18:16:23","modified_gmt":"2026-01-12T18:16:23","slug":"i_jc-tonejoss-balzams-526-samtains-marsala-150-ml","status":"publish","type":"product","link":"https:\/\/e.kosmolat.eu\/lt\/produktas\/i_jc-tonejoss-balzams-526-samtains-marsala-150-ml\/","title":{"rendered":"JEE COSMETICS Tonuojantis balzamas 526 \u0160ilkin\u0117 marsala, 150 ml"},"content":{"rendered":"<p>Argano aliejus ir keratinas. Sud\u0117tyje n\u0117ra peroksido ar amoniako. Nusiplauna po 7 plovim\u0173 &scaron;amp\u016bnu. Naudojimas: tolygiai paskirstykite ant &scaron;vari\u0173, dr\u0117gn\u0173 plauk\u0173. Veikimo laikas parenkamas nuo 5 iki 30 minu\u010di\u0173. Tada nuskalaukite plaukus.<\/p>\n<p><strong>Atsargumo priemon\u0117s: <\/strong>Atlikite alergijos test\u0105.&nbsp;Plauk\u0173 da\u017eikliai gali sukelti stipri\u0105 alergin\u0119 reakcij\u0105. Pra&scaron;ome perskaityti instrukcijas ir j\u0173 laikytis. &Scaron;is gaminys n\u0117ra skirtas asmenims iki 16 met\u0173. Laikinosios &bdquo;juodosios chnos&ldquo; tatuiruot\u0117s gali padidinti alergijos rizik\u0105. Neda\u017eykite plauk\u0173, jei: a) veidas yra i&scaron;bertas arba galvos oda yra jautri, sudirginta ar pa\u017eeista; b) da\u017eydami plaukus patyr\u0117te koki\u0105 nors reakcij\u0105; c) kada nors patyr\u0117te reakcij\u0105 d\u0117l laikinosios &bdquo;juodosios chnos&ldquo; tatuiruot\u0117s.&nbsp;Patekus \u012f akis &ndash; nedelsiant nuplauti vandeniu. Naudokite apsaugines pir&scaron;tines. Laikyti vaikams nepasiekiamoje vietoje. Nenaudoti antaki\u0173 ir blakstien\u0173 da\u017eymui.<\/p>\n<p><strong>Alergijos testas: <\/strong>suma\u017eina alergini\u0173 reakcij\u0173 rizik\u0105. 45 minut\u0117ms &nbsp;u\u017etepkite balzam\u0105 ant alk\u016bn\u0117s &nbsp;vidin\u0117s dalies &nbsp;odos. Steb\u0117kite bandymo srit\u012f &nbsp;48 valandas. Jei n\u0117ra alergin\u0117s reakcijos (paraudimas, patinimas, b\u0117rimas, deginimas ir nie\u017e\u0117jimas), galite naudoti &scaron;\u012f produkt\u0105. &nbsp;Rekomenduojama atlikti &nbsp;vienos sruogos spalvos test\u0105 Ry&scaron;kus pigmentas dominuoja \u017eiluose ir &scaron;viesiuose plaukuose.<\/p>\n<p>Laikyti nuo +5 &deg;C iki +25 &deg;C temperat\u016broje.<br \/>\n&nbsp;<\/p>\n","protected":false},"excerpt":{"rendered":"<p>Argano aliejus ir keratinas. Sud\u0117tyje n\u0117ra peroksido ar amoniako. Nusiplauna po 7 plovim\u0173 &scaron;amp\u016bnu. Naudojimas: tolygiai paskirstykite ant &scaron;vari\u0173, dr\u0117gn\u0173 plauk\u0173. Veikimo laikas parenkamas nuo 5 iki 30 minu\u010di\u0173. Tada nuskalaukite plaukus. Atsargumo priemon\u0117s: Atlikite alergijos test\u0105.&nbsp;Plauk\u0173 da\u017eikliai gali sukelti stipri\u0105 alergin\u0119 reakcij\u0105. Pra&scaron;ome perskaityti instrukcijas ir j\u0173 laikytis. &Scaron;is gaminys n\u0117ra skirtas asmenims iki [&#8230;]\n","protected":false},"featured_media":103707,"template":"","meta":[],"product_cat":[1299],"product_tag":[],"class_list":{"0":"post-29715","1":"product","2":"type-product","3":"status-publish","4":"has-post-thumbnail","6":"product_brand-kombi_ua-lt","7":"product_cat-tonizuojancios-priemones-plaukams","9":"first","10":"outofstock","11":"taxable","12":"shipping-taxable","13":"product-type-simple"},"_links":{"self":[{"href":"https:\/\/e.kosmolat.eu\/lt\/wp-json\/wp\/v2\/product\/29715","targetHints":{"allow":["GET"]}}],"collection":[{"href":"https:\/\/e.kosmolat.eu\/lt\/wp-json\/wp\/v2\/product"}],"about":[{"href":"https:\/\/e.kosmolat.eu\/lt\/wp-json\/wp\/v2\/types\/product"}],"wp:featuredmedia":[{"embeddable":true,"href":"https:\/\/e.kosmolat.eu\/lt\/wp-json\/wp\/v2\/media\/103707"}],"wp:attachment":[{"href":"https:\/\/e.kosmolat.eu\/lt\/wp-json\/wp\/v2\/media?parent=29715"}],"wp:term":[{"taxonomy":"product_cat","embeddable":true,"href":"https:\/\/e.kosmolat.eu\/lt\/wp-json\/wp\/v2\/product_cat?post=29715"},{"taxonomy":"product_tag","embeddable":true,"href":"https:\/\/e.kosmolat.eu\/lt\/wp-json\/wp\/v2\/product_tag?post=29715"}],"curies":[{"name":"wp","href":"https:\/\/api.w.org\/{rel}","templated":true}]}}