{"id":29691,"date":"2023-12-19T19:37:44","date_gmt":"2023-12-19T19:37:44","guid":{"rendered":"https:\/\/e.kosmolat.eu\/product\/i_melado-dusas-pienins-ar-risu-ekstraktu-500-ml\/"},"modified":"2026-01-30T11:09:49","modified_gmt":"2026-01-30T11:09:49","slug":"i_melado-dusas-pienins-ar-risu-ekstraktu-500-ml","status":"publish","type":"product","link":"https:\/\/e.kosmolat.eu\/lt\/produktas\/i_melado-dusas-pienins-ar-risu-ekstraktu-500-ml\/","title":{"rendered":"MELADO Du\u0161o pienelis su ry\u017ei\u0173 ekstraktu, 500 ml"},"content":{"rendered":"<p>Vis\u0173 tip\u0173 odai. Ry\u017ei\u0173 pienas padeda atkurti odos elastingum\u0105 ir atsinaujinti. Sud\u0117tyje yra vitamino B, kuris dr\u0117kina ir &scaron;vyti od\u0105. Vynuogi\u0173 kauliuk\u0173 aliejus dr\u0117kina, didina odos stangrum\u0105 ir elastingum\u0105, skatina atsinaujinim\u0105 ir saugo nuo dr\u0117gm\u0117s praradimo.<\/p>\n<p><strong>Naudojimas: <\/strong>Tepkite ant k\u016bno odos ir &scaron;velniai masa\u017euokite, kol susidarys putos, arba \u012fpilkite produkto \u012f voni\u0105. Kruop&scaron;\u010diai nuplaukite vandeniu.<br \/>\n&nbsp;<\/p>\n","protected":false},"excerpt":{"rendered":"<p>Vis\u0173 tip\u0173 odai. Ry\u017ei\u0173 pienas padeda atkurti odos elastingum\u0105 ir atsinaujinti. Sud\u0117tyje yra vitamino B, kuris dr\u0117kina ir &scaron;vyti od\u0105. Vynuogi\u0173 kauliuk\u0173 aliejus dr\u0117kina, didina odos stangrum\u0105 ir elastingum\u0105, skatina atsinaujinim\u0105 ir saugo nuo dr\u0117gm\u0117s praradimo. Naudojimas: Tepkite ant k\u016bno odos ir &scaron;velniai masa\u017euokite, kol susidarys putos, arba \u012fpilkite produkto \u012f voni\u0105. Kruop&scaron;\u010diai nuplaukite vandeniu. [&#8230;]\n","protected":false},"featured_media":87998,"template":"","meta":[],"product_cat":[1282],"product_tag":[],"class_list":{"0":"post-29691","1":"product","2":"type-product","3":"status-publish","4":"has-post-thumbnail","6":"product_brand-diu_pl-lt","7":"product_cat-duso-geliai-ir-duso-aliejai","9":"first","10":"outofstock","11":"taxable","12":"shipping-taxable","13":"product-type-simple"},"_links":{"self":[{"href":"https:\/\/e.kosmolat.eu\/lt\/wp-json\/wp\/v2\/product\/29691","targetHints":{"allow":["GET"]}}],"collection":[{"href":"https:\/\/e.kosmolat.eu\/lt\/wp-json\/wp\/v2\/product"}],"about":[{"href":"https:\/\/e.kosmolat.eu\/lt\/wp-json\/wp\/v2\/types\/product"}],"wp:featuredmedia":[{"embeddable":true,"href":"https:\/\/e.kosmolat.eu\/lt\/wp-json\/wp\/v2\/media\/87998"}],"wp:attachment":[{"href":"https:\/\/e.kosmolat.eu\/lt\/wp-json\/wp\/v2\/media?parent=29691"}],"wp:term":[{"taxonomy":"product_cat","embeddable":true,"href":"https:\/\/e.kosmolat.eu\/lt\/wp-json\/wp\/v2\/product_cat?post=29691"},{"taxonomy":"product_tag","embeddable":true,"href":"https:\/\/e.kosmolat.eu\/lt\/wp-json\/wp\/v2\/product_tag?post=29691"}],"curies":[{"name":"wp","href":"https:\/\/api.w.org\/{rel}","templated":true}]}}