{"id":29687,"date":"2023-12-19T19:37:22","date_gmt":"2023-12-19T19:37:22","guid":{"rendered":"https:\/\/e.kosmolat.eu\/product\/i_melado-mitrin-dusas-pienins-ar-auzu-ekstraktu-500-ml\/"},"modified":"2025-11-15T08:22:28","modified_gmt":"2025-11-15T08:22:28","slug":"i_melado-mitrin-dusas-pienins-ar-auzu-ekstraktu-500-ml","status":"publish","type":"product","link":"https:\/\/e.kosmolat.eu\/lt\/produktas\/i_melado-mitrin-dusas-pienins-ar-auzu-ekstraktu-500-ml\/","title":{"rendered":"MELADO Dr\u0117kinamasis du\u0161o pienelis su avi\u017e\u0173 ekstraktu, 500 ml"},"content":{"rendered":"<p>Vis\u0173 tip\u0173 odai. Aktyv\u016bs ingredientai stangrina, tonizuoja ir dr\u0117kina od\u0105. Avi\u017e\u0173 ekstraktas pasi\u017eymi apsauginiu, raminamuoju ir stangrinan\u010diu poveikiu, &scaron;alina odos sausum\u0105, tuo pa\u010diu valo ir lygina. Vynuogi\u0173 kauliuk\u0173 aliejus dr\u0117kina, didina odos stangrum\u0105 ir elastingum\u0105, skatina atsinaujinim\u0105 ir saugo nuo dr\u0117gm\u0117s praradimo.<\/p>\n<p><strong>Naudojimas: <\/strong>Tepkite ant k\u016bno odos ir &scaron;velniai masa\u017euokite, kol susidarys putos, arba \u012fpilkite produkto \u012f voni\u0105. Kruop&scaron;\u010diai nuplaukite vandeniu.<br \/>\n&nbsp;<\/p>\n","protected":false},"excerpt":{"rendered":"<p>Vis\u0173 tip\u0173 odai. Aktyv\u016bs ingredientai stangrina, tonizuoja ir dr\u0117kina od\u0105. Avi\u017e\u0173 ekstraktas pasi\u017eymi apsauginiu, raminamuoju ir stangrinan\u010diu poveikiu, &scaron;alina odos sausum\u0105, tuo pa\u010diu valo ir lygina. Vynuogi\u0173 kauliuk\u0173 aliejus dr\u0117kina, didina odos stangrum\u0105 ir elastingum\u0105, skatina atsinaujinim\u0105 ir saugo nuo dr\u0117gm\u0117s praradimo. Naudojimas: Tepkite ant k\u016bno odos ir &scaron;velniai masa\u017euokite, kol susidarys putos, arba \u012fpilkite [&#8230;]\n","protected":false},"featured_media":87994,"template":"","meta":[],"product_cat":[2181],"product_tag":[],"class_list":{"0":"post-29687","1":"product","2":"type-product","3":"status-publish","4":"has-post-thumbnail","6":"product_brand-diu_pl-lt","7":"product_cat-bez-kategorijas-lt","9":"first","10":"outofstock","11":"taxable","12":"shipping-taxable","13":"product-type-simple"},"_links":{"self":[{"href":"https:\/\/e.kosmolat.eu\/lt\/wp-json\/wp\/v2\/product\/29687","targetHints":{"allow":["GET"]}}],"collection":[{"href":"https:\/\/e.kosmolat.eu\/lt\/wp-json\/wp\/v2\/product"}],"about":[{"href":"https:\/\/e.kosmolat.eu\/lt\/wp-json\/wp\/v2\/types\/product"}],"wp:featuredmedia":[{"embeddable":true,"href":"https:\/\/e.kosmolat.eu\/lt\/wp-json\/wp\/v2\/media\/87994"}],"wp:attachment":[{"href":"https:\/\/e.kosmolat.eu\/lt\/wp-json\/wp\/v2\/media?parent=29687"}],"wp:term":[{"taxonomy":"product_cat","embeddable":true,"href":"https:\/\/e.kosmolat.eu\/lt\/wp-json\/wp\/v2\/product_cat?post=29687"},{"taxonomy":"product_tag","embeddable":true,"href":"https:\/\/e.kosmolat.eu\/lt\/wp-json\/wp\/v2\/product_tag?post=29687"}],"curies":[{"name":"wp","href":"https:\/\/api.w.org\/{rel}","templated":true}]}}