{"id":29659,"date":"2023-12-19T19:34:41","date_gmt":"2023-12-19T19:34:41","guid":{"rendered":"https:\/\/e.kosmolat.eu\/product\/natigobynature-dusas-zeleja-smutijs-mellene-un-kivi-400-ml\/"},"modified":"2025-09-20T00:25:07","modified_gmt":"2025-09-20T00:25:07","slug":"natigobynature-dusas-zeleja-smutijs-mellene-un-kivi-400-ml","status":"publish","type":"product","link":"https:\/\/e.kosmolat.eu\/lt\/produktas\/natigobynature-dusas-zeleja-smutijs-mellene-un-kivi-400-ml\/","title":{"rendered":"NATIGO BY NATURE Du\u0161o gelis m\u0117lyni\u0173 ir kivi\u0173 kokteilis, 400 ml"},"content":{"rendered":"<ul>\n<li>Kivi\u0173 ekstraktas gerina epidermio b\u016bkl\u0119, stiprina ir dr\u0117kina od\u0105. Turi dr\u0117kinam\u0105j\u012f, glotninam\u0105j\u012f ir raminam\u0105j\u012f poveik\u012f.<\/li>\n<li>M\u0117lyni\u0173 ekstraktas pasi\u017eymi antioksidaciniu poveikiu.<\/li>\n<li>Laktobiotilo komponento postbiotinis poveikis gerina sausos odos b\u016bkl\u0119, padeda atkurti dr\u0117gm\u0119 ir atstatyti odai spindes\u012f.<\/li>\n<li>Kokos\u0173 keval\u0173 mikrodalel\u0117s nu&scaron;vei\u010dia negyvas odos l\u0105steles.<\/li>\n<\/ul>\n<p><strong>Naudojimas: <\/strong>tepkite gel\u012f ant dr\u0117gn\u0173 rank\u0173 ir k\u016bno, masa\u017euokite, kol susidarys putos, tada kruop&scaron;\u010diai nuplaukite vandeniu.<br \/>\n&nbsp;<\/p>\n","protected":false},"excerpt":{"rendered":"<p>Kivi\u0173 ekstraktas gerina epidermio b\u016bkl\u0119, stiprina ir dr\u0117kina od\u0105. Turi dr\u0117kinam\u0105j\u012f, glotninam\u0105j\u012f ir raminam\u0105j\u012f poveik\u012f. M\u0117lyni\u0173 ekstraktas pasi\u017eymi antioksidaciniu poveikiu. Laktobiotilo komponento postbiotinis poveikis gerina sausos odos b\u016bkl\u0119, padeda atkurti dr\u0117gm\u0119 ir atstatyti odai spindes\u012f. Kokos\u0173 keval\u0173 mikrodalel\u0117s nu&scaron;vei\u010dia negyvas odos l\u0105steles. Naudojimas: tepkite gel\u012f ant dr\u0117gn\u0173 rank\u0173 ir k\u016bno, masa\u017euokite, kol susidarys putos, tada [&#8230;]\n","protected":false},"featured_media":87966,"template":"","meta":[],"product_cat":[1282],"product_tag":[],"class_list":{"0":"post-29659","1":"product","2":"type-product","3":"status-publish","4":"has-post-thumbnail","6":"product_brand-diu_pl-lt","7":"product_cat-duso-geliai-ir-duso-aliejai","9":"first","10":"outofstock","11":"taxable","12":"shipping-taxable","13":"product-type-simple"},"_links":{"self":[{"href":"https:\/\/e.kosmolat.eu\/lt\/wp-json\/wp\/v2\/product\/29659","targetHints":{"allow":["GET"]}}],"collection":[{"href":"https:\/\/e.kosmolat.eu\/lt\/wp-json\/wp\/v2\/product"}],"about":[{"href":"https:\/\/e.kosmolat.eu\/lt\/wp-json\/wp\/v2\/types\/product"}],"wp:featuredmedia":[{"embeddable":true,"href":"https:\/\/e.kosmolat.eu\/lt\/wp-json\/wp\/v2\/media\/87966"}],"wp:attachment":[{"href":"https:\/\/e.kosmolat.eu\/lt\/wp-json\/wp\/v2\/media?parent=29659"}],"wp:term":[{"taxonomy":"product_cat","embeddable":true,"href":"https:\/\/e.kosmolat.eu\/lt\/wp-json\/wp\/v2\/product_cat?post=29659"},{"taxonomy":"product_tag","embeddable":true,"href":"https:\/\/e.kosmolat.eu\/lt\/wp-json\/wp\/v2\/product_tag?post=29659"}],"curies":[{"name":"wp","href":"https:\/\/api.w.org\/{rel}","templated":true}]}}