{"id":29655,"date":"2023-12-19T19:34:18","date_gmt":"2023-12-19T19:34:18","guid":{"rendered":"https:\/\/e.kosmolat.eu\/product\/natigobynature-dusas-zeleja-smutijs-ananass-un-mango-400-ml\/"},"modified":"2025-11-11T09:32:21","modified_gmt":"2025-11-11T09:32:21","slug":"natigobynature-dusas-zeleja-smutijs-ananass-un-mango-400-ml","status":"publish","type":"product","link":"https:\/\/e.kosmolat.eu\/lt\/produktas\/natigobynature-dusas-zeleja-smutijs-ananass-un-mango-400-ml\/","title":{"rendered":"NATIGO BY NATURE Du\u0161o gelis ananas\u0173 ir mang\u0173 kokteilis, 400 ml"},"content":{"rendered":"<ul>\n<li>Mango ekstraktas gerina odos b\u016bkl\u0119, suvienodina atspalv\u012f. Dr\u0117kina od\u0105, atkuria elastingum\u0105 ir stangrum\u0105.<\/li>\n<li>Ananas\u0173 ekstraktas &scaron;vei\u010dia, valo ir ramina.<\/li>\n<li>Laktobiotilo komponento postbiotinis poveikis gerina sausos odos b\u016bkl\u0119, padeda atkurti dr\u0117gm\u0119 ir atstatyti odai spindes\u012f.<\/li>\n<li>Kokos\u0173 kevalo mikrodalel\u0117s nu&scaron;vei\u010dia negyvas odos l\u0105steles.<\/li>\n<\/ul>\n<p><strong>Naudojimas:<\/strong> tepkite gel\u012f ant dr\u0117gn\u0173 rank\u0173 ir k\u016bno, masa\u017euokite, kol susidarys putos, tada kruop&scaron;\u010diai nuplaukite vandeniu.<br \/>\n&nbsp;<\/p>\n","protected":false},"excerpt":{"rendered":"<p>Mango ekstraktas gerina odos b\u016bkl\u0119, suvienodina atspalv\u012f. Dr\u0117kina od\u0105, atkuria elastingum\u0105 ir stangrum\u0105. Ananas\u0173 ekstraktas &scaron;vei\u010dia, valo ir ramina. Laktobiotilo komponento postbiotinis poveikis gerina sausos odos b\u016bkl\u0119, padeda atkurti dr\u0117gm\u0119 ir atstatyti odai spindes\u012f. Kokos\u0173 kevalo mikrodalel\u0117s nu&scaron;vei\u010dia negyvas odos l\u0105steles. Naudojimas: tepkite gel\u012f ant dr\u0117gn\u0173 rank\u0173 ir k\u016bno, masa\u017euokite, kol susidarys putos, tada kruop&scaron;\u010diai [&#8230;]\n","protected":false},"featured_media":87962,"template":"","meta":[],"product_cat":[2181],"product_tag":[],"class_list":{"0":"post-29655","1":"product","2":"type-product","3":"status-publish","4":"has-post-thumbnail","6":"product_brand-diu_pl-lt","7":"product_cat-bez-kategorijas-lt","9":"first","10":"outofstock","11":"taxable","12":"shipping-taxable","13":"product-type-simple"},"_links":{"self":[{"href":"https:\/\/e.kosmolat.eu\/lt\/wp-json\/wp\/v2\/product\/29655","targetHints":{"allow":["GET"]}}],"collection":[{"href":"https:\/\/e.kosmolat.eu\/lt\/wp-json\/wp\/v2\/product"}],"about":[{"href":"https:\/\/e.kosmolat.eu\/lt\/wp-json\/wp\/v2\/types\/product"}],"wp:featuredmedia":[{"embeddable":true,"href":"https:\/\/e.kosmolat.eu\/lt\/wp-json\/wp\/v2\/media\/87962"}],"wp:attachment":[{"href":"https:\/\/e.kosmolat.eu\/lt\/wp-json\/wp\/v2\/media?parent=29655"}],"wp:term":[{"taxonomy":"product_cat","embeddable":true,"href":"https:\/\/e.kosmolat.eu\/lt\/wp-json\/wp\/v2\/product_cat?post=29655"},{"taxonomy":"product_tag","embeddable":true,"href":"https:\/\/e.kosmolat.eu\/lt\/wp-json\/wp\/v2\/product_tag?post=29655"}],"curies":[{"name":"wp","href":"https:\/\/api.w.org\/{rel}","templated":true}]}}