{"id":29635,"date":"2023-12-19T19:32:46","date_gmt":"2023-12-19T19:32:46","guid":{"rendered":"https:\/\/e.kosmolat.eu\/product\/natigobynature-dusas-pilinga-kokteilis-ar-aprikozi-300-ml\/"},"modified":"2025-10-06T07:32:59","modified_gmt":"2025-10-06T07:32:59","slug":"natigobynature-dusas-pilinga-kokteilis-ar-aprikozi-300-ml","status":"publish","type":"product","link":"https:\/\/e.kosmolat.eu\/lt\/produktas\/natigobynature-dusas-pilinga-kokteilis-ar-aprikozi-300-ml\/","title":{"rendered":"NATIGO BY NATURE Du\u0161o gelis-pilingas Abrikosas, 300 ml"},"content":{"rendered":"<p>Sud\u0117tyje yra veikliosios med\u017eiagos &ndash; persik\u0173 sul\u010di\u0173, kurios pasi\u017eymi antioksidacin\u0117mis savyb\u0117mis, skatina odos l\u0105steli\u0173 atsinaujinim\u0105, dr\u0117kina, gerina odos stangrum\u0105 ir elastingum\u0105, sutraukia poras, gerina odos spalv\u0105. Du&scaron;o \u017eel\u0117 turi kokos\u0173 keval\u0173 ir abrikos\u0173 kauliuk\u0173 daleles, kurios nu&scaron;vei\u010dia od\u0105, prisideda prie jos atsinaujinimo, valymo ir glotninimo.<\/p>\n<p><strong>Naudojimas: <\/strong>nedidel\u012f kiek\u012f gelio u\u017etepkite ant delno, suputokite, paskirstykite ant k\u016bno odos, gerai nuplaukite vandeniu.<br \/>\n&nbsp;<\/p>\n","protected":false},"excerpt":{"rendered":"<p>Sud\u0117tyje yra veikliosios med\u017eiagos &ndash; persik\u0173 sul\u010di\u0173, kurios pasi\u017eymi antioksidacin\u0117mis savyb\u0117mis, skatina odos l\u0105steli\u0173 atsinaujinim\u0105, dr\u0117kina, gerina odos stangrum\u0105 ir elastingum\u0105, sutraukia poras, gerina odos spalv\u0105. Du&scaron;o \u017eel\u0117 turi kokos\u0173 keval\u0173 ir abrikos\u0173 kauliuk\u0173 daleles, kurios nu&scaron;vei\u010dia od\u0105, prisideda prie jos atsinaujinimo, valymo ir glotninimo. Naudojimas: nedidel\u012f kiek\u012f gelio u\u017etepkite ant delno, suputokite, paskirstykite ant [&#8230;]\n","protected":false},"featured_media":87958,"template":"","meta":[],"product_cat":[1282],"product_tag":[],"class_list":{"0":"post-29635","1":"product","2":"type-product","3":"status-publish","4":"has-post-thumbnail","6":"product_brand-diu_pl-lt","7":"product_cat-duso-geliai-ir-duso-aliejai","9":"first","10":"outofstock","11":"taxable","12":"shipping-taxable","13":"product-type-simple"},"_links":{"self":[{"href":"https:\/\/e.kosmolat.eu\/lt\/wp-json\/wp\/v2\/product\/29635","targetHints":{"allow":["GET"]}}],"collection":[{"href":"https:\/\/e.kosmolat.eu\/lt\/wp-json\/wp\/v2\/product"}],"about":[{"href":"https:\/\/e.kosmolat.eu\/lt\/wp-json\/wp\/v2\/types\/product"}],"wp:featuredmedia":[{"embeddable":true,"href":"https:\/\/e.kosmolat.eu\/lt\/wp-json\/wp\/v2\/media\/87958"}],"wp:attachment":[{"href":"https:\/\/e.kosmolat.eu\/lt\/wp-json\/wp\/v2\/media?parent=29635"}],"wp:term":[{"taxonomy":"product_cat","embeddable":true,"href":"https:\/\/e.kosmolat.eu\/lt\/wp-json\/wp\/v2\/product_cat?post=29635"},{"taxonomy":"product_tag","embeddable":true,"href":"https:\/\/e.kosmolat.eu\/lt\/wp-json\/wp\/v2\/product_tag?post=29635"}],"curies":[{"name":"wp","href":"https:\/\/api.w.org\/{rel}","templated":true}]}}