{"id":29631,"date":"2023-12-19T19:32:24","date_gmt":"2023-12-19T19:32:24","guid":{"rendered":"https:\/\/e.kosmolat.eu\/product\/natigobynature-dusas-pilinga-kokteilis-ar-ananasu-300-ml\/"},"modified":"2025-09-20T00:24:16","modified_gmt":"2025-09-20T00:24:16","slug":"natigobynature-dusas-pilinga-kokteilis-ar-ananasu-300-ml","status":"publish","type":"product","link":"https:\/\/e.kosmolat.eu\/lt\/produktas\/natigobynature-dusas-pilinga-kokteilis-ar-ananasu-300-ml\/","title":{"rendered":"NATIGO BY NATURE Du\u0161o gelis-pilingas Ananasas, 300 ml"},"content":{"rendered":"<p>Sud\u0117tyje esantys komponentai ramina od\u0105, pagerina jos tonus\u0105 ir tekst\u016br\u0105. Du&scaron;o \u017eel\u0117 turi kokoso keval\u0173 ir abrikos\u0173 kauliuk\u0173 daleles, kurios nu&scaron;vei\u010dia od\u0105, prisideda prie jos atsinaujinimo, valymo ir glotninimo.<\/p>\n<p><strong>Naudojimas: <\/strong>nedidel\u012f kiek\u012f gelio u\u017etepkite ant delno, suputokite, paskirstykite ant k\u016bno odos, gerai nuplaukite vandeniu.<br \/>\n&nbsp;<\/p>\n","protected":false},"excerpt":{"rendered":"<p>Sud\u0117tyje esantys komponentai ramina od\u0105, pagerina jos tonus\u0105 ir tekst\u016br\u0105. Du&scaron;o \u017eel\u0117 turi kokoso keval\u0173 ir abrikos\u0173 kauliuk\u0173 daleles, kurios nu&scaron;vei\u010dia od\u0105, prisideda prie jos atsinaujinimo, valymo ir glotninimo. Naudojimas: nedidel\u012f kiek\u012f gelio u\u017etepkite ant delno, suputokite, paskirstykite ant k\u016bno odos, gerai nuplaukite vandeniu. &nbsp;<\/p>\n","protected":false},"featured_media":87954,"template":"","meta":[],"product_cat":[1282],"product_tag":[],"class_list":{"0":"post-29631","1":"product","2":"type-product","3":"status-publish","4":"has-post-thumbnail","6":"product_brand-diu_pl-lt","7":"product_cat-duso-geliai-ir-duso-aliejai","9":"first","10":"outofstock","11":"taxable","12":"shipping-taxable","13":"product-type-simple"},"_links":{"self":[{"href":"https:\/\/e.kosmolat.eu\/lt\/wp-json\/wp\/v2\/product\/29631","targetHints":{"allow":["GET"]}}],"collection":[{"href":"https:\/\/e.kosmolat.eu\/lt\/wp-json\/wp\/v2\/product"}],"about":[{"href":"https:\/\/e.kosmolat.eu\/lt\/wp-json\/wp\/v2\/types\/product"}],"wp:featuredmedia":[{"embeddable":true,"href":"https:\/\/e.kosmolat.eu\/lt\/wp-json\/wp\/v2\/media\/87954"}],"wp:attachment":[{"href":"https:\/\/e.kosmolat.eu\/lt\/wp-json\/wp\/v2\/media?parent=29631"}],"wp:term":[{"taxonomy":"product_cat","embeddable":true,"href":"https:\/\/e.kosmolat.eu\/lt\/wp-json\/wp\/v2\/product_cat?post=29631"},{"taxonomy":"product_tag","embeddable":true,"href":"https:\/\/e.kosmolat.eu\/lt\/wp-json\/wp\/v2\/product_tag?post=29631"}],"curies":[{"name":"wp","href":"https:\/\/api.w.org\/{rel}","templated":true}]}}