{"id":29627,"date":"2023-12-19T19:32:02","date_gmt":"2023-12-19T19:32:02","guid":{"rendered":"https:\/\/e.kosmolat.eu\/product\/natigobynature-dusas-pilinga-kokteilis-ar-laimu-300-ml\/"},"modified":"2025-09-20T00:23:59","modified_gmt":"2025-09-20T00:23:59","slug":"natigobynature-dusas-pilinga-kokteilis-ar-laimu-300-ml","status":"publish","type":"product","link":"https:\/\/e.kosmolat.eu\/lt\/produktas\/natigobynature-dusas-pilinga-kokteilis-ar-laimu-300-ml\/","title":{"rendered":"NATIGO BY NATURE Du\u0161o gelis-pilingas Laimas, 300 ml"},"content":{"rendered":"<p>Sud\u0117tyje yra veikliosios med\u017eiagos &ndash; kivi\u0173 sul\u010di\u0173, kurios prisideda prie negyv\u0173 odos &nbsp;l\u0105steli\u0173 &scaron;veitimo proceso reguliavimo, taip pagerindamos odos atsinaujinimo proces\u0105. Reguliuodamas riebal\u0173 gamyb\u0105 ir didindamas elastingum\u0105, pagerina hidratacij\u0105. Sud\u0117tyje yra abrikos\u0173 kauliuk\u0173 daleli\u0173 ir kivi\u0173 s\u0117kl\u0173, kurios nu&scaron;vei\u010dia od\u0105, padeda atnaujinti, i&scaron;valyti ir i&scaron;lyginti od\u0105.<\/p>\n<p><strong>Naudojimas:<\/strong> nedidel\u012f kiek\u012f gelio u\u017etepkite ant delno, suputokite, paskirstykite ant k\u016bno odos, gerai nuplaukite vandeniu.<br \/>\n&nbsp;<\/p>\n","protected":false},"excerpt":{"rendered":"<p>Sud\u0117tyje yra veikliosios med\u017eiagos &ndash; kivi\u0173 sul\u010di\u0173, kurios prisideda prie negyv\u0173 odos &nbsp;l\u0105steli\u0173 &scaron;veitimo proceso reguliavimo, taip pagerindamos odos atsinaujinimo proces\u0105. Reguliuodamas riebal\u0173 gamyb\u0105 ir didindamas elastingum\u0105, pagerina hidratacij\u0105. Sud\u0117tyje yra abrikos\u0173 kauliuk\u0173 daleli\u0173 ir kivi\u0173 s\u0117kl\u0173, kurios nu&scaron;vei\u010dia od\u0105, padeda atnaujinti, i&scaron;valyti ir i&scaron;lyginti od\u0105. Naudojimas: nedidel\u012f kiek\u012f gelio u\u017etepkite ant delno, suputokite, paskirstykite [&#8230;]\n","protected":false},"featured_media":87950,"template":"","meta":[],"product_cat":[1282],"product_tag":[],"class_list":{"0":"post-29627","1":"product","2":"type-product","3":"status-publish","4":"has-post-thumbnail","6":"product_brand-diu_pl-lt","7":"product_cat-duso-geliai-ir-duso-aliejai","9":"first","10":"outofstock","11":"taxable","12":"shipping-taxable","13":"product-type-simple"},"_links":{"self":[{"href":"https:\/\/e.kosmolat.eu\/lt\/wp-json\/wp\/v2\/product\/29627","targetHints":{"allow":["GET"]}}],"collection":[{"href":"https:\/\/e.kosmolat.eu\/lt\/wp-json\/wp\/v2\/product"}],"about":[{"href":"https:\/\/e.kosmolat.eu\/lt\/wp-json\/wp\/v2\/types\/product"}],"wp:featuredmedia":[{"embeddable":true,"href":"https:\/\/e.kosmolat.eu\/lt\/wp-json\/wp\/v2\/media\/87950"}],"wp:attachment":[{"href":"https:\/\/e.kosmolat.eu\/lt\/wp-json\/wp\/v2\/media?parent=29627"}],"wp:term":[{"taxonomy":"product_cat","embeddable":true,"href":"https:\/\/e.kosmolat.eu\/lt\/wp-json\/wp\/v2\/product_cat?post=29627"},{"taxonomy":"product_tag","embeddable":true,"href":"https:\/\/e.kosmolat.eu\/lt\/wp-json\/wp\/v2\/product_tag?post=29627"}],"curies":[{"name":"wp","href":"https:\/\/api.w.org\/{rel}","templated":true}]}}