{"id":29623,"date":"2023-12-19T19:31:32","date_gmt":"2023-12-19T19:31:32","guid":{"rendered":"https:\/\/e.kosmolat.eu\/product\/natigobynature-dusas-pilinga-kokteilis-ar-mandarinu-300-ml\/"},"modified":"2025-12-21T06:40:39","modified_gmt":"2025-12-21T06:40:39","slug":"natigobynature-dusas-pilinga-kokteilis-ar-mandarinu-300-ml","status":"publish","type":"product","link":"https:\/\/e.kosmolat.eu\/lt\/produktas\/natigobynature-dusas-pilinga-kokteilis-ar-mandarinu-300-ml\/","title":{"rendered":"NATIGO BY NATURE Du\u0161o gelis Mandarinas, 300 ml"},"content":{"rendered":"<p>Sud\u0117tyje yra veikliosios med\u017eiagos &ndash; mandarin\u0173 sultys, kurios pasi\u017eymi dr\u0117kinamuoju ir &scaron;viesinamuoju poveikiu, &scaron;velniai nu&scaron;vei\u010dia negyvas odos l\u0105steles, tod\u0117l oda tampa &scaron;velni, gerinama mikrocirkuliacija, odos elastingumas ir stangrumas. Sud\u0117tyje yra kokoso luk&scaron;to daleli\u0173, kurios nu&scaron;vei\u010dia od\u0105, padeda atnaujinti, i&scaron;valyti ir i&scaron;lyginti od\u0105.<\/p>\n<p><strong>Naudojimas:<\/strong> nedidel\u012f kiek\u012f gelio u\u017etepkite ant delno, suputokite, paskirstykite ant k\u016bno odos, gerai nuplaukite vandeniu.<br \/>\n&nbsp;<\/p>\n","protected":false},"excerpt":{"rendered":"<p>Sud\u0117tyje yra veikliosios med\u017eiagos &ndash; mandarin\u0173 sultys, kurios pasi\u017eymi dr\u0117kinamuoju ir &scaron;viesinamuoju poveikiu, &scaron;velniai nu&scaron;vei\u010dia negyvas odos l\u0105steles, tod\u0117l oda tampa &scaron;velni, gerinama mikrocirkuliacija, odos elastingumas ir stangrumas. Sud\u0117tyje yra kokoso luk&scaron;to daleli\u0173, kurios nu&scaron;vei\u010dia od\u0105, padeda atnaujinti, i&scaron;valyti ir i&scaron;lyginti od\u0105. Naudojimas: nedidel\u012f kiek\u012f gelio u\u017etepkite ant delno, suputokite, paskirstykite ant k\u016bno odos, gerai [&#8230;]\n","protected":false},"featured_media":87946,"template":"","meta":[],"product_cat":[2181],"product_tag":[],"class_list":{"0":"post-29623","1":"product","2":"type-product","3":"status-publish","4":"has-post-thumbnail","6":"product_brand-diu_pl-lt","7":"product_cat-bez-kategorijas-lt","9":"first","10":"outofstock","11":"taxable","12":"shipping-taxable","13":"product-type-simple"},"_links":{"self":[{"href":"https:\/\/e.kosmolat.eu\/lt\/wp-json\/wp\/v2\/product\/29623","targetHints":{"allow":["GET"]}}],"collection":[{"href":"https:\/\/e.kosmolat.eu\/lt\/wp-json\/wp\/v2\/product"}],"about":[{"href":"https:\/\/e.kosmolat.eu\/lt\/wp-json\/wp\/v2\/types\/product"}],"wp:featuredmedia":[{"embeddable":true,"href":"https:\/\/e.kosmolat.eu\/lt\/wp-json\/wp\/v2\/media\/87946"}],"wp:attachment":[{"href":"https:\/\/e.kosmolat.eu\/lt\/wp-json\/wp\/v2\/media?parent=29623"}],"wp:term":[{"taxonomy":"product_cat","embeddable":true,"href":"https:\/\/e.kosmolat.eu\/lt\/wp-json\/wp\/v2\/product_cat?post=29623"},{"taxonomy":"product_tag","embeddable":true,"href":"https:\/\/e.kosmolat.eu\/lt\/wp-json\/wp\/v2\/product_tag?post=29623"}],"curies":[{"name":"wp","href":"https:\/\/api.w.org\/{rel}","templated":true}]}}