{"id":29615,"date":"2023-12-19T19:30:34","date_gmt":"2023-12-19T19:30:34","guid":{"rendered":"https:\/\/e.kosmolat.eu\/product\/ec-zalie-mali-ar-dizdadza-un-arnikas-ekstraktu-40-g\/"},"modified":"2026-04-13T08:26:35","modified_gmt":"2026-04-13T08:26:35","slug":"ec-zalie-mali-ar-dizdadza-un-arnikas-ekstraktu-40-g","status":"publish","type":"product","link":"https:\/\/e.kosmolat.eu\/lt\/produktas\/ec-zalie-mali-ar-dizdadza-un-arnikas-ekstraktu-40-g\/","title":{"rendered":"ELEN COSMETICS \u017daliasis molis su varnal\u0117\u0161\u0173 ir arnik\u0173 ekstraktais, 40 g"},"content":{"rendered":"<p>Bet kokio tipo odai. Tonizuoja, ma\u017eina odos paburkim\u0105 ir paraudim\u0105, i&scaron;lygina tonus\u0105. Veikliosios med\u017eiagos: kaolinas, varnal\u0117&scaron;\u0173 &scaron;akn\u0173 ekstraktas, arnik\u0173 &nbsp;\u017eied\u0173 ekstraktas.<\/p>\n<p><strong>Naudojimo b\u016bdas:<\/strong><br \/>\n1. Kosmetin\u0117 kauk\u0117: nemetaliniame inde sumai&scaron;ykite mol\u012f su &scaron;iltu vandeniu iki tir&scaron;tos grietin\u0117s konsistencijos. Rekomenduojama tepti 1-2 kartus per savait\u0119.<br \/>\n1.1. Veido prie\u017ei\u016bra: u\u017etepkite kauk\u0119 ant nuvalyto veido, po 10-15 minu\u010di\u0173 nuplaukite &scaron;iltu vandeniu.<br \/>\n1.2. Galvos odos ir plauk\u0173 prie\u017ei\u016bra: U\u017etepkite kauk\u0119 ant galvos odos ir palikite 15-20 minu\u010di\u0173, tada nuplaukite &scaron;iltu vandeniu.<br \/>\n1.3. K\u016bno prie\u017ei\u016bra (\u012fvyniojimas): u\u017etepkite kauk\u0119 ant problemin\u0117s k\u016bno vietos, apvyniokite pl\u0117vele, kad sukurtum\u0117te pirties efekt\u0105 1 val. Nuplaukite kauk\u0119 &scaron;iltu vandeniu.<br \/>\n1.4. Molio vonios: 100-150 g molio i&scaron;tirpinkite vandenyje, i&scaron;simaudykite 20-30 min., po to k\u016bn\u0105 nuplaukite &scaron;iltu, o po to v\u0117siu vandeniu. Kursas &ndash; 10-12 voni\u0173.<\/p>\n<p><strong>Atsargumo priemon\u0117s:<\/strong> prie&scaron; naudodami mol\u012f turite i&scaron;bandyti ant nedidelio odos ploto. Jei pasirei&scaron;kia alergin\u0117 reakcija, nustokite vartoti. Naudojimo metu gali atsirasti deginimo poj\u016btis. Po naudojimo galimas nedidelis odos paraudimas, kuris praeina per trump\u0105 laik\u0105. Tik i&scaron;oriniam naudojimui. Patekus \u012f akis, plauti dideliu kiekiu tekan\u010diu vandeniu.<\/p>\n<p><strong>Kontraindikacijos:<\/strong> individualus jautrumas molio komponentams.<\/p>\n<p>Laikyti nuo +5&deg;\u0421 iki +25&deg;\u0421 temperat\u016broje ir 55-70 % santykin\u0117je dr\u0117gm\u0117je, nuo tiesiogini\u0173 saul\u0117s spinduli\u0173 apsaugotoje vietoje, ne ma\u017eesniu kaip vieno metro atstumu nuo auk&scaron;tos temperat\u016bros &scaron;altini\u0173.<\/p>\n<p><strong>Geriausias:<\/strong> 36 m\u0117n. nuo pagaminimo datos<br \/>\n&nbsp;<\/p>\n","protected":false},"excerpt":{"rendered":"<p>Bet kokio tipo odai. Tonizuoja, ma\u017eina odos paburkim\u0105 ir paraudim\u0105, i&scaron;lygina tonus\u0105. Veikliosios med\u017eiagos: kaolinas, varnal\u0117&scaron;\u0173 &scaron;akn\u0173 ekstraktas, arnik\u0173 &nbsp;\u017eied\u0173 ekstraktas. Naudojimo b\u016bdas: 1. Kosmetin\u0117 kauk\u0117: nemetaliniame inde sumai&scaron;ykite mol\u012f su &scaron;iltu vandeniu iki tir&scaron;tos grietin\u0117s konsistencijos. Rekomenduojama tepti 1-2 kartus per savait\u0119. 1.1. Veido prie\u017ei\u016bra: u\u017etepkite kauk\u0119 ant nuvalyto veido, po 10-15 minu\u010di\u0173 nuplaukite [&#8230;]\n","protected":false},"featured_media":87938,"template":"","meta":[],"product_cat":[2181],"product_tag":[],"class_list":{"0":"post-29615","1":"product","2":"type-product","3":"status-publish","4":"has-post-thumbnail","6":"product_brand-naturpro_ua-lt","7":"product_cat-bez-kategorijas-lt","9":"first","10":"outofstock","11":"taxable","12":"shipping-taxable","13":"product-type-simple"},"_links":{"self":[{"href":"https:\/\/e.kosmolat.eu\/lt\/wp-json\/wp\/v2\/product\/29615","targetHints":{"allow":["GET"]}}],"collection":[{"href":"https:\/\/e.kosmolat.eu\/lt\/wp-json\/wp\/v2\/product"}],"about":[{"href":"https:\/\/e.kosmolat.eu\/lt\/wp-json\/wp\/v2\/types\/product"}],"wp:featuredmedia":[{"embeddable":true,"href":"https:\/\/e.kosmolat.eu\/lt\/wp-json\/wp\/v2\/media\/87938"}],"wp:attachment":[{"href":"https:\/\/e.kosmolat.eu\/lt\/wp-json\/wp\/v2\/media?parent=29615"}],"wp:term":[{"taxonomy":"product_cat","embeddable":true,"href":"https:\/\/e.kosmolat.eu\/lt\/wp-json\/wp\/v2\/product_cat?post=29615"},{"taxonomy":"product_tag","embeddable":true,"href":"https:\/\/e.kosmolat.eu\/lt\/wp-json\/wp\/v2\/product_tag?post=29615"}],"curies":[{"name":"wp","href":"https:\/\/api.w.org\/{rel}","templated":true}]}}