{"id":29575,"date":"2023-12-19T19:27:32","date_gmt":"2023-12-19T19:27:32","guid":{"rendered":"https:\/\/e.kosmolat.eu\/product\/dr-hc-matu-maska-ingverskofeins-946-ml\/"},"modified":"2026-04-20T11:53:02","modified_gmt":"2026-04-20T11:53:02","slug":"i_the-doctor-hc-matu-maska-ingverskofeins-946-ml","status":"publish","type":"product","link":"https:\/\/e.kosmolat.eu\/lt\/produktas\/i_the-doctor-hc-matu-maska-ingverskofeins-946-ml\/","title":{"rendered":"THE DOCTOR HEALTH &#038; CARE Plauk\u0173 kauk\u0117 Stimuliuojanti Inmbieras + Kofeinas, 946 ml"},"content":{"rendered":"<p>Specialiai sukurtas su kofeinu ir imbiero eteriniu aliejumi.<\/p>\n<p><strong>Naudojimas: <\/strong>Tepkite ant \u0161vari\u0173, dr\u0117gn\u0173 plauk\u0173. Palaikykite 5 minutes, tada kruop\u0161\u010diai nuplaukite vandeniu.<\/p>\n<p><strong>Atsargumo priemon\u0117s:<\/strong> Patekus \u012f akis, kruop\u0161\u010diai nuplaukite dideliu kiekiu vandens. Galimas individualus jautrumas atskiriems produkto komponentams.<br \/>\n&nbsp;<\/p>\n","protected":false},"excerpt":{"rendered":"<p>Specialiai sukurtas su kofeinu ir imbiero eteriniu aliejumi. Naudojimas: Tepkite ant \u0161vari\u0173, dr\u0117gn\u0173 plauk\u0173. Palaikykite 5 minutes, tada kruop\u0161\u010diai nuplaukite vandeniu. Atsargumo priemon\u0117s: Patekus \u012f akis, kruop\u0161\u010diai nuplaukite dideliu kiekiu vandens. Galimas individualus jautrumas atskiriems produkto komponentams. &nbsp;<\/p>\n","protected":false},"featured_media":102745,"template":"","meta":[],"product_cat":[1256],"product_tag":[],"class_list":{"0":"post-29575","1":"product","2":"type-product","3":"status-publish","4":"has-post-thumbnail","6":"product_brand-elfa_ua-lt","7":"product_cat-plauku-kaukes","9":"first","10":"instock","11":"taxable","12":"shipping-taxable","13":"product-type-simple"},"_links":{"self":[{"href":"https:\/\/e.kosmolat.eu\/lt\/wp-json\/wp\/v2\/product\/29575","targetHints":{"allow":["GET"]}}],"collection":[{"href":"https:\/\/e.kosmolat.eu\/lt\/wp-json\/wp\/v2\/product"}],"about":[{"href":"https:\/\/e.kosmolat.eu\/lt\/wp-json\/wp\/v2\/types\/product"}],"wp:featuredmedia":[{"embeddable":true,"href":"https:\/\/e.kosmolat.eu\/lt\/wp-json\/wp\/v2\/media\/102745"}],"wp:attachment":[{"href":"https:\/\/e.kosmolat.eu\/lt\/wp-json\/wp\/v2\/media?parent=29575"}],"wp:term":[{"taxonomy":"product_cat","embeddable":true,"href":"https:\/\/e.kosmolat.eu\/lt\/wp-json\/wp\/v2\/product_cat?post=29575"},{"taxonomy":"product_tag","embeddable":true,"href":"https:\/\/e.kosmolat.eu\/lt\/wp-json\/wp\/v2\/product_tag?post=29575"}],"curies":[{"name":"wp","href":"https:\/\/api.w.org\/{rel}","templated":true}]}}