{"id":29571,"date":"2023-12-19T19:27:17","date_gmt":"2023-12-19T19:27:17","guid":{"rendered":"https:\/\/e.kosmolat.eu\/product\/bio-formula-kalk-nogul-un-katl-nonem-lidzeklis-500-ml\/"},"modified":"2026-05-08T16:45:30","modified_gmt":"2026-05-08T16:45:30","slug":"i_bio-formula-kalk-nogul-un-katl-nonem-lidzeklis-500-ml","status":"publish","type":"product","link":"https:\/\/e.kosmolat.eu\/lt\/produktas\/i_bio-formula-kalk-nogul-un-katl-nonem-lidzeklis-500-ml\/","title":{"rendered":"BIO FORMULA Priemon\u0117 kalki\u0173 ir apna\u0161\u0173 \u0161alinimui, 500 ml"},"content":{"rendered":"<p>Kavos aparatams, virduliams, indaplov\u0117ms ir skalbimo ma&scaron;inoms. Apsaugo nuo kalki\u0173 nuos\u0117d\u0173 ilg\u0105 laik\u0105. Prailgina tarnavimo laik\u0105. Veiksmingai pa&scaron;alina kalkes nuo virduli\u0173, kavos virimo aparat\u0173, kavos aparat\u0173, skalbimo ma&scaron;in\u0173 ir indaplovi\u0173.<\/p>\n<p><strong>Naudojimo b\u016bdas:<\/strong><br \/>\n&bull; virduliams: \u012f virdul\u012f \u012fpilkite tirpalo, kuriame yra 50-100 ml produkto 500 ml vandens, u\u017evirinkite, palikite 10-15 min., po to kelet\u0105 kart\u0173 gerai i&scaron;skalaukite virdulio ind\u0105 &scaron;variu vandeniu.<br \/>\n&bull; kavos virimo aparatams ir kavos aparatams: \u012f vandens bakel\u012f \u012fpilkite 50-100 ml produkto tirpalo 500 ml vandens, tada vadovaukit\u0117s \u012frangos gamintojo valymo instrukcijomis. Po valymo kelet\u0105 kart\u0173 kruop&scaron;\u010diai i&scaron;skalaukite kavos virimo aparato arba kavos aparato vid\u0173 &scaron;variu vandeniu.<br \/>\n&bull; skalbimo ma&scaron;inoms ir indaplov\u0117ms: \u012f ploviklio bakel\u012f supilkite 250 ml ploviklio, paleiskite plovimo program\u0105 ne \u017eemesn\u0117je kaip 60 \u2070\u0421 temperat\u016broje, indaplov\u0117je &#8211; intensyvaus plovimo re\u017eimas, palikite iki ciklo pabaigos. Profilaktikai proced\u016br\u0105 kartokite kart\u0105 per 3 m\u0117nesius.<\/p>\n<p><strong>Atsargumo priemon\u0117s: <\/strong>nemai&scaron;yti su kitomis valymo priemon\u0117mis. Nenaudokite ant pa\u017eeist\u0173 ar pa\u017eeist\u0173 pavir&scaron;i\u0173. ir r\u016bg&scaron;tims jautrius pavir&scaron;ius (\u017ealvaris, varis, aliuminis, cinkuotas metalas). Panaudoj\u0119 gamin\u012f, pakuot\u0119 i&scaron;meskite kaip buitines atliekas.<\/p>\n<p><strong>Laikymo s\u0105lygos:&nbsp;<\/strong>laikyti vertikalioje pad\u0117tyje sandariai u\u017edarytoje pakuot\u0117je, vaikams ir gyv\u016bnams nepasiekiamoje vietoje, apsaugotoje nuo tiesiogini\u0173 saul\u0117s spinduli\u0173, nuo 0 \u2070\u0421 iki +35 \u2070\u0421 temperat\u016broje, atskirai nuo maisto. Krituliai priimtini.&nbsp;Pagaminimo data, galiojimo laikas ir partijos numeris: \u017ei\u016br\u0117ti ant pakuot\u0117s.&nbsp;Laikyti vaikams neprieinamoje vietoje.<\/p>\n<p><strong>Sud\u0117tis:<\/strong> 5 % arba daugiau, bet ma\u017eiau kaip 15 % organin\u0117s r\u016bg&scaron;tys\/ citrinos r\u016bg&scaron;tis, sulfamo r\u016bg&scaron;tis.<\/p>\n<p>&nbsp;<\/p>\n<p><strong><img decoding=\"async\" alt=\"\" src=\"file:\/\/\/C:\/Users\/masha\/Desktop\/GHS07.png\" style=\"height:40px; width:40px\" \/>GHS07 Atsargiai<\/strong><br \/>\n<strong>H319<\/strong> Sukelia smark\u0173 aki\u0173 dirginim\u0105.<br \/>\nP102 Laikyti vaikams neprieinamoje vietoje<br \/>\nP264 Po naudojimo kruop&scaron;\u010diai nuplaukite rankas<br \/>\nP280 M\u016bv\u0117ti apsaugines pir&scaron;tines\/naudoti aki\u0173 apsaugos priemones.<br \/>\nP305+P351+P338 PATEKUS \u012e AKIS: Kelias minutes atsargiai plauti vandeniu. I&scaron;imti kontaktinius l\u0119&scaron;ius, jeigu jie yra ir jeigu lengvai galima tai padaryti. Toliau plauti akis.<br \/>\nP337+P313 Jei aki\u0173 dirginimas nepraeina: kreiptis \u012f gydytoj\u0105&nbsp;<br \/>\n&nbsp;<\/p>\n","protected":false},"excerpt":{"rendered":"<p>Kavos aparatams, virduliams, indaplov\u0117ms ir skalbimo ma&scaron;inoms. Apsaugo nuo kalki\u0173 nuos\u0117d\u0173 ilg\u0105 laik\u0105. Prailgina tarnavimo laik\u0105. Veiksmingai pa&scaron;alina kalkes nuo virduli\u0173, kavos virimo aparat\u0173, kavos aparat\u0173, skalbimo ma&scaron;in\u0173 ir indaplovi\u0173. Naudojimo b\u016bdas: &bull; virduliams: \u012f virdul\u012f \u012fpilkite tirpalo, kuriame yra 50-100 ml produkto 500 ml vandens, u\u017evirinkite, palikite 10-15 min., po to kelet\u0105 kart\u0173 gerai [&#8230;]\n","protected":false},"featured_media":97173,"template":"","meta":[],"product_cat":[1260],"product_tag":[],"class_list":{"0":"post-29571","1":"product","2":"type-product","3":"status-publish","4":"has-post-thumbnail","6":"product_brand-elfa_ua-lt","7":"product_cat-indaploviu-prieziuros-priemones","9":"first","10":"outofstock","11":"taxable","12":"shipping-taxable","13":"product-type-simple"},"_links":{"self":[{"href":"https:\/\/e.kosmolat.eu\/lt\/wp-json\/wp\/v2\/product\/29571","targetHints":{"allow":["GET"]}}],"collection":[{"href":"https:\/\/e.kosmolat.eu\/lt\/wp-json\/wp\/v2\/product"}],"about":[{"href":"https:\/\/e.kosmolat.eu\/lt\/wp-json\/wp\/v2\/types\/product"}],"wp:featuredmedia":[{"embeddable":true,"href":"https:\/\/e.kosmolat.eu\/lt\/wp-json\/wp\/v2\/media\/97173"}],"wp:attachment":[{"href":"https:\/\/e.kosmolat.eu\/lt\/wp-json\/wp\/v2\/media?parent=29571"}],"wp:term":[{"taxonomy":"product_cat","embeddable":true,"href":"https:\/\/e.kosmolat.eu\/lt\/wp-json\/wp\/v2\/product_cat?post=29571"},{"taxonomy":"product_tag","embeddable":true,"href":"https:\/\/e.kosmolat.eu\/lt\/wp-json\/wp\/v2\/product_tag?post=29571"}],"curies":[{"name":"wp","href":"https:\/\/api.w.org\/{rel}","templated":true}]}}