{"id":29567,"date":"2023-12-19T19:26:53","date_gmt":"2023-12-19T19:26:53","guid":{"rendered":"https:\/\/e.kosmolat.eu\/product\/dr-hc-matu-maska-sebo-stop-komplekss-946-ml\/"},"modified":"2025-09-16T05:20:31","modified_gmt":"2025-09-16T05:20:31","slug":"i_the-doctor-hc-matu-maska-sebo-stop-komplekss-946-ml","status":"publish","type":"product","link":"https:\/\/e.kosmolat.eu\/lt\/produktas\/i_the-doctor-hc-matu-maska-sebo-stop-komplekss-946-ml\/","title":{"rendered":"THE DOCTOR HEALTH &#038; CARE Dermatologin\u0117 plauk\u0173 kauk\u0117 B\u017e\u0173 degutas ir ichtiolas + Sebo-stop kompleksas,"},"content":{"rendered":"<p>Sud\u0117tyje yra deguto, ichtiolio ir Sebo-stop kompleksas &nbsp;i\u0161 gluosni\u0173 bei \u0105\u017euol\u0173 \u017eiev\u0117s ir apyni\u0173 spurg\u0173 nuoviro.<\/p>\n<p><strong>Naudojimas:<\/strong> Tepkite ant \u0161vari\u0173, dr\u0117gn\u0173 plauk\u0173. Palaikykite 5 minutes, tada kruop\u0161\u010diai nuplaukite vandeniu.<\/p>\n<p><strong>Atsargumo priemon\u0117s: <\/strong>Patekus \u012f akis, kruop\u0161\u010diai nuplaukite dideliu kiekiu vandens. Galimas individualus jautrumas atskiriems produkto komponentams.<br \/>\n&nbsp;<\/p>\n","protected":false},"excerpt":{"rendered":"<p>Sud\u0117tyje yra deguto, ichtiolio ir Sebo-stop kompleksas &nbsp;i\u0161 gluosni\u0173 bei \u0105\u017euol\u0173 \u017eiev\u0117s ir apyni\u0173 spurg\u0173 nuoviro. Naudojimas: Tepkite ant \u0161vari\u0173, dr\u0117gn\u0173 plauk\u0173. Palaikykite 5 minutes, tada kruop\u0161\u010diai nuplaukite vandeniu. Atsargumo priemon\u0117s: Patekus \u012f akis, kruop\u0161\u010diai nuplaukite dideliu kiekiu vandens. Galimas individualus jautrumas atskiriems produkto komponentams. &nbsp;<\/p>\n","protected":false},"featured_media":0,"template":"","meta":[],"product_cat":[2181],"product_tag":[],"class_list":{"0":"post-29567","1":"product","2":"type-product","3":"status-publish","5":"product_brand-elfa_ua-lt","6":"product_cat-bez-kategorijas-lt","8":"first","9":"outofstock","10":"taxable","11":"shipping-taxable","12":"product-type-simple"},"_links":{"self":[{"href":"https:\/\/e.kosmolat.eu\/lt\/wp-json\/wp\/v2\/product\/29567","targetHints":{"allow":["GET"]}}],"collection":[{"href":"https:\/\/e.kosmolat.eu\/lt\/wp-json\/wp\/v2\/product"}],"about":[{"href":"https:\/\/e.kosmolat.eu\/lt\/wp-json\/wp\/v2\/types\/product"}],"wp:attachment":[{"href":"https:\/\/e.kosmolat.eu\/lt\/wp-json\/wp\/v2\/media?parent=29567"}],"wp:term":[{"taxonomy":"product_cat","embeddable":true,"href":"https:\/\/e.kosmolat.eu\/lt\/wp-json\/wp\/v2\/product_cat?post=29567"},{"taxonomy":"product_tag","embeddable":true,"href":"https:\/\/e.kosmolat.eu\/lt\/wp-json\/wp\/v2\/product_tag?post=29567"}],"curies":[{"name":"wp","href":"https:\/\/api.w.org\/{rel}","templated":true}]}}