{"id":109609,"date":"2026-05-14T09:18:34","date_gmt":"2026-05-14T09:18:34","guid":{"rendered":"https:\/\/e.kosmolat.eu\/product\/bradoline-alex-sport-vir-dezod-sprejs-xxl-250-%d0%bce\/"},"modified":"2026-05-14T09:18:44","modified_gmt":"2026-05-14T09:18:44","slug":"bradoline-alex-sport-vir-dezod-sprejs-xxl-250-%d0%bce","status":"publish","type":"product","link":"https:\/\/e.kosmolat.eu\/lt\/produktas\/bradoline-alex-sport-vir-dezod-sprejs-xxl-250-%d0%bce\/","title":{"rendered":"BRADOLINE Alex Sport vyri\u0161kas pur\u0161kiamas dezodorantas XXL, 250 ml"},"content":{"rendered":"<p>Suteikia ilgalaik\u0119 apsaug\u0105 nuo prakaito kvapo ir gaivumo poj\u016bt\u012f vis\u0105 dien\u0105. Prie&scaron; naudojim\u0105 gerai suplakti. Purk&scaron;kite tiesiai ant odos bent 15 cm atstumu. Nenaudokite ant sudirgusios ar pa\u017eeistos odos. Venkite patekimo \u012f akis.<\/p>\n<p>&nbsp;<\/p>\n<p><strong>GHS02 Pavojinga<\/strong><\/p>\n<p><strong>H222 <\/strong>Ypa\u010d degus aerozolis.<\/p>\n<p><strong>H229 <\/strong>Sl\u0117gin\u0117 talpykla. Kaitinama gali sprogti.<\/p>\n<p>P102 Laikyti vaikams neprieinamoje vietoje<\/p>\n<p>P210 Laikyti atokiau nuo &scaron;ilumos &scaron;altini\u0173, kar&scaron;t\u0173 pavir&scaron;i\u0173, \u017eie\u017eirb\u0173, atviros liepsnos arba kit\u0173 degimo &scaron;altini\u0173. Ner\u016bkyti.<\/p>\n<p>P211 Nepurk&scaron;ti \u012f atvir\u0105 liepsn\u0105 arba kitus degimo &scaron;altinius.<\/p>\n<p>P251 Nepradurti ir nedeginti net panaudoto.&nbsp;&nbsp;&nbsp;&nbsp;&nbsp;&nbsp;&nbsp;&nbsp;&nbsp;&nbsp;&nbsp;&nbsp;&nbsp;&nbsp;&nbsp;&nbsp;&nbsp;&nbsp;&nbsp;&nbsp;&nbsp;&nbsp;&nbsp;&nbsp;&nbsp;&nbsp;&nbsp;&nbsp;<\/p>\n<p>P410+P412 Saugoti nuo saul\u0117s &scaron;viesos. Nelaikyti auk&scaron;tesn\u0117je kaip 50 &deg;C \/122 &deg;F temperat\u016broje.<\/p>\n","protected":false},"excerpt":{"rendered":"<p>Suteikia ilgalaik\u0119 apsaug\u0105 nuo prakaito kvapo ir gaivumo poj\u016bt\u012f vis\u0105 dien\u0105. Prie&scaron; naudojim\u0105 gerai suplakti. Purk&scaron;kite tiesiai ant odos bent 15 cm atstumu. Nenaudokite ant sudirgusios ar pa\u017eeistos odos. Venkite patekimo \u012f akis. &nbsp; GHS02 Pavojinga H222 Ypa\u010d degus aerozolis. H229 Sl\u0117gin\u0117 talpykla. Kaitinama gali sprogti. P102 Laikyti vaikams neprieinamoje vietoje P210 Laikyti atokiau nuo [&#8230;]\n","protected":false},"featured_media":109611,"template":"","meta":[],"product_cat":[1694],"product_tag":[],"class_list":{"0":"post-109609","1":"product","2":"type-product","3":"status-publish","4":"has-post-thumbnail","6":"product_brand-florin_hu-lt","7":"product_cat-dezodorantai-vyrams-2","9":"first","10":"instock","11":"taxable","12":"shipping-taxable","13":"product-type-simple"},"_links":{"self":[{"href":"https:\/\/e.kosmolat.eu\/lt\/wp-json\/wp\/v2\/product\/109609","targetHints":{"allow":["GET"]}}],"collection":[{"href":"https:\/\/e.kosmolat.eu\/lt\/wp-json\/wp\/v2\/product"}],"about":[{"href":"https:\/\/e.kosmolat.eu\/lt\/wp-json\/wp\/v2\/types\/product"}],"wp:featuredmedia":[{"embeddable":true,"href":"https:\/\/e.kosmolat.eu\/lt\/wp-json\/wp\/v2\/media\/109611"}],"wp:attachment":[{"href":"https:\/\/e.kosmolat.eu\/lt\/wp-json\/wp\/v2\/media?parent=109609"}],"wp:term":[{"taxonomy":"product_cat","embeddable":true,"href":"https:\/\/e.kosmolat.eu\/lt\/wp-json\/wp\/v2\/product_cat?post=109609"},{"taxonomy":"product_tag","embeddable":true,"href":"https:\/\/e.kosmolat.eu\/lt\/wp-json\/wp\/v2\/product_tag?post=109609"}],"curies":[{"name":"wp","href":"https:\/\/api.w.org\/{rel}","templated":true}]}}