{"id":109536,"date":"2026-05-14T07:21:41","date_gmt":"2026-05-14T07:21:41","guid":{"rendered":"https:\/\/e.kosmolat.eu\/product\/beas-dekorat-automas-gaisa-atsvaidz-melone-un-mango-8-ml\/"},"modified":"2026-05-14T07:21:53","modified_gmt":"2026-05-14T07:21:53","slug":"beas-dekorat-automas-gaisa-atsvaidz-melone-un-mango-8-ml","status":"publish","type":"product","link":"https:\/\/e.kosmolat.eu\/lt\/produktas\/beas-dekorat-automas-gaisa-atsvaidz-melone-un-mango-8-ml\/","title":{"rendered":"BEA`S dekoratyvinis automobilio oro gaiviklis melionas ir mangas, 8 ml"},"content":{"rendered":"<p><strong>Naudojimo instrukcija: <\/strong>Prie&scaron; naudodami atid\u017eiai perskaitykite saugos instrukcijas.<br \/>\n1) Atidarykite dangtel\u012f ir i&scaron;imkite plastikin\u012f kam&scaron;t\u012f. U\u017edarykite dangtel\u012f.<br \/>\n2) Buteliuk\u0105 suplakite kart\u0105 per dien\u0105, kad kvapas pasiskirstyt\u0173 tolygiai. Nor\u0117dami reguliuoti kvapo intensyvum\u0105, galite padidinti arba suma\u017einti purtym\u0173 skai\u010di\u0173.<br \/>\n3) Kad i&scaron;vengtum\u0117te atsitiktinio i&scaron;siliejimo, \u012fsitikinkite, kad produktas yra sandariai u\u017edarytas. Ned\u0117kite ant poliruot\u0173, da\u017eyt\u0173 ar plastikini\u0173 pavir&scaron;i\u0173. I&scaron;siliejus, nedelsdami nuvalykite pavir&scaron;i\u0173. Galima naudoti bet kurioje norimoje vietoje.<\/p>\n<p>Saugoti v\u0117sioje, sausoje vietoje. Geriausias 24 m\u0117n. nuo pagaminimo datos.<\/p>\n<p><strong>Sud\u0117tis:<\/strong> 30 % ir daugiau etanolio. Kvapai\/ Linalool, Hydroxycitronellal, Limonene.<\/p>\n<p>&nbsp;<\/p>\n<p><strong>GHS02 Pavojinga<br \/>\nH225<\/strong> Labai deg\u016bs skystis ir garai.<br \/>\n<strong>GHS07 Atsargiai&nbsp;&nbsp;&nbsp;&nbsp;&nbsp;&nbsp;&nbsp;&nbsp;&nbsp;&nbsp;&nbsp;&nbsp;&nbsp;&nbsp;&nbsp;&nbsp;&nbsp;&nbsp;&nbsp;&nbsp;&nbsp;&nbsp;&nbsp;&nbsp;&nbsp;&nbsp;&nbsp;&nbsp;&nbsp;&nbsp;&nbsp;&nbsp;&nbsp;&nbsp;&nbsp;&nbsp;&nbsp;&nbsp;&nbsp;&nbsp;&nbsp;&nbsp;&nbsp;&nbsp;&nbsp;&nbsp;&nbsp;&nbsp;&nbsp;&nbsp; <\/strong><br \/>\n<strong>H315<\/strong> Dirgina od\u0105&nbsp;&nbsp;&nbsp;&nbsp;&nbsp; &nbsp;&nbsp;&nbsp;&nbsp;&nbsp;&nbsp;&nbsp;&nbsp;&nbsp;&nbsp;&nbsp;&nbsp;&nbsp;&nbsp;&nbsp;&nbsp;&nbsp;&nbsp;&nbsp;&nbsp;&nbsp;&nbsp;&nbsp;&nbsp;&nbsp;&nbsp;&nbsp;&nbsp;&nbsp;&nbsp;&nbsp;&nbsp;&nbsp;&nbsp;&nbsp;&nbsp;&nbsp;&nbsp;<br \/>\n<strong>H319<\/strong> Sukelia smark\u0173 aki\u0173 dirginim\u0105.&nbsp;&nbsp;&nbsp;&nbsp;&nbsp;&nbsp;<br \/>\n<strong>H317<\/strong> Gali sukelti alergin\u0119 odos reakcij\u0105.&nbsp;&nbsp;&nbsp;&nbsp;&nbsp;&nbsp;&nbsp;&nbsp;<br \/>\n<strong>H410 <\/strong>Labai toksi&scaron;ka vandens organizmams, sukelia ilgalaikius pakitimus.<br \/>\nP101 Jei reikalinga gydytojo konsultacija, su savimi tur\u0117kite produkto talpykl\u0105 ar jo etiket\u0119.<br \/>\nP102 Laikyti vaikams neprieinamoje vietoje.<br \/>\nP103 Prie&scaron; naudojim\u0105 perskaityti etiket\u0119.<br \/>\nP210 Laikyti atokiau nuo &scaron;ilumos &scaron;altini\u0173, kar&scaron;t\u0173 pavir&scaron;i\u0173, \u017eie\u017eirb\u0173, atviros liepsnos arba kit\u0173 degimo &scaron;altini\u0173. Ner\u016bkyti.<br \/>\nP261 Stengtis ne\u012fkv\u0117pti gar\u0173.<br \/>\nP273 Saugoti, kad nepatekt\u0173 \u012f aplink\u0105.&nbsp;&nbsp;&nbsp;&nbsp;<br \/>\nP280 M\u016bv\u0117ti apsaugines pir&scaron;tines\/naudoti aki\u0173 (veido) apsaugos priemones.<br \/>\nP303+P361+P353 PATEKUS ANT ODOS (arba plauk\u0173): nedelsiant nuvilkti visus u\u017eter&scaron;tus drabu\u017eius. Od\u0105 nuplauti vandeniu [arba \u010diurk&scaron;le].<br \/>\nP333+P313 Jeigu sudirginama oda arba j\u0105 i&scaron;beria: kreiptis \u012f gydytoj\u0105.&nbsp;&nbsp; P305+P351+P338 PATEKUS \u012e AKIS: Kelias minutes atsargiai plauti vandeniu. I&scaron;imti kontaktinius l\u0119&scaron;ius, jeigu jie yra ir jeigu lengvai galima tai padaryti. Toliau plauti akis.<br \/>\nP337+P313 Jei aki\u0173 dirginimas nepraeina: kreiptis \u012f gydytoj\u0105.&nbsp;&nbsp;&nbsp;&nbsp;&nbsp;&nbsp;&nbsp;&nbsp;&nbsp;&nbsp;&nbsp;&nbsp;&nbsp;&nbsp;&nbsp;&nbsp;&nbsp;&nbsp;&nbsp;&nbsp;&nbsp;&nbsp;&nbsp;&nbsp;&nbsp;&nbsp;&nbsp;<br \/>\nP321 Specialus gydymas (nuplaukite kontakto vietas muilu ir vandeniu).<br \/>\nP403+P235 Laikyti gerai v\u0117dinamoje vietoje. Talpykl\u0105 laikyti sandariai u\u017edaryt\u0105.<br \/>\nP501 Turin\u012f\/talpykl\u0105 i&scaron;pilti (i&scaron;mesti) &#8211; sunaudot\u0105&nbsp; pakuot\u0117 utilizuoti&nbsp; kaip buitines atliekas.<\/p>\n","protected":false},"excerpt":{"rendered":"<p>Naudojimo instrukcija: Prie&scaron; naudodami atid\u017eiai perskaitykite saugos instrukcijas. 1) Atidarykite dangtel\u012f ir i&scaron;imkite plastikin\u012f kam&scaron;t\u012f. U\u017edarykite dangtel\u012f. 2) Buteliuk\u0105 suplakite kart\u0105 per dien\u0105, kad kvapas pasiskirstyt\u0173 tolygiai. Nor\u0117dami reguliuoti kvapo intensyvum\u0105, galite padidinti arba suma\u017einti purtym\u0173 skai\u010di\u0173. 3) Kad i&scaron;vengtum\u0117te atsitiktinio i&scaron;siliejimo, \u012fsitikinkite, kad produktas yra sandariai u\u017edarytas. Ned\u0117kite ant poliruot\u0173, da\u017eyt\u0173 ar plastikini\u0173 pavir&scaron;i\u0173. [&#8230;]\n","protected":false},"featured_media":109538,"template":"","meta":[],"product_cat":[1524],"product_tag":[],"class_list":{"0":"post-109536","1":"product","2":"type-product","3":"status-publish","4":"has-post-thumbnail","6":"product_brand-vexes_fon_tr-lt","7":"product_cat-oro-gaivikliai-namu-kvapikliai","9":"first","10":"instock","11":"taxable","12":"shipping-taxable","13":"product-type-simple"},"_links":{"self":[{"href":"https:\/\/e.kosmolat.eu\/lt\/wp-json\/wp\/v2\/product\/109536","targetHints":{"allow":["GET"]}}],"collection":[{"href":"https:\/\/e.kosmolat.eu\/lt\/wp-json\/wp\/v2\/product"}],"about":[{"href":"https:\/\/e.kosmolat.eu\/lt\/wp-json\/wp\/v2\/types\/product"}],"wp:featuredmedia":[{"embeddable":true,"href":"https:\/\/e.kosmolat.eu\/lt\/wp-json\/wp\/v2\/media\/109538"}],"wp:attachment":[{"href":"https:\/\/e.kosmolat.eu\/lt\/wp-json\/wp\/v2\/media?parent=109536"}],"wp:term":[{"taxonomy":"product_cat","embeddable":true,"href":"https:\/\/e.kosmolat.eu\/lt\/wp-json\/wp\/v2\/product_cat?post=109536"},{"taxonomy":"product_tag","embeddable":true,"href":"https:\/\/e.kosmolat.eu\/lt\/wp-json\/wp\/v2\/product_tag?post=109536"}],"curies":[{"name":"wp","href":"https:\/\/api.w.org\/{rel}","templated":true}]}}