{"id":108437,"date":"2026-05-09T01:56:56","date_gmt":"2026-05-09T01:56:56","guid":{"rendered":"https:\/\/e.kosmolat.eu\/product\/helia-d-hydramax-micelerais-udens-kosmetikas-nonemsanai-400-ml\/"},"modified":"2026-05-09T01:57:07","modified_gmt":"2026-05-09T01:57:07","slug":"helia-d-hydramax-micelerais-udens-kosmetikas-nonemsanai-400-ml","status":"publish","type":"product","link":"https:\/\/e.kosmolat.eu\/lt\/produktas\/helia-d-hydramax-micelerais-udens-kosmetikas-nonemsanai-400-ml\/","title":{"rendered":"HELIA-D HydraMax micelinis vanduo makia\u017eui valyti, 400 ml"},"content":{"rendered":"<p>Valo ir puosel\u0117ja od\u0105, pa\u0161alina makia\u017e\u0105 ir suteikia raminam\u0105j\u012f bei dr\u0117kinam\u0105j\u012f poveik\u012f aki\u0173 ir l\u016bp\u0173 srityje. Sud\u0117tyje yra miceli\u0173, kurios \u0161velniai pa\u0161alina ne\u0161varumus, ir provitamino B5, kuris maitina od\u0105 ir atkuria jos vandens balans\u0105. <\/p>\n<p>Naudojimas: Ryte ir vakare \u0161velniai nuvalykite veid\u0105, aki\u0173 ir l\u016bp\u0173 srit\u012f vatos diskeliu suvilgytu priemone..Laikyti +5\u2013+25 \u00b0C temperat\u016broje.<\/p>\n","protected":false},"excerpt":{"rendered":"<p>Valo ir puosel\u0117ja od\u0105, pa\u0161alina makia\u017e\u0105 ir suteikia raminam\u0105j\u012f bei dr\u0117kinam\u0105j\u012f poveik\u012f aki\u0173 ir l\u016bp\u0173 srityje. Sud\u0117tyje yra miceli\u0173, kurios \u0161velniai pa\u0161alina ne\u0161varumus, ir provitamino B5, kuris maitina od\u0105 ir atkuria jos vandens balans\u0105. Naudojimas: Ryte ir vakare \u0161velniai nuvalykite veid\u0105, aki\u0173 ir l\u016bp\u0173 srit\u012f vatos diskeliu suvilgytu priemone..Laikyti +5\u2013+25 \u00b0C temperat\u016broje.<\/p>\n","protected":false},"featured_media":108439,"template":"","meta":[],"product_cat":[1570],"product_tag":[],"class_list":{"0":"post-108437","1":"product","2":"type-product","3":"status-publish","4":"has-post-thumbnail","6":"product_brand-heliad_hu-lt","7":"product_cat-micelinis-vanduo","9":"first","10":"instock","11":"taxable","12":"shipping-taxable","13":"product-type-simple"},"_links":{"self":[{"href":"https:\/\/e.kosmolat.eu\/lt\/wp-json\/wp\/v2\/product\/108437","targetHints":{"allow":["GET"]}}],"collection":[{"href":"https:\/\/e.kosmolat.eu\/lt\/wp-json\/wp\/v2\/product"}],"about":[{"href":"https:\/\/e.kosmolat.eu\/lt\/wp-json\/wp\/v2\/types\/product"}],"wp:featuredmedia":[{"embeddable":true,"href":"https:\/\/e.kosmolat.eu\/lt\/wp-json\/wp\/v2\/media\/108439"}],"wp:attachment":[{"href":"https:\/\/e.kosmolat.eu\/lt\/wp-json\/wp\/v2\/media?parent=108437"}],"wp:term":[{"taxonomy":"product_cat","embeddable":true,"href":"https:\/\/e.kosmolat.eu\/lt\/wp-json\/wp\/v2\/product_cat?post=108437"},{"taxonomy":"product_tag","embeddable":true,"href":"https:\/\/e.kosmolat.eu\/lt\/wp-json\/wp\/v2\/product_tag?post=108437"}],"curies":[{"name":"wp","href":"https:\/\/api.w.org\/{rel}","templated":true}]}}