{"id":108429,"date":"2026-05-09T01:48:34","date_gmt":"2026-05-09T01:48:34","guid":{"rendered":"https:\/\/e.kosmolat.eu\/product\/aroma-labora-skin-def-micelar-udens-jut-adai-250-ml\/"},"modified":"2026-05-09T01:48:44","modified_gmt":"2026-05-09T01:48:44","slug":"aroma-labora-skin-def-micelar-udens-jut-adai-250-ml","status":"publish","type":"product","link":"https:\/\/e.kosmolat.eu\/lt\/produktas\/aroma-labora-skin-def-micelar-udens-jut-adai-250-ml\/","title":{"rendered":"AROMA LABORA Skin Defence micelinis vanduo jautriai odai, 250 ml"},"content":{"rendered":"<p>Efektyviai valo ir pa\u0161alina vandeniui atspar\u0173 makia\u017e\u0105 bei ne\u0161varumus nesausindamas odos. \u0160velni formul\u0117, pagaminta i\u0161 99 % nat\u016bralios kilm\u0117s ingredient\u0173, yra be sulfat\u0173, alkoholio ir da\u017eikli\u0173. Ji gaivina, ramina ir palieka od\u0105 \u0161vari\u0105, \u0161velni\u0105 ir stangri\u0105. Tinka veidui ir aki\u0173 sri\u010diai. Su hipoalerginiu aromatu. Tinka jautriai odai.<\/p>\n<p>Naudojimas: Tepkite veid\u0105 ir paaki\u0173 srit\u012f vatos diskeliu. Nuplauti nereikia. Optimaliam valymui naudokite kartu su \u201eAroma Labora Skin Defense\u201c miceliniu valomuoju geliu.<\/p>\n","protected":false},"excerpt":{"rendered":"<p>Efektyviai valo ir pa\u0161alina vandeniui atspar\u0173 makia\u017e\u0105 bei ne\u0161varumus nesausindamas odos. \u0160velni formul\u0117, pagaminta i\u0161 99 % nat\u016bralios kilm\u0117s ingredient\u0173, yra be sulfat\u0173, alkoholio ir da\u017eikli\u0173. Ji gaivina, ramina ir palieka od\u0105 \u0161vari\u0105, \u0161velni\u0105 ir stangri\u0105. Tinka veidui ir aki\u0173 sri\u010diai. Su hipoalerginiu aromatu. Tinka jautriai odai. Naudojimas: Tepkite veid\u0105 ir paaki\u0173 srit\u012f vatos diskeliu. [&#8230;]\n","protected":false},"featured_media":108431,"template":"","meta":[],"product_cat":[1570],"product_tag":[],"class_list":{"0":"post-108429","1":"product","2":"type-product","3":"status-publish","4":"has-post-thumbnail","6":"product_brand-aroma-bg-lt","7":"product_cat-micelinis-vanduo","9":"first","10":"instock","11":"taxable","12":"shipping-taxable","13":"product-type-simple"},"_links":{"self":[{"href":"https:\/\/e.kosmolat.eu\/lt\/wp-json\/wp\/v2\/product\/108429","targetHints":{"allow":["GET"]}}],"collection":[{"href":"https:\/\/e.kosmolat.eu\/lt\/wp-json\/wp\/v2\/product"}],"about":[{"href":"https:\/\/e.kosmolat.eu\/lt\/wp-json\/wp\/v2\/types\/product"}],"wp:featuredmedia":[{"embeddable":true,"href":"https:\/\/e.kosmolat.eu\/lt\/wp-json\/wp\/v2\/media\/108431"}],"wp:attachment":[{"href":"https:\/\/e.kosmolat.eu\/lt\/wp-json\/wp\/v2\/media?parent=108429"}],"wp:term":[{"taxonomy":"product_cat","embeddable":true,"href":"https:\/\/e.kosmolat.eu\/lt\/wp-json\/wp\/v2\/product_cat?post=108429"},{"taxonomy":"product_tag","embeddable":true,"href":"https:\/\/e.kosmolat.eu\/lt\/wp-json\/wp\/v2\/product_tag?post=108429"}],"curies":[{"name":"wp","href":"https:\/\/api.w.org\/{rel}","templated":true}]}}