{"id":108421,"date":"2026-05-09T01:48:15","date_gmt":"2026-05-09T01:48:15","guid":{"rendered":"https:\/\/e.kosmolat.eu\/product\/aroma-labora-skin-def-micel-sejas-mazg-zel-jutigai-ad-150-ml\/"},"modified":"2026-05-09T01:48:24","modified_gmt":"2026-05-09T01:48:24","slug":"aroma-labora-skin-def-micel-sejas-mazg-zel-jutigai-ad-150-ml","status":"publish","type":"product","link":"https:\/\/e.kosmolat.eu\/lt\/produktas\/aroma-labora-skin-def-micel-sejas-mazg-zel-jutigai-ad-150-ml\/","title":{"rendered":"AROMA LABORA Skin Defense micelinis valomasis gelis jautriai odai, 150 ml"},"content":{"rendered":"<p>U\u017etikrina kasdien\u0119 veido prie\u017ei\u016br\u0105, \u0161velniai valo ir pa\u0161alina makia\u017e\u0105, riebal\u0173 pertekli\u0173 ir ne\u0161varumus. Formul\u0117, pagaminta i\u0161 95 % nat\u016bralios kilm\u0117s ingredient\u0173, praturtinta hialurono r\u016bg\u0161timi, \u017ealiosios arbatos ekstraktu ir D-pantenoliu, kurie dr\u0117kina, ramina ir mink\u0161tina od\u0105. Po valymo oda lieka \u0161vari, lygi ir gaivi. Tinka jautriai odai, be alkoholio ir da\u017eikli\u0173.<\/p>\n<p>Naudojimas: Nedidel\u012f kiek\u012f gelio u\u017etepkite ant dr\u0117gnos odos ir \u0161velniai \u012fmasa\u017euokite. Nuplaukite vandeniu. Optimaliam valymui naudokite kartu su \u201eAroma Labora Skin Defense\u201c miceliniu vandeniu.<\/p>\n","protected":false},"excerpt":{"rendered":"<p>U\u017etikrina kasdien\u0119 veido prie\u017ei\u016br\u0105, \u0161velniai valo ir pa\u0161alina makia\u017e\u0105, riebal\u0173 pertekli\u0173 ir ne\u0161varumus. Formul\u0117, pagaminta i\u0161 95 % nat\u016bralios kilm\u0117s ingredient\u0173, praturtinta hialurono r\u016bg\u0161timi, \u017ealiosios arbatos ekstraktu ir D-pantenoliu, kurie dr\u0117kina, ramina ir mink\u0161tina od\u0105. Po valymo oda lieka \u0161vari, lygi ir gaivi. Tinka jautriai odai, be alkoholio ir da\u017eikli\u0173. Naudojimas: Nedidel\u012f kiek\u012f gelio u\u017etepkite [&#8230;]\n","protected":false},"featured_media":108423,"template":"","meta":[],"product_cat":[1577],"product_tag":[],"class_list":{"0":"post-108421","1":"product","2":"type-product","3":"status-publish","4":"has-post-thumbnail","6":"product_brand-aroma-bg-lt","7":"product_cat-gelis","9":"first","10":"instock","11":"taxable","12":"shipping-taxable","13":"product-type-simple"},"_links":{"self":[{"href":"https:\/\/e.kosmolat.eu\/lt\/wp-json\/wp\/v2\/product\/108421","targetHints":{"allow":["GET"]}}],"collection":[{"href":"https:\/\/e.kosmolat.eu\/lt\/wp-json\/wp\/v2\/product"}],"about":[{"href":"https:\/\/e.kosmolat.eu\/lt\/wp-json\/wp\/v2\/types\/product"}],"wp:featuredmedia":[{"embeddable":true,"href":"https:\/\/e.kosmolat.eu\/lt\/wp-json\/wp\/v2\/media\/108423"}],"wp:attachment":[{"href":"https:\/\/e.kosmolat.eu\/lt\/wp-json\/wp\/v2\/media?parent=108421"}],"wp:term":[{"taxonomy":"product_cat","embeddable":true,"href":"https:\/\/e.kosmolat.eu\/lt\/wp-json\/wp\/v2\/product_cat?post=108421"},{"taxonomy":"product_tag","embeddable":true,"href":"https:\/\/e.kosmolat.eu\/lt\/wp-json\/wp\/v2\/product_tag?post=108421"}],"curies":[{"name":"wp","href":"https:\/\/api.w.org\/{rel}","templated":true}]}}