{"id":108397,"date":"2026-05-09T00:15:58","date_gmt":"2026-05-09T00:15:58","guid":{"rendered":"https:\/\/e.kosmolat.eu\/product\/bradoline-alex-sport-atsvaidz-vir-dusas-zeleja-xxl-500-ml\/"},"modified":"2026-05-15T09:48:43","modified_gmt":"2026-05-15T09:48:43","slug":"bradoline-alex-sport-atsvaidz-vir-dusas-zeleja-xxl-500-ml","status":"publish","type":"product","link":"https:\/\/e.kosmolat.eu\/lt\/produktas\/bradoline-alex-sport-atsvaidz-vir-dusas-zeleja-xxl-500-ml\/","title":{"rendered":"BRADOLINE Alex Sport gaivinamasis vyri\u0161kas du\u0161o \u017eel\u0117 XXL, 500 ml"},"content":{"rendered":"<p>\u0160is du\u0161o \u017eel\u0117 su \u017een\u0161eniu ir mentoliu suteikia odai energijos. Praturtintas provitaminu B5, jis dr\u0117kina ir kondicionuoja od\u0105. Idealiai tinka po darbo ar mank\u0161tos.<\/p>\n","protected":false},"excerpt":{"rendered":"<p>\u0160is du\u0161o \u017eel\u0117 su \u017een\u0161eniu ir mentoliu suteikia odai energijos. Praturtintas provitaminu B5, jis dr\u0117kina ir kondicionuoja od\u0105. Idealiai tinka po darbo ar mank\u0161tos.<\/p>\n","protected":false},"featured_media":108399,"template":"","meta":[],"product_cat":[1691],"product_tag":[],"class_list":{"0":"post-108397","1":"product","2":"type-product","3":"status-publish","4":"has-post-thumbnail","6":"product_brand-florin_hu-lt","7":"product_cat-duso-geliai","9":"first","10":"instock","11":"taxable","12":"shipping-taxable","13":"product-type-simple"},"_links":{"self":[{"href":"https:\/\/e.kosmolat.eu\/lt\/wp-json\/wp\/v2\/product\/108397","targetHints":{"allow":["GET"]}}],"collection":[{"href":"https:\/\/e.kosmolat.eu\/lt\/wp-json\/wp\/v2\/product"}],"about":[{"href":"https:\/\/e.kosmolat.eu\/lt\/wp-json\/wp\/v2\/types\/product"}],"wp:featuredmedia":[{"embeddable":true,"href":"https:\/\/e.kosmolat.eu\/lt\/wp-json\/wp\/v2\/media\/108399"}],"wp:attachment":[{"href":"https:\/\/e.kosmolat.eu\/lt\/wp-json\/wp\/v2\/media?parent=108397"}],"wp:term":[{"taxonomy":"product_cat","embeddable":true,"href":"https:\/\/e.kosmolat.eu\/lt\/wp-json\/wp\/v2\/product_cat?post=108397"},{"taxonomy":"product_tag","embeddable":true,"href":"https:\/\/e.kosmolat.eu\/lt\/wp-json\/wp\/v2\/product_tag?post=108397"}],"curies":[{"name":"wp","href":"https:\/\/api.w.org\/{rel}","templated":true}]}}