{"id":108389,"date":"2026-05-09T00:15:40","date_gmt":"2026-05-09T00:15:40","guid":{"rendered":"https:\/\/e.kosmolat.eu\/product\/bradoline-alex-sport-viries-skus-putas-ar-atves-ment-xxl-400-ml\/"},"modified":"2026-05-09T00:15:49","modified_gmt":"2026-05-09T00:15:49","slug":"bradoline-alex-sport-viries-skus-putas-ar-atves-ment-xxl-400-ml","status":"publish","type":"product","link":"https:\/\/e.kosmolat.eu\/lt\/produktas\/bradoline-alex-sport-viries-skus-putas-ar-atves-ment-xxl-400-ml\/","title":{"rendered":"BRADOLINE Alex Sport vyri\u0161kos skutimosi putos su v\u0117sinan\u010diu mentoliu XXL, 400 ml"},"content":{"rendered":"<p>Prie\u0161 naudojim\u0105 gerai suplakite. U\u017etepkite reikiam\u0105 kiek\u012f ant dr\u0117gnos veido odos, palaukite akimirk\u0105 ir nusiskuskite.<\/p>\n<p>Atsargiai<br \/>\nH229 Sl\u0117gin\u0117 talpykla. Kaitinama gali sprogti.<br \/>\nP102 Laikyti vaikams neprieinamoje vietoje<br \/>\nP210 Laikyti atokiau nuo \u0161ilumos \u0161altini\u0173, kar\u0161t\u0173 pavir\u0161i\u0173, \u017eie\u017eirb\u0173, atviros liepsnos arba kit\u0173 degimo \u0161altini\u0173. Ner\u016bkyti.<br \/>\nP251 Nepradurti ir nedeginti net panaudoto.<br \/>\nP410+P412 Saugoti nuo saul\u0117s \u0161viesos. Nelaikyti auk\u0161tesn\u0117je kaip 50 \u00b0C \/122 \u00b0F temperat\u016broje.<\/p>\n","protected":false},"excerpt":{"rendered":"<p>Prie\u0161 naudojim\u0105 gerai suplakite. U\u017etepkite reikiam\u0105 kiek\u012f ant dr\u0117gnos veido odos, palaukite akimirk\u0105 ir nusiskuskite. Atsargiai H229 Sl\u0117gin\u0117 talpykla. Kaitinama gali sprogti. P102 Laikyti vaikams neprieinamoje vietoje P210 Laikyti atokiau nuo \u0161ilumos \u0161altini\u0173, kar\u0161t\u0173 pavir\u0161i\u0173, \u017eie\u017eirb\u0173, atviros liepsnos arba kit\u0173 degimo \u0161altini\u0173. Ner\u016bkyti. P251 Nepradurti ir nedeginti net panaudoto. P410+P412 Saugoti nuo saul\u0117s \u0161viesos. Nelaikyti [&#8230;]\n","protected":false},"featured_media":108391,"template":"","meta":[],"product_cat":[1682],"product_tag":[],"class_list":{"0":"post-108389","1":"product","2":"type-product","3":"status-publish","4":"has-post-thumbnail","6":"product_brand-florin_hu-lt","7":"product_cat-kosmetika-skutimuisi","9":"first","10":"instock","11":"taxable","12":"shipping-taxable","13":"product-type-simple"},"_links":{"self":[{"href":"https:\/\/e.kosmolat.eu\/lt\/wp-json\/wp\/v2\/product\/108389","targetHints":{"allow":["GET"]}}],"collection":[{"href":"https:\/\/e.kosmolat.eu\/lt\/wp-json\/wp\/v2\/product"}],"about":[{"href":"https:\/\/e.kosmolat.eu\/lt\/wp-json\/wp\/v2\/types\/product"}],"wp:featuredmedia":[{"embeddable":true,"href":"https:\/\/e.kosmolat.eu\/lt\/wp-json\/wp\/v2\/media\/108391"}],"wp:attachment":[{"href":"https:\/\/e.kosmolat.eu\/lt\/wp-json\/wp\/v2\/media?parent=108389"}],"wp:term":[{"taxonomy":"product_cat","embeddable":true,"href":"https:\/\/e.kosmolat.eu\/lt\/wp-json\/wp\/v2\/product_cat?post=108389"},{"taxonomy":"product_tag","embeddable":true,"href":"https:\/\/e.kosmolat.eu\/lt\/wp-json\/wp\/v2\/product_tag?post=108389"}],"curies":[{"name":"wp","href":"https:\/\/api.w.org\/{rel}","templated":true}]}}