{"id":108373,"date":"2026-05-09T00:14:21","date_gmt":"2026-05-09T00:14:21","guid":{"rendered":"https:\/\/e.kosmolat.eu\/product\/bradoline-sana-kaju-vannina-4-in-1-augu-speks-200-ml\/"},"modified":"2026-05-16T08:59:29","modified_gmt":"2026-05-16T08:59:29","slug":"bradoline-sana-kaju-vannina-4-in-1-augu-speks-200-ml","status":"publish","type":"product","link":"https:\/\/e.kosmolat.eu\/lt\/produktas\/bradoline-sana-kaju-vannina-4-in-1-augu-speks-200-ml\/","title":{"rendered":"BRADOLINE Sana 4 in1 p\u0117d\u0173 vonel\u0117 augal\u0173 galia, 200 ml"},"content":{"rendered":"<p>\u2022 \u0160velniai valo<br \/>\n\u2022 Pa\u0161alina nemalonius kvapus<br \/>\n\u2022 Maitina ir dr\u0117kina<br \/>\n\u2022 Gaivina<\/p>\n<p>Kompleksin\u0117, \u0161velni valymo formul\u0117 ypatingai r\u016bpinasi pavargusiomis p\u0117domis. Sud\u0117tyje yra glicerino, \u0161lapalo, provitamino B5 ir alavij\u0173, kad j\u016bs\u0173 p\u0117dos b\u016bt\u0173 pamaitintos, mink\u0161tos ir \u0161ilkin\u0117s. D\u0117l nat\u016brali\u0173 ingredient\u0173 ji veiksmingai pa\u0161alina nemalonius kvapus. Citrin\u017eoli\u0173 aliejus ir \u017een\u0161eni\u0173 ekstraktas v\u0117sina, gaivina ir tonizuoja p\u0117d\u0173 od\u0105.<\/p>\n<p>Naudojimas: U\u017etepkite 25\u201330 ml priemon\u0117s ant dr\u0117gn\u0173 p\u0117d\u0173, masa\u017euokite, kol susidarys putos, ir leiskite \u012fsigerti \u012f od\u0105. Tada 15 minu\u010di\u0173 pamirkykite p\u0117das 3\u20134 litruose \u0161ilto vandens. Galiausiai nuplaukite ir nusausinkite.<\/p>\n","protected":false},"excerpt":{"rendered":"<p>\u2022 \u0160velniai valo \u2022 Pa\u0161alina nemalonius kvapus \u2022 Maitina ir dr\u0117kina \u2022 Gaivina Kompleksin\u0117, \u0161velni valymo formul\u0117 ypatingai r\u016bpinasi pavargusiomis p\u0117domis. Sud\u0117tyje yra glicerino, \u0161lapalo, provitamino B5 ir alavij\u0173, kad j\u016bs\u0173 p\u0117dos b\u016bt\u0173 pamaitintos, mink\u0161tos ir \u0161ilkin\u0117s. D\u0117l nat\u016brali\u0173 ingredient\u0173 ji veiksmingai pa\u0161alina nemalonius kvapus. Citrin\u017eoli\u0173 aliejus ir \u017een\u0161eni\u0173 ekstraktas v\u0117sina, gaivina ir tonizuoja p\u0117d\u0173 [&#8230;]\n","protected":false},"featured_media":108375,"template":"","meta":[],"product_cat":[1763],"product_tag":[],"class_list":{"0":"post-108373","1":"product","2":"type-product","3":"status-publish","4":"has-post-thumbnail","6":"product_brand-florin_hu-lt","7":"product_cat-koju-prieziuros-kosmetika","9":"first","10":"instock","11":"taxable","12":"shipping-taxable","13":"product-type-simple"},"_links":{"self":[{"href":"https:\/\/e.kosmolat.eu\/lt\/wp-json\/wp\/v2\/product\/108373","targetHints":{"allow":["GET"]}}],"collection":[{"href":"https:\/\/e.kosmolat.eu\/lt\/wp-json\/wp\/v2\/product"}],"about":[{"href":"https:\/\/e.kosmolat.eu\/lt\/wp-json\/wp\/v2\/types\/product"}],"wp:featuredmedia":[{"embeddable":true,"href":"https:\/\/e.kosmolat.eu\/lt\/wp-json\/wp\/v2\/media\/108375"}],"wp:attachment":[{"href":"https:\/\/e.kosmolat.eu\/lt\/wp-json\/wp\/v2\/media?parent=108373"}],"wp:term":[{"taxonomy":"product_cat","embeddable":true,"href":"https:\/\/e.kosmolat.eu\/lt\/wp-json\/wp\/v2\/product_cat?post=108373"},{"taxonomy":"product_tag","embeddable":true,"href":"https:\/\/e.kosmolat.eu\/lt\/wp-json\/wp\/v2\/product_tag?post=108373"}],"curies":[{"name":"wp","href":"https:\/\/api.w.org\/{rel}","templated":true}]}}