{"id":108305,"date":"2026-05-08T20:44:27","date_gmt":"2026-05-08T20:44:27","guid":{"rendered":"https:\/\/e.kosmolat.eu\/product\/viorica-samp-matu-kras-aizsardz-400-ml\/"},"modified":"2026-05-08T20:44:37","modified_gmt":"2026-05-08T20:44:37","slug":"viorica-samp-matu-kras-aizsardz-400-ml","status":"publish","type":"product","link":"https:\/\/e.kosmolat.eu\/lt\/produktas\/viorica-samp-matu-kras-aizsardz-400-ml\/","title":{"rendered":"VIORICA Plauk\u0173 spalv\u0105 saugantis \u0161amp\u016bnas, 400 ml"},"content":{"rendered":"<p>\u0160velniai valo, normalizuoja dr\u0117gm\u0117s balans\u0105, suteikia papildomo blizgesio ir \u0161ilko \u0161velnumo, neleid\u017eia spalvai blukti. Specialus kompleksas apsaugo da\u017eytus plaukus nuo UVA ir UVB spinduli\u0173. Cikorij\u0173 ekstraktas padeda apsaugoti plaukus nuo oksidacinio streso ir palaiko plauk\u0173 spalvos gyvybingum\u0105. Kvie\u010di\u0173 gemal\u0173 aliejus maitina galvos od\u0105 ir plaukus, tod\u0117l jie tampa lygesni ir \u017evilgantys. D-pantenolis i\u0161saugo dr\u0117gm\u0119, didina elastingum\u0105, ma\u017eina trapum\u0105.<\/p>\n<p>Naudojimas: u\u017etepkite \u0161amp\u016bn\u0105 ant dr\u0117gn\u0173 plauk\u0173, suputokite, masa\u017euokite. Kruop\u0161\u010diai nuplaukite \u0161iltu vandeniu. Jei reikia, pakartokite proced\u016br\u0105. Nor\u0117dami gauti maksimal\u0173 ir ilgalaik\u012f rezultat\u0105, naudokite kartu su \u0161ios serijos balzamu ir plauk\u0173 kauke.<\/p>\n<p>Laikyti nuo +5 \u00b0C iki +25 \u00b0C temperat\u016broje, saugoti nuo tiesiogini\u0173 saul\u0117s spinduli\u0173. <\/p>\n<p>Geriausias: 30 m\u0117nesi\u0173 nuo pagaminimo datos.<\/p>\n","protected":false},"excerpt":{"rendered":"<p>\u0160velniai valo, normalizuoja dr\u0117gm\u0117s balans\u0105, suteikia papildomo blizgesio ir \u0161ilko \u0161velnumo, neleid\u017eia spalvai blukti. Specialus kompleksas apsaugo da\u017eytus plaukus nuo UVA ir UVB spinduli\u0173. Cikorij\u0173 ekstraktas padeda apsaugoti plaukus nuo oksidacinio streso ir palaiko plauk\u0173 spalvos gyvybingum\u0105. Kvie\u010di\u0173 gemal\u0173 aliejus maitina galvos od\u0105 ir plaukus, tod\u0117l jie tampa lygesni ir \u017evilgantys. D-pantenolis i\u0161saugo dr\u0117gm\u0119, didina [&#8230;]\n","protected":false},"featured_media":108307,"template":"","meta":[],"product_cat":[1251],"product_tag":[],"class_list":{"0":"post-108305","1":"product","2":"type-product","3":"status-publish","4":"has-post-thumbnail","6":"product_brand-viorica-cosmeplant_bg-lt","7":"product_cat-sampunai","9":"first","10":"instock","11":"taxable","12":"shipping-taxable","13":"product-type-simple"},"_links":{"self":[{"href":"https:\/\/e.kosmolat.eu\/lt\/wp-json\/wp\/v2\/product\/108305","targetHints":{"allow":["GET"]}}],"collection":[{"href":"https:\/\/e.kosmolat.eu\/lt\/wp-json\/wp\/v2\/product"}],"about":[{"href":"https:\/\/e.kosmolat.eu\/lt\/wp-json\/wp\/v2\/types\/product"}],"wp:featuredmedia":[{"embeddable":true,"href":"https:\/\/e.kosmolat.eu\/lt\/wp-json\/wp\/v2\/media\/108307"}],"wp:attachment":[{"href":"https:\/\/e.kosmolat.eu\/lt\/wp-json\/wp\/v2\/media?parent=108305"}],"wp:term":[{"taxonomy":"product_cat","embeddable":true,"href":"https:\/\/e.kosmolat.eu\/lt\/wp-json\/wp\/v2\/product_cat?post=108305"},{"taxonomy":"product_tag","embeddable":true,"href":"https:\/\/e.kosmolat.eu\/lt\/wp-json\/wp\/v2\/product_tag?post=108305"}],"curies":[{"name":"wp","href":"https:\/\/api.w.org\/{rel}","templated":true}]}}