{"id":108235,"date":"2026-05-08T15:50:39","date_gmt":"2026-05-08T15:50:39","guid":{"rendered":"https:\/\/e.kosmolat.eu\/product\/i_fj-perlites-vannai-frezija-kokosrieksts-450-g\/"},"modified":"2026-05-08T15:50:48","modified_gmt":"2026-05-08T15:50:48","slug":"i_fj-perlites-vannai-frezija-kokosrieksts-450-g","status":"publish","type":"product","link":"https:\/\/e.kosmolat.eu\/lt\/produktas\/i_fj-perlites-vannai-frezija-kokosrieksts-450-g\/","title":{"rendered":"I_&#8221;FJ&#8221; Vonios burbuliukai &#8220;Bath Bijou Pearls&#8221; Freesia &#038; Coconut 450g"},"content":{"rendered":"<p>Burbuliukus i\u0161tirpinti \u0161iltame vandenyje. Prisotina odai reikalingais nat\u016braliais dr\u0117kinamaisias ingredientais. Suteikia \u017evalumo, suma\u017eina dirginim\u0105 ir sukuria komforto jausm\u0105.<\/p>\n<p>NAUDOJIMAS: i\u0161tirpinti 50 g \u0161iltame vandenyje.<\/p>\n<p>Laikytisant temperat\u016broje nuo +5 \u00b0 C iki +25 \u00b0 C <\/p>\n","protected":false},"excerpt":{"rendered":"<p>Burbuliukus i\u0161tirpinti \u0161iltame vandenyje. Prisotina odai reikalingais nat\u016braliais dr\u0117kinamaisias ingredientais. Suteikia \u017evalumo, suma\u017eina dirginim\u0105 ir sukuria komforto jausm\u0105. NAUDOJIMAS: i\u0161tirpinti 50 g \u0161iltame vandenyje. Laikytisant temperat\u016broje nuo +5 \u00b0 C iki +25 \u00b0 C<\/p>\n","protected":false},"featured_media":108237,"template":"","meta":[],"product_cat":[1612],"product_tag":[],"class_list":{"0":"post-108235","1":"product","2":"type-product","3":"status-publish","4":"has-post-thumbnail","6":"product_brand-elfa_ua-lt","7":"product_cat-putos-druska-vonios-bombos","9":"first","10":"instock","11":"taxable","12":"shipping-taxable","13":"product-type-simple"},"_links":{"self":[{"href":"https:\/\/e.kosmolat.eu\/lt\/wp-json\/wp\/v2\/product\/108235","targetHints":{"allow":["GET"]}}],"collection":[{"href":"https:\/\/e.kosmolat.eu\/lt\/wp-json\/wp\/v2\/product"}],"about":[{"href":"https:\/\/e.kosmolat.eu\/lt\/wp-json\/wp\/v2\/types\/product"}],"wp:featuredmedia":[{"embeddable":true,"href":"https:\/\/e.kosmolat.eu\/lt\/wp-json\/wp\/v2\/media\/108237"}],"wp:attachment":[{"href":"https:\/\/e.kosmolat.eu\/lt\/wp-json\/wp\/v2\/media?parent=108235"}],"wp:term":[{"taxonomy":"product_cat","embeddable":true,"href":"https:\/\/e.kosmolat.eu\/lt\/wp-json\/wp\/v2\/product_cat?post=108235"},{"taxonomy":"product_tag","embeddable":true,"href":"https:\/\/e.kosmolat.eu\/lt\/wp-json\/wp\/v2\/product_tag?post=108235"}],"curies":[{"name":"wp","href":"https:\/\/api.w.org\/{rel}","templated":true}]}}