{"id":108163,"date":"2026-05-07T18:43:16","date_gmt":"2026-05-07T18:43:16","guid":{"rendered":"https:\/\/e.kosmolat.eu\/product\/ecl-organic-avocado-baroj-losj-pec-skus-maigums-un-kops-200-ml\/"},"modified":"2026-05-07T18:43:24","modified_gmt":"2026-05-07T18:43:24","slug":"ecl-organic-avocado-baroj-losj-pec-skus-maigums-un-kops-200-ml","status":"publish","type":"product","link":"https:\/\/e.kosmolat.eu\/lt\/produktas\/ecl-organic-avocado-baroj-losj-pec-skus-maigums-un-kops-200-ml\/","title":{"rendered":"ECOLATIER Organic Avocado Maitinamasis losjonas po skutimosi \u0160velnumas ir prie\u017ei\u016bra, 200 ml"},"content":{"rendered":"<p>\u0160is losjonas po skutimosi lengvai \u012fsigeria ir suteikia greit\u0105 dr\u0117kinam\u0105j\u012f bei mink\u0161tinam\u0105j\u012f poveik\u012f. Jis pa\u0161alina sausum\u0105 ir ramina od\u0105, palikdamas j\u0105 \u0161velni\u0105 ir \u0161velni\u0105. Tinka visiems odos tipams. Vegani\u0161kas.<\/p>\n<p>Ekologi\u0161kos sudedamosiosi dalys: ekologi\u0161kas \u0161alto spaudimo avokad\u0173 aliejus, kuriame yra vitamin\u0173 ir antioksidant\u0173. Stimuliuoja kolageno gamyb\u0105 ir atkuria odos barjerin\u0119 funkcij\u0105. Praturtintas B, D, E, F vitaminais ir polineso\u010diosiomis riebal\u0173 r\u016bg\u0161timis, efektyviai maitina ir mink\u0161tina od\u0105, \u0161alina sausum\u0105.<\/p>\n<p>Aktyviosios med\u017eiagos:<br \/>\n\u2022 Fosfolipidai intensyviai dr\u0117kina ir atkuria od\u0105.<br \/>\n\u2022 Vitaminas E pasi\u017eymi antioksidacin\u0117mis savyb\u0117mis. ir stimuliuoja l\u0105steli\u0173 regeneracij\u0105.<br \/>\n\u2022 Simondsij\u0173 aliejus mink\u0161tina od\u0105, ma\u017eina pleiskanojim\u0105, palieka j\u0105 lygi\u0105 ir elasting\u0105.<\/p>\n<p>Naudojimas: Nedidel\u012f kiek\u012f losjono u\u017etepkite ant \u0161varios odos ir leiskite jam visi\u0161kai \u012fsigerti. Tik i\u0161oriniam naudojimui.<\/p>\n","protected":false},"excerpt":{"rendered":"<p>\u0160is losjonas po skutimosi lengvai \u012fsigeria ir suteikia greit\u0105 dr\u0117kinam\u0105j\u012f bei mink\u0161tinam\u0105j\u012f poveik\u012f. Jis pa\u0161alina sausum\u0105 ir ramina od\u0105, palikdamas j\u0105 \u0161velni\u0105 ir \u0161velni\u0105. Tinka visiems odos tipams. Vegani\u0161kas. Ekologi\u0161kos sudedamosiosi dalys: ekologi\u0161kas \u0161alto spaudimo avokad\u0173 aliejus, kuriame yra vitamin\u0173 ir antioksidant\u0173. Stimuliuoja kolageno gamyb\u0105 ir atkuria odos barjerin\u0119 funkcij\u0105. Praturtintas B, D, E, F [&#8230;]\n","protected":false},"featured_media":108165,"template":"","meta":[],"product_cat":[1682],"product_tag":[],"class_list":{"0":"post-108163","1":"product","2":"type-product","3":"status-publish","4":"has-post-thumbnail","6":"product_brand-ecolab_cs-lt","7":"product_cat-kosmetika-skutimuisi","9":"first","10":"instock","11":"taxable","12":"shipping-taxable","13":"product-type-simple"},"_links":{"self":[{"href":"https:\/\/e.kosmolat.eu\/lt\/wp-json\/wp\/v2\/product\/108163","targetHints":{"allow":["GET"]}}],"collection":[{"href":"https:\/\/e.kosmolat.eu\/lt\/wp-json\/wp\/v2\/product"}],"about":[{"href":"https:\/\/e.kosmolat.eu\/lt\/wp-json\/wp\/v2\/types\/product"}],"wp:featuredmedia":[{"embeddable":true,"href":"https:\/\/e.kosmolat.eu\/lt\/wp-json\/wp\/v2\/media\/108165"}],"wp:attachment":[{"href":"https:\/\/e.kosmolat.eu\/lt\/wp-json\/wp\/v2\/media?parent=108163"}],"wp:term":[{"taxonomy":"product_cat","embeddable":true,"href":"https:\/\/e.kosmolat.eu\/lt\/wp-json\/wp\/v2\/product_cat?post=108163"},{"taxonomy":"product_tag","embeddable":true,"href":"https:\/\/e.kosmolat.eu\/lt\/wp-json\/wp\/v2\/product_tag?post=108163"}],"curies":[{"name":"wp","href":"https:\/\/api.w.org\/{rel}","templated":true}]}}