{"id":108099,"date":"2026-05-07T17:18:45","date_gmt":"2026-05-07T17:18:45","guid":{"rendered":"https:\/\/e.kosmolat.eu\/product\/ecl-all-in-one-atjaun-krems-visiem-ad-tip-380-ml\/"},"modified":"2026-05-08T20:56:27","modified_gmt":"2026-05-08T20:56:27","slug":"ecl-all-in-one-atjaun-krems-visiem-ad-tip-380-ml","status":"publish","type":"product","link":"https:\/\/e.kosmolat.eu\/lt\/produktas\/ecl-all-in-one-atjaun-krems-visiem-ad-tip-380-ml\/","title":{"rendered":"ECOLATIER All-in-one atkuriamasis kremas visiems odos tipams, 380 ml"},"content":{"rendered":"<p>Daugiafunkcis produktas veiksmingai odos prie\u017ei\u016brai. D\u0117l unikalios formul\u0117s su aktyviais ir nat\u016braliais ingredientais kremas \u0161velniai atnaujina ir atkuria epiderm\u012f, gerindamas odos tekst\u016br\u0105 ir elastingum\u0105. Lengva tekst\u016bra greitai \u012fsigeria, nepalieka riebaus liku\u010dio, oda tampa \u0161velni ir komforti\u0161ka. Reguliariai naudojant, oda tampa lygi, stangri ir elastinga. Tinka visiems odos tipams, \u012fskaitant veid\u0105 ir k\u016bn\u0105.<\/p>\n<p>Ingredientai, apsaugantys od\u0105 nuo aplinkos agresori\u0173: rud\u0173j\u0173 dumbli\u0173 ekstraktas, fermentuot\u0173 galaktomic\u0173 ekstraktas, vitaminai B3, E ir F.<\/p>\n<p>Veikliosios med\u017eiagos:<br \/>\n\u2022 AHA + BHA r\u016bg\u0161tys \u2013 \u0161velniai nu\u0161vei\u010dia negyvas odos l\u0105steles, stiprina apsaugin\u012f barjer\u0105 ir apsaugo nuo dr\u0117gm\u0117s praradimo, suvienodina odos tekst\u016br\u0105.<br \/>\n\u2022 Kolagenas \u2013 palaiko optimal\u0173 odos dr\u0117gm\u0117s lyg\u012f, gerina stangrum\u0105 ir elastingum\u0105.<br \/>\n\u2022 Simondsij\u0173 aliejus \u2013 gausus riebal\u0173 r\u016bg\u0161\u010di\u0173, antioksidant\u0173 ir vitamin\u0173, intensyviai maitina ir mink\u0161tina od\u0105.<br \/>\n\u2022 Vanil\u0117s ekstraktas \u2013 pasi\u017eymi raminan\u010diomis, atkuriamosiomis ir jauninan\u010diomis savyb\u0117mis.<\/p>\n<p>Naudojimas: Krem\u0105 tepkite ant \u0161varios, sausos odos lengvais masa\u017euojamaisiais judesiais, kol visi\u0161kai \u012fsigers. Jei reikia, pakartokite. Tik i\u0161oriniam naudojimui.<\/p>\n","protected":false},"excerpt":{"rendered":"<p>Daugiafunkcis produktas veiksmingai odos prie\u017ei\u016brai. D\u0117l unikalios formul\u0117s su aktyviais ir nat\u016braliais ingredientais kremas \u0161velniai atnaujina ir atkuria epiderm\u012f, gerindamas odos tekst\u016br\u0105 ir elastingum\u0105. Lengva tekst\u016bra greitai \u012fsigeria, nepalieka riebaus liku\u010dio, oda tampa \u0161velni ir komforti\u0161ka. Reguliariai naudojant, oda tampa lygi, stangri ir elastinga. Tinka visiems odos tipams, \u012fskaitant veid\u0105 ir k\u016bn\u0105. Ingredientai, apsaugantys od\u0105 [&#8230;]\n","protected":false},"featured_media":108101,"template":"","meta":[],"product_cat":[1322],"product_tag":[],"class_list":{"0":"post-108099","1":"product","2":"type-product","3":"status-publish","4":"has-post-thumbnail","6":"product_brand-ecolab_cs-lt","7":"product_cat-veido-kremai","9":"first","10":"instock","11":"taxable","12":"shipping-taxable","13":"product-type-simple"},"_links":{"self":[{"href":"https:\/\/e.kosmolat.eu\/lt\/wp-json\/wp\/v2\/product\/108099","targetHints":{"allow":["GET"]}}],"collection":[{"href":"https:\/\/e.kosmolat.eu\/lt\/wp-json\/wp\/v2\/product"}],"about":[{"href":"https:\/\/e.kosmolat.eu\/lt\/wp-json\/wp\/v2\/types\/product"}],"wp:featuredmedia":[{"embeddable":true,"href":"https:\/\/e.kosmolat.eu\/lt\/wp-json\/wp\/v2\/media\/108101"}],"wp:attachment":[{"href":"https:\/\/e.kosmolat.eu\/lt\/wp-json\/wp\/v2\/media?parent=108099"}],"wp:term":[{"taxonomy":"product_cat","embeddable":true,"href":"https:\/\/e.kosmolat.eu\/lt\/wp-json\/wp\/v2\/product_cat?post=108099"},{"taxonomy":"product_tag","embeddable":true,"href":"https:\/\/e.kosmolat.eu\/lt\/wp-json\/wp\/v2\/product_tag?post=108099"}],"curies":[{"name":"wp","href":"https:\/\/api.w.org\/{rel}","templated":true}]}}