{"id":108091,"date":"2026-05-07T17:18:15","date_gmt":"2026-05-07T17:18:15","guid":{"rendered":"https:\/\/e.kosmolat.eu\/product\/ecl-all-in-one-intens-mitrin-krems-visiem-ad-tip-380-ml\/"},"modified":"2026-05-07T17:18:23","modified_gmt":"2026-05-07T17:18:23","slug":"ecl-all-in-one-intens-mitrin-krems-visiem-ad-tip-380-ml","status":"publish","type":"product","link":"https:\/\/e.kosmolat.eu\/lt\/produktas\/ecl-all-in-one-intens-mitrin-krems-visiem-ad-tip-380-ml\/","title":{"rendered":"ECOLATIER All-in-one intensyviai dr\u0117kinamasis kremas visiems odos tipams, 380 ml"},"content":{"rendered":"<p>Daugiafunkcis kremas veiksmingai odos prie\u017ei\u016brai. Jo formul\u0117 su \u0161lapalu ir keramidais u\u017etikrina intensyv\u0173 dr\u0117kinim\u0105, maitinim\u0105 ir apsaug\u0105. Reguliariai naudojant, oda tampa lygi ir \u0161velni. Daugiafunkcis kremas veiksmingai odos prie\u017ei\u016brai. Jo formul\u0117 su \u0161lapalu ir keramidais u\u017etikrina intensyv\u0173 dr\u0117kinim\u0105, maitinim\u0105 ir apsaug\u0105. Reguliariai naudojant, oda tampa lygi ir \u0161velni.<\/p>\n<p>Sudedamosios dalys, saugo od\u0105 nuo aplinkos agresori\u0173: rud\u0173j\u0173 dumbli\u0173 ekstraktas, fermentuot\u0173 mieliagrybi\u0173 ekstraktas, vitaminai B3, E ir F.<\/p>\n<p>Aktyviosios med\u017eiagos:<br \/>\n\u0160lapalas \u2013 intensyviai dr\u0117kina ir mink\u0161tina od\u0105.<br \/>\nKeramidai \u2013 skatina odos l\u0105steli\u0173 atsinaujinim\u0105, didina elastingum\u0105 ir stangrum\u0105.<br \/>\nHialurono r\u016bg\u0161tis atkuria nat\u016bral\u0173 dr\u0117gm\u0117s lyg\u012f.<br \/>\nAvi\u017e\u0173 aliejus maitina ir mink\u0161tina od\u0105, tod\u0117l ji tampa \u0161ilkiniai \u0161velni.<br \/>\nAzijin\u0117s centel\u0117s ekstraktas ramina ir gaivina od\u0105.<\/p>\n<p>Naudojimas: Tepkite krem\u0105 ant \u0161varios, sausos odos lengvais masa\u017euojamaisiais judesiais, kol visi\u0161kai \u012fsigers. Jei reikia, pakartokite. Tik i\u0161oriniam naudojimui.<\/p>\n","protected":false},"excerpt":{"rendered":"<p>Daugiafunkcis kremas veiksmingai odos prie\u017ei\u016brai. Jo formul\u0117 su \u0161lapalu ir keramidais u\u017etikrina intensyv\u0173 dr\u0117kinim\u0105, maitinim\u0105 ir apsaug\u0105. Reguliariai naudojant, oda tampa lygi ir \u0161velni. Daugiafunkcis kremas veiksmingai odos prie\u017ei\u016brai. Jo formul\u0117 su \u0161lapalu ir keramidais u\u017etikrina intensyv\u0173 dr\u0117kinim\u0105, maitinim\u0105 ir apsaug\u0105. Reguliariai naudojant, oda tampa lygi ir \u0161velni. Sudedamosios dalys, saugo od\u0105 nuo aplinkos agresori\u0173: [&#8230;]\n","protected":false},"featured_media":108093,"template":"","meta":[],"product_cat":[1390],"product_tag":[],"class_list":{"0":"post-108091","1":"product","2":"type-product","3":"status-publish","4":"has-post-thumbnail","6":"product_brand-ecolab_cs-lt","7":"product_cat-kremai-aliejai-kuno-pienelis","9":"first","10":"instock","11":"taxable","12":"shipping-taxable","13":"product-type-simple"},"_links":{"self":[{"href":"https:\/\/e.kosmolat.eu\/lt\/wp-json\/wp\/v2\/product\/108091","targetHints":{"allow":["GET"]}}],"collection":[{"href":"https:\/\/e.kosmolat.eu\/lt\/wp-json\/wp\/v2\/product"}],"about":[{"href":"https:\/\/e.kosmolat.eu\/lt\/wp-json\/wp\/v2\/types\/product"}],"wp:featuredmedia":[{"embeddable":true,"href":"https:\/\/e.kosmolat.eu\/lt\/wp-json\/wp\/v2\/media\/108093"}],"wp:attachment":[{"href":"https:\/\/e.kosmolat.eu\/lt\/wp-json\/wp\/v2\/media?parent=108091"}],"wp:term":[{"taxonomy":"product_cat","embeddable":true,"href":"https:\/\/e.kosmolat.eu\/lt\/wp-json\/wp\/v2\/product_cat?post=108091"},{"taxonomy":"product_tag","embeddable":true,"href":"https:\/\/e.kosmolat.eu\/lt\/wp-json\/wp\/v2\/product_tag?post=108091"}],"curies":[{"name":"wp","href":"https:\/\/api.w.org\/{rel}","templated":true}]}}