{"id":107911,"date":"2026-04-29T07:15:46","date_gmt":"2026-04-29T07:15:46","guid":{"rendered":"https:\/\/e.kosmolat.eu\/product\/vexes-w331-edp-parfimerijas-udens-sievietem-t-is-her-20-ml\/"},"modified":"2026-05-15T09:32:54","modified_gmt":"2026-05-15T09:32:54","slug":"vexes-w331-edp-parfimerijas-udens-sievietem-t-is-her-20-ml","status":"publish","type":"product","link":"https:\/\/e.kosmolat.eu\/lt\/produktas\/vexes-w331-edp-parfimerijas-udens-sievietem-t-is-her-20-ml\/","title":{"rendered":"VEXES W331 EDP Parfumuotas vanduo moterims T.IS HER, 20 ml"},"content":{"rendered":"<p><strong>Aromatas:<\/strong>&nbsp;Orientin\u0117 vanil\u0117.<\/p>\n<p><strong>Atsargumo priemon\u0117s:<\/strong>&nbsp;Tik i&scaron;oriniam naudojimui. Nepurk&scaron;ti \u012f akis ar ant sudirgusios odos. Patekus \u012f akis, gausiai praplauti vandeniu.<\/p>\n<p><strong><img loading=\"lazy\" decoding=\"async\" height=\"63\" src=\"file:\/\/\/C:\/Users\/masha\/AppData\/Local\/Temp\/23\/msohtmlclip1\/01\/clip_image002.jpg\" width=\"63\" \/><\/strong><strong>GHS02 <\/strong><strong>Atsargiai<\/strong><\/p>\n<p><strong>H223<\/strong> Degus aerozolis.<\/p>\n<p>P102 Laikyti vaikams neprieinamoje vietoje.<\/p>\n<p>P210 Laikyti atokiau nuo &scaron;ilumos &scaron;altini\u0173\/\u017eie\u017eirb\u0173\/atviros liepsnos\/kar&scaron;t\u0173 pavir&scaron;i\u0173. &ndash; Ner\u016bkyti.<\/p>\n<p>P211 Nepurk&scaron;ti \u012f atvir\u0105 liepsn\u0105 arba kitus degimo &scaron;altinius<\/p>\n<p>P410+P412 Saugoti nuo saul\u0117s &scaron;viesos. Nelaikyti auk&scaron;tesn\u0117je kaip 50 oC\/122oF temperat\u016broje.<\/p>\n","protected":false},"excerpt":{"rendered":"<p>Aromatas:&nbsp;Orientin\u0117 vanil\u0117. Atsargumo priemon\u0117s:&nbsp;Tik i&scaron;oriniam naudojimui. Nepurk&scaron;ti \u012f akis ar ant sudirgusios odos. Patekus \u012f akis, gausiai praplauti vandeniu. GHS02 Atsargiai H223 Degus aerozolis. P102 Laikyti vaikams neprieinamoje vietoje. P210 Laikyti atokiau nuo &scaron;ilumos &scaron;altini\u0173\/\u017eie\u017eirb\u0173\/atviros liepsnos\/kar&scaron;t\u0173 pavir&scaron;i\u0173. &ndash; Ner\u016bkyti. P211 Nepurk&scaron;ti \u012f atvir\u0105 liepsn\u0105 arba kitus degimo &scaron;altinius P410+P412 Saugoti nuo saul\u0117s &scaron;viesos. Nelaikyti auk&scaron;tesn\u0117je [&#8230;]\n","protected":false},"featured_media":109143,"template":"","meta":[],"product_cat":[1447],"product_tag":[],"class_list":{"0":"post-107911","1":"product","2":"type-product","3":"status-publish","4":"has-post-thumbnail","6":"product_brand-vexes_fon_tr-lt","7":"product_cat-kvepalai-ir-tualetinis-vanduo-moterims","9":"first","10":"instock","11":"taxable","12":"shipping-taxable","13":"product-type-simple"},"_links":{"self":[{"href":"https:\/\/e.kosmolat.eu\/lt\/wp-json\/wp\/v2\/product\/107911","targetHints":{"allow":["GET"]}}],"collection":[{"href":"https:\/\/e.kosmolat.eu\/lt\/wp-json\/wp\/v2\/product"}],"about":[{"href":"https:\/\/e.kosmolat.eu\/lt\/wp-json\/wp\/v2\/types\/product"}],"wp:featuredmedia":[{"embeddable":true,"href":"https:\/\/e.kosmolat.eu\/lt\/wp-json\/wp\/v2\/media\/109143"}],"wp:attachment":[{"href":"https:\/\/e.kosmolat.eu\/lt\/wp-json\/wp\/v2\/media?parent=107911"}],"wp:term":[{"taxonomy":"product_cat","embeddable":true,"href":"https:\/\/e.kosmolat.eu\/lt\/wp-json\/wp\/v2\/product_cat?post=107911"},{"taxonomy":"product_tag","embeddable":true,"href":"https:\/\/e.kosmolat.eu\/lt\/wp-json\/wp\/v2\/product_tag?post=107911"}],"curies":[{"name":"wp","href":"https:\/\/api.w.org\/{rel}","templated":true}]}}