{"id":107895,"date":"2026-04-29T04:35:54","date_gmt":"2026-04-29T04:35:54","guid":{"rendered":"https:\/\/e.kosmolat.eu\/product\/lv-skropstu-tusa-xxl-superapj-maksl-skropstu-efekts-9-g-2\/"},"modified":"2026-04-29T04:36:01","modified_gmt":"2026-04-29T04:36:01","slug":"lv-skropstu-tusa-xxl-superapj-maksl-skropstu-efekts-9-g-2","status":"publish","type":"product","link":"https:\/\/e.kosmolat.eu\/lt\/produktas\/lv-skropstu-tusa-xxl-superapj-maksl-skropstu-efekts-9-g-2\/","title":{"rendered":"LUX VISAGE XXL Super apimtis blakstien\u0173 tu\u0161as \u2013 dirbtini\u0173 blakstien\u0173 efektas, 9 g"},"content":{"rendered":"<p>Suteikite savo blakstienoms \u017eavesio tu\u0161u, kuris suteikia tobul\u0105 apimties, ry\u0161kumo ir prie\u017ei\u016bros pusiausvyr\u0105. \u0160i pa\u017eangi vandens pagrindo formul\u0117 padengia kiekvien\u0105 blakstien\u0105 lengva, lanks\u010dia pl\u0117vele, sukurdama sodr\u0173, be gumul\u0117li\u0173 efekt\u0105. Tuo pa\u010diu metu r\u016bpestingi ingredientai, tokie kaip argan\u0173 aliejus, ricin\u0173 aliejus ir pantenolis, maitina ir stiprina blakstienas, tod\u0117l jos tampa mink\u0161tos ir sveikos, o ne trapios.<\/p>\n<p>\u0160velni, kremin\u0117 tekst\u016bra lengvai tepasi, atskiria ir padengia kiekvien\u0105 blakstien\u0105, suteikdama storesn\u012f, tankesn\u012f ir nat\u016bralesn\u0119 i\u0161vaizd\u0105. Praturtintas dr\u0117kinamaisiais ingredientais, jis suteikia blakstienoms komforto ir \u0161velnumo vis\u0105 dien\u0105.<\/p>\n","protected":false},"excerpt":{"rendered":"<p>Suteikite savo blakstienoms \u017eavesio tu\u0161u, kuris suteikia tobul\u0105 apimties, ry\u0161kumo ir prie\u017ei\u016bros pusiausvyr\u0105. \u0160i pa\u017eangi vandens pagrindo formul\u0117 padengia kiekvien\u0105 blakstien\u0105 lengva, lanks\u010dia pl\u0117vele, sukurdama sodr\u0173, be gumul\u0117li\u0173 efekt\u0105. Tuo pa\u010diu metu r\u016bpestingi ingredientai, tokie kaip argan\u0173 aliejus, ricin\u0173 aliejus ir pantenolis, maitina ir stiprina blakstienas, tod\u0117l jos tampa mink\u0161tos ir sveikos, o ne trapios. [&#8230;]\n","protected":false},"featured_media":0,"template":"","meta":[],"product_cat":[1382],"product_tag":[],"class_list":{"0":"post-107895","1":"product","2":"type-product","3":"status-publish","5":"product_brand-private-label-lt","6":"product_cat-tusai","8":"first","9":"instock","10":"sale","11":"taxable","12":"shipping-taxable","13":"product-type-simple"},"_links":{"self":[{"href":"https:\/\/e.kosmolat.eu\/lt\/wp-json\/wp\/v2\/product\/107895","targetHints":{"allow":["GET"]}}],"collection":[{"href":"https:\/\/e.kosmolat.eu\/lt\/wp-json\/wp\/v2\/product"}],"about":[{"href":"https:\/\/e.kosmolat.eu\/lt\/wp-json\/wp\/v2\/types\/product"}],"wp:attachment":[{"href":"https:\/\/e.kosmolat.eu\/lt\/wp-json\/wp\/v2\/media?parent=107895"}],"wp:term":[{"taxonomy":"product_cat","embeddable":true,"href":"https:\/\/e.kosmolat.eu\/lt\/wp-json\/wp\/v2\/product_cat?post=107895"},{"taxonomy":"product_tag","embeddable":true,"href":"https:\/\/e.kosmolat.eu\/lt\/wp-json\/wp\/v2\/product_tag?post=107895"}],"curies":[{"name":"wp","href":"https:\/\/api.w.org\/{rel}","templated":true}]}}