{"id":107854,"date":"2026-04-28T05:05:33","date_gmt":"2026-04-28T05:05:33","guid":{"rendered":"https:\/\/e.kosmolat.eu\/product\/vexes-u627-edp-parfimerijas-udens-unisex-oud-wood-20-ml\/"},"modified":"2026-04-28T05:05:46","modified_gmt":"2026-04-28T05:05:46","slug":"vexes-u627-edp-parfimerijas-udens-unisex-oud-wood-20-ml","status":"publish","type":"product","link":"https:\/\/e.kosmolat.eu\/lt\/produktas\/vexes-u627-edp-parfimerijas-udens-unisex-oud-wood-20-ml\/","title":{"rendered":"VEXES U627 EDP kvepalu vanduo unisex OUD WOOD, 20 ml"},"content":{"rendered":"<p><strong>Aromatas:<\/strong>&nbsp;Aromatinis \u017eoleli\u0173.<\/p>\n<p><strong>Atsargumo priemon\u0117s:<\/strong>&nbsp;Tik i&scaron;oriniam naudojimui. Nepurk&scaron;ti \u012f akis ar ant sudirgusios odos. Patekus \u012f akis, gausiai praplauti vandeniu.<\/p>\n<p><strong><img loading=\"lazy\" decoding=\"async\" height=\"63\" src=\"file:\/\/\/C:\/Users\/masha\/AppData\/Local\/Temp\/19\/msohtmlclip1\/01\/clip_image002.jpg\" width=\"63\" \/><\/strong><strong>GHS02 <\/strong><strong>Atsargiai<\/strong><\/p>\n<p><strong>H223<\/strong> Degus aerozolis.<\/p>\n<p>P102 Laikyti vaikams neprieinamoje vietoje.<\/p>\n<p>P210 Laikyti atokiau nuo &scaron;ilumos &scaron;altini\u0173\/\u017eie\u017eirb\u0173\/atviros liepsnos\/kar&scaron;t\u0173 pavir&scaron;i\u0173. &ndash; Ner\u016bkyti.<\/p>\n<p>P211 Nepurk&scaron;ti \u012f atvir\u0105 liepsn\u0105 arba kitus degimo &scaron;altinius<\/p>\n<p>P410+P412 Saugoti nuo saul\u0117s &scaron;viesos. Nelaikyti auk&scaron;tesn\u0117je kaip 50 oC\/122oF temperat\u016broje.<\/p>\n","protected":false},"excerpt":{"rendered":"<p>Aromatas:&nbsp;Aromatinis \u017eoleli\u0173. Atsargumo priemon\u0117s:&nbsp;Tik i&scaron;oriniam naudojimui. Nepurk&scaron;ti \u012f akis ar ant sudirgusios odos. Patekus \u012f akis, gausiai praplauti vandeniu. GHS02 Atsargiai H223 Degus aerozolis. P102 Laikyti vaikams neprieinamoje vietoje. P210 Laikyti atokiau nuo &scaron;ilumos &scaron;altini\u0173\/\u017eie\u017eirb\u0173\/atviros liepsnos\/kar&scaron;t\u0173 pavir&scaron;i\u0173. &ndash; Ner\u016bkyti. P211 Nepurk&scaron;ti \u012f atvir\u0105 liepsn\u0105 arba kitus degimo &scaron;altinius P410+P412 Saugoti nuo saul\u0117s &scaron;viesos. Nelaikyti auk&scaron;tesn\u0117je [&#8230;]\n","protected":false},"featured_media":0,"template":"","meta":[],"product_cat":[2181],"product_tag":[],"class_list":{"0":"post-107854","1":"product","2":"type-product","3":"status-publish","5":"product_brand-vexes_fon_tr-lt","6":"product_cat-bez-kategorijas-lt","8":"first","9":"instock","10":"taxable","11":"shipping-taxable","12":"product-type-simple"},"_links":{"self":[{"href":"https:\/\/e.kosmolat.eu\/lt\/wp-json\/wp\/v2\/product\/107854","targetHints":{"allow":["GET"]}}],"collection":[{"href":"https:\/\/e.kosmolat.eu\/lt\/wp-json\/wp\/v2\/product"}],"about":[{"href":"https:\/\/e.kosmolat.eu\/lt\/wp-json\/wp\/v2\/types\/product"}],"wp:attachment":[{"href":"https:\/\/e.kosmolat.eu\/lt\/wp-json\/wp\/v2\/media?parent=107854"}],"wp:term":[{"taxonomy":"product_cat","embeddable":true,"href":"https:\/\/e.kosmolat.eu\/lt\/wp-json\/wp\/v2\/product_cat?post=107854"},{"taxonomy":"product_tag","embeddable":true,"href":"https:\/\/e.kosmolat.eu\/lt\/wp-json\/wp\/v2\/product_tag?post=107854"}],"curies":[{"name":"wp","href":"https:\/\/api.w.org\/{rel}","templated":true}]}}