{"id":107818,"date":"2026-04-23T05:49:18","date_gmt":"2026-04-23T05:49:18","guid":{"rendered":"https:\/\/e.kosmolat.eu\/product\/c-organic-mimi-roku-sviestkrems-dzila-atjaunos-50-ml\/"},"modified":"2026-04-23T05:49:27","modified_gmt":"2026-04-23T05:49:27","slug":"c-organic-mimi-roku-sviestkrems-dzila-atjaunos-50-ml","status":"publish","type":"product","link":"https:\/\/e.kosmolat.eu\/lt\/produktas\/c-organic-mimi-roku-sviestkrems-dzila-atjaunos-50-ml\/","title":{"rendered":"ORGANIC MIMI Giluminio atkuriamojo poveikio rank\u0173 sviestas, 50 ml"},"content":{"rendered":"<p>Su  kokos\u0173 aliejumi ir taukmed\u017ei\u0173 sviestu \u0161is atkuriamasis rank\u0173 kremas-sviestas intensyviai maitina ir atnaujina od\u0105, dr\u0117kina, mink\u0161tina ir palieka j\u0105 \u0161velni\u0105 bei \u0161ilkin\u0119.<\/p>\n<p>Naudojimas: Tepkite ant \u0161vari\u0173 rank\u0173 ir masa\u017euokite, kol visi\u0161kai \u012fsigers. Tik i\u0161oriniam naudojimui.<\/p>\n","protected":false},"excerpt":{"rendered":"<p>Su kokos\u0173 aliejumi ir taukmed\u017ei\u0173 sviestu \u0161is atkuriamasis rank\u0173 kremas-sviestas intensyviai maitina ir atnaujina od\u0105, dr\u0117kina, mink\u0161tina ir palieka j\u0105 \u0161velni\u0105 bei \u0161ilkin\u0119. Naudojimas: Tepkite ant \u0161vari\u0173 rank\u0173 ir masa\u017euokite, kol visi\u0161kai \u012fsigers. Tik i\u0161oriniam naudojimui.<\/p>\n","protected":false},"featured_media":107820,"template":"","meta":[],"product_cat":[1304],"product_tag":[],"class_list":{"0":"post-107818","1":"product","2":"type-product","3":"status-publish","4":"has-post-thumbnail","6":"product_brand-ecolab_cs-lt","7":"product_cat-ranku-prieziuros-kosmetika","9":"first","10":"instock","11":"taxable","12":"shipping-taxable","13":"product-type-simple"},"_links":{"self":[{"href":"https:\/\/e.kosmolat.eu\/lt\/wp-json\/wp\/v2\/product\/107818","targetHints":{"allow":["GET"]}}],"collection":[{"href":"https:\/\/e.kosmolat.eu\/lt\/wp-json\/wp\/v2\/product"}],"about":[{"href":"https:\/\/e.kosmolat.eu\/lt\/wp-json\/wp\/v2\/types\/product"}],"wp:featuredmedia":[{"embeddable":true,"href":"https:\/\/e.kosmolat.eu\/lt\/wp-json\/wp\/v2\/media\/107820"}],"wp:attachment":[{"href":"https:\/\/e.kosmolat.eu\/lt\/wp-json\/wp\/v2\/media?parent=107818"}],"wp:term":[{"taxonomy":"product_cat","embeddable":true,"href":"https:\/\/e.kosmolat.eu\/lt\/wp-json\/wp\/v2\/product_cat?post=107818"},{"taxonomy":"product_tag","embeddable":true,"href":"https:\/\/e.kosmolat.eu\/lt\/wp-json\/wp\/v2\/product_tag?post=107818"}],"curies":[{"name":"wp","href":"https:\/\/api.w.org\/{rel}","templated":true}]}}