{"id":107806,"date":"2026-04-22T11:59:12","date_gmt":"2026-04-22T11:59:12","guid":{"rendered":"https:\/\/e.kosmolat.eu\/product\/r-o-c-s-zobu-pasta-sensitive-94-g\/"},"modified":"2026-04-28T11:11:17","modified_gmt":"2026-04-28T11:11:17","slug":"r-o-c-s-zobu-pasta-sensitive-94-g","status":"publish","type":"product","link":"https:\/\/e.kosmolat.eu\/lt\/produktas\/r-o-c-s-zobu-pasta-sensitive-94-g\/","title":{"rendered":"R.O.C.S. dantu pasta Sensitive, 94 g"},"content":{"rendered":"<p>Greitai nuramina jautrius dantis, atgaivina burnos kvap\u0105, kontaktuodama su plombomis ir pa\u017eeistomis emalio vietomis remineralizuoja emal\u012f. Kalio nitratas greitai pa\u0161alina skausmo poj\u016bti. Ksilitas apsaugo nuo karieso, u\u017ekerta keli\u0105 karies\u0105 sukelian\u010di\u0173 bakterij\u0173 dauginimuisi.<\/p>\n<p>Galiojimo laikas: 3 metai.<\/p>\n","protected":false},"excerpt":{"rendered":"<p>Greitai nuramina jautrius dantis, atgaivina burnos kvap\u0105, kontaktuodama su plombomis ir pa\u017eeistomis emalio vietomis remineralizuoja emal\u012f. Kalio nitratas greitai pa\u0161alina skausmo poj\u016bti. Ksilitas apsaugo nuo karieso, u\u017ekerta keli\u0105 karies\u0105 sukelian\u010di\u0173 bakterij\u0173 dauginimuisi. Galiojimo laikas: 3 metai.<\/p>\n","protected":false},"featured_media":0,"template":"","meta":[],"product_cat":[1308,1910],"product_tag":[],"class_list":{"0":"post-107806","1":"product","2":"type-product","3":"status-publish","5":"product_brand-rocs-lt","6":"product_cat-dantu-pastos-ir-geliai","7":"product_cat-new-lt","9":"first","10":"instock","11":"taxable","12":"shipping-taxable","13":"product-type-simple"},"_links":{"self":[{"href":"https:\/\/e.kosmolat.eu\/lt\/wp-json\/wp\/v2\/product\/107806","targetHints":{"allow":["GET"]}}],"collection":[{"href":"https:\/\/e.kosmolat.eu\/lt\/wp-json\/wp\/v2\/product"}],"about":[{"href":"https:\/\/e.kosmolat.eu\/lt\/wp-json\/wp\/v2\/types\/product"}],"wp:attachment":[{"href":"https:\/\/e.kosmolat.eu\/lt\/wp-json\/wp\/v2\/media?parent=107806"}],"wp:term":[{"taxonomy":"product_cat","embeddable":true,"href":"https:\/\/e.kosmolat.eu\/lt\/wp-json\/wp\/v2\/product_cat?post=107806"},{"taxonomy":"product_tag","embeddable":true,"href":"https:\/\/e.kosmolat.eu\/lt\/wp-json\/wp\/v2\/product_tag?post=107806"}],"curies":[{"name":"wp","href":"https:\/\/api.w.org\/{rel}","templated":true}]}}