{"id":107802,"date":"2026-04-22T11:58:55","date_gmt":"2026-04-22T11:58:55","guid":{"rendered":"https:\/\/e.kosmolat.eu\/product\/r-o-c-s-zobu-pasta-whitening-94-g\/"},"modified":"2026-04-28T11:11:07","modified_gmt":"2026-04-28T11:11:07","slug":"r-o-c-s-zobu-pasta-whitening-94-g","status":"publish","type":"product","link":"https:\/\/e.kosmolat.eu\/lt\/produktas\/r-o-c-s-zobu-pasta-whitening-94-g\/","title":{"rendered":"R.O.C.S. dantu pasta Whitening, 94 g"},"content":{"rendered":"<p>Aktyvina dant\u0173 emalio baltum\u0105 ir nat\u016bral\u0173 spindes\u012f, kokybi\u0161kai nuvalo ir nupoliruoja dantis. Sud\u0117tyje yra mineral\u0173 kompleksas (Mg, Ca, Na, Si, P) ir ksilitolis (2%). \u0160is remineralizuojantis kompleksas padeda atkurti emal\u012f ir pailgina plomb\u0173 tarnavimo laik\u0105.<br \/>\nGaliojimo laikas: 3 metai.<\/p>\n","protected":false},"excerpt":{"rendered":"<p>Aktyvina dant\u0173 emalio baltum\u0105 ir nat\u016bral\u0173 spindes\u012f, kokybi\u0161kai nuvalo ir nupoliruoja dantis. Sud\u0117tyje yra mineral\u0173 kompleksas (Mg, Ca, Na, Si, P) ir ksilitolis (2%). \u0160is remineralizuojantis kompleksas padeda atkurti emal\u012f ir pailgina plomb\u0173 tarnavimo laik\u0105. Galiojimo laikas: 3 metai.<\/p>\n","protected":false},"featured_media":0,"template":"","meta":[],"product_cat":[1308,1910],"product_tag":[],"class_list":{"0":"post-107802","1":"product","2":"type-product","3":"status-publish","5":"product_brand-rocs-lt","6":"product_cat-dantu-pastos-ir-geliai","7":"product_cat-new-lt","9":"first","10":"instock","11":"taxable","12":"shipping-taxable","13":"product-type-simple"},"_links":{"self":[{"href":"https:\/\/e.kosmolat.eu\/lt\/wp-json\/wp\/v2\/product\/107802","targetHints":{"allow":["GET"]}}],"collection":[{"href":"https:\/\/e.kosmolat.eu\/lt\/wp-json\/wp\/v2\/product"}],"about":[{"href":"https:\/\/e.kosmolat.eu\/lt\/wp-json\/wp\/v2\/types\/product"}],"wp:attachment":[{"href":"https:\/\/e.kosmolat.eu\/lt\/wp-json\/wp\/v2\/media?parent=107802"}],"wp:term":[{"taxonomy":"product_cat","embeddable":true,"href":"https:\/\/e.kosmolat.eu\/lt\/wp-json\/wp\/v2\/product_cat?post=107802"},{"taxonomy":"product_tag","embeddable":true,"href":"https:\/\/e.kosmolat.eu\/lt\/wp-json\/wp\/v2\/product_tag?post=107802"}],"curies":[{"name":"wp","href":"https:\/\/api.w.org\/{rel}","templated":true}]}}