{"id":107794,"date":"2026-04-22T10:06:21","date_gmt":"2026-04-22T10:06:21","guid":{"rendered":"https:\/\/e.kosmolat.eu\/product\/bradoline-alex-viriesu-dusas-zeleja-ikd-lietos-jutigai-adai-xxl-500-ml\/"},"modified":"2026-04-22T10:06:31","modified_gmt":"2026-04-22T10:06:31","slug":"bradoline-alex-viriesu-dusas-zeleja-ikd-lietos-jutigai-adai-xxl-500-ml","status":"publish","type":"product","link":"https:\/\/e.kosmolat.eu\/lt\/produktas\/bradoline-alex-viriesu-dusas-zeleja-ikd-lietos-jutigai-adai-xxl-500-ml\/","title":{"rendered":"BRADOLINE Alex vyri\u0161kas kasdienis du\u0161o gelis jautriai odai XXL, 500 ml"},"content":{"rendered":"<p>\u0160velni formul\u0117 tinka net jautriai odai. Augaliniai ingredientai suteikia odai gaivumo ir ramyb\u0117s poj\u016bt\u012f.<\/p>\n","protected":false},"excerpt":{"rendered":"<p>\u0160velni formul\u0117 tinka net jautriai odai. Augaliniai ingredientai suteikia odai gaivumo ir ramyb\u0117s poj\u016bt\u012f.<\/p>\n","protected":false},"featured_media":107796,"template":"","meta":[],"product_cat":[2181],"product_tag":[],"class_list":{"0":"post-107794","1":"product","2":"type-product","3":"status-publish","4":"has-post-thumbnail","6":"product_brand-florin_hu-lt","7":"product_cat-bez-kategorijas-lt","9":"first","10":"instock","11":"taxable","12":"shipping-taxable","13":"product-type-simple"},"_links":{"self":[{"href":"https:\/\/e.kosmolat.eu\/lt\/wp-json\/wp\/v2\/product\/107794","targetHints":{"allow":["GET"]}}],"collection":[{"href":"https:\/\/e.kosmolat.eu\/lt\/wp-json\/wp\/v2\/product"}],"about":[{"href":"https:\/\/e.kosmolat.eu\/lt\/wp-json\/wp\/v2\/types\/product"}],"wp:featuredmedia":[{"embeddable":true,"href":"https:\/\/e.kosmolat.eu\/lt\/wp-json\/wp\/v2\/media\/107796"}],"wp:attachment":[{"href":"https:\/\/e.kosmolat.eu\/lt\/wp-json\/wp\/v2\/media?parent=107794"}],"wp:term":[{"taxonomy":"product_cat","embeddable":true,"href":"https:\/\/e.kosmolat.eu\/lt\/wp-json\/wp\/v2\/product_cat?post=107794"},{"taxonomy":"product_tag","embeddable":true,"href":"https:\/\/e.kosmolat.eu\/lt\/wp-json\/wp\/v2\/product_tag?post=107794"}],"curies":[{"name":"wp","href":"https:\/\/api.w.org\/{rel}","templated":true}]}}