{"id":107768,"date":"2026-04-22T06:12:14","date_gmt":"2026-04-22T06:12:14","guid":{"rendered":"https:\/\/e.kosmolat.eu\/product\/ecl-all-in-one-samp-visiem-matu-tip-600-ml\/"},"modified":"2026-04-23T05:49:11","modified_gmt":"2026-04-23T05:49:11","slug":"ecl-all-in-one-samp-visiem-matu-tip-600-ml","status":"publish","type":"product","link":"https:\/\/e.kosmolat.eu\/lt\/produktas\/ecl-all-in-one-samp-visiem-matu-tip-600-ml\/","title":{"rendered":"ECOLATIER All-in-one \u0161amp\u016bnas visiems plauk\u0173 tipams, 600 ml"},"content":{"rendered":"<p>Daugiafunkcis produktas, skirtas efektyviai valyti ir pri\u017ei\u016br\u0117ti plaukus bei galvos od\u0105. Sud\u0117tyje yra nat\u016brali\u0173 aktyvi\u0173j\u0173 ingredient\u0173, kurie \u0161velniai valo, maitina, atkuria, stiprina ir apsaugo plaukus, i\u0161saugodami nat\u016bral\u0173 j\u0173 gro\u017e\u012f. Reguliariai naudojant \u0161\u012f \u0161amp\u016bn\u0105, ilgalaikis \u0161varos ir gaivumo poj\u016btis i\u0161lieka, plaukai tampa mink\u0161ti, \u017evilgantys ir \u0161ilkiniai.<\/p>\n<p>Sud\u0117tis, apsauganti od\u0105 ir plaukus nuo aplinkos agresori\u0173: rud\u0173j\u0173 dumbli\u0173 ekstraktas, fermentuot\u0173 mieliagrybi\u0173 ekstraktas, vitaminai B3, E ir F.<\/p>\n<p>Veikliosios med\u017eiagos:<br \/>\n\u2022 Keratinas atkuria plauk\u0173 strukt\u016br\u0105, didindamas j\u0173 stiprum\u0105 ir elastingum\u0105.<br \/>\n\u2022 Biotinas stiprina plaukus, apsaugo nuo plauk\u0173 slinkimo, ma\u017eina l\u016b\u017ein\u0117jim\u0105 ir padeda i\u0161vengti galiuk\u0173 skilin\u0117jimo.<br \/>\n\u2022 Bambuk\u0173 ekstraktas suteikia blizgesio ir sveiko spindesio, tod\u0117l plaukus lengviau \u0161ukuoti ir formuoti.<br \/>\n\u2022  Vynuogi\u0173 kauliuk\u0173 aliejus intensyviai maitina ir mink\u0161tina plaukus, apsaugodamas juos nuo neigiamo aplinkos poveikio.<br \/>\n\u2022 Prebiotikai palaiko mikrobiomo pusiausvyr\u0105, padeda dr\u0117kinti ir apsaugoti galvos od\u0105.<\/p>\n<p>Naudojimas: U\u017etepkite \u0161amp\u016bno ant dr\u0117gn\u0173 plauk\u0173, \u012ftrinkite ir nuplaukite \u0161iltu vandeniu. Jei reikia, pakartokite. Tinka kasdieniam naudojimui. Tik i\u0161oriniam naudojimui. Geriausiems rezultatams pasiekti naudokite kartu su \u201eALL-IN-ONE\u201c plauk\u0173 kondicionieriumi.<\/p>\n","protected":false},"excerpt":{"rendered":"<p>Daugiafunkcis produktas, skirtas efektyviai valyti ir pri\u017ei\u016br\u0117ti plaukus bei galvos od\u0105. Sud\u0117tyje yra nat\u016brali\u0173 aktyvi\u0173j\u0173 ingredient\u0173, kurie \u0161velniai valo, maitina, atkuria, stiprina ir apsaugo plaukus, i\u0161saugodami nat\u016bral\u0173 j\u0173 gro\u017e\u012f. Reguliariai naudojant \u0161\u012f \u0161amp\u016bn\u0105, ilgalaikis \u0161varos ir gaivumo poj\u016btis i\u0161lieka, plaukai tampa mink\u0161ti, \u017evilgantys ir \u0161ilkiniai. Sud\u0117tis, apsauganti od\u0105 ir plaukus nuo aplinkos agresori\u0173: rud\u0173j\u0173 dumbli\u0173 [&#8230;]\n","protected":false},"featured_media":107770,"template":"","meta":[],"product_cat":[1251],"product_tag":[],"class_list":{"0":"post-107768","1":"product","2":"type-product","3":"status-publish","4":"has-post-thumbnail","6":"product_brand-ecolab_cs-lt","7":"product_cat-sampunai","9":"first","10":"instock","11":"taxable","12":"shipping-taxable","13":"product-type-simple"},"_links":{"self":[{"href":"https:\/\/e.kosmolat.eu\/lt\/wp-json\/wp\/v2\/product\/107768","targetHints":{"allow":["GET"]}}],"collection":[{"href":"https:\/\/e.kosmolat.eu\/lt\/wp-json\/wp\/v2\/product"}],"about":[{"href":"https:\/\/e.kosmolat.eu\/lt\/wp-json\/wp\/v2\/types\/product"}],"wp:featuredmedia":[{"embeddable":true,"href":"https:\/\/e.kosmolat.eu\/lt\/wp-json\/wp\/v2\/media\/107770"}],"wp:attachment":[{"href":"https:\/\/e.kosmolat.eu\/lt\/wp-json\/wp\/v2\/media?parent=107768"}],"wp:term":[{"taxonomy":"product_cat","embeddable":true,"href":"https:\/\/e.kosmolat.eu\/lt\/wp-json\/wp\/v2\/product_cat?post=107768"},{"taxonomy":"product_tag","embeddable":true,"href":"https:\/\/e.kosmolat.eu\/lt\/wp-json\/wp\/v2\/product_tag?post=107768"}],"curies":[{"name":"wp","href":"https:\/\/api.w.org\/{rel}","templated":true}]}}