{"id":107601,"date":"2026-04-20T05:50:22","date_gmt":"2026-04-20T05:50:22","guid":{"rendered":"https:\/\/e.kosmolat.eu\/product\/ecl-all-in-one-eksfol-dusas-zeleja-400-ml\/"},"modified":"2026-04-20T05:50:33","modified_gmt":"2026-04-20T05:50:33","slug":"ecl-all-in-one-eksfol-dusas-zeleja-400-ml","status":"publish","type":"product","link":"https:\/\/e.kosmolat.eu\/lt\/produktas\/ecl-all-in-one-eksfol-dusas-zeleja-400-ml\/","title":{"rendered":"ECOLATIER All-in-one  \u0161vei\u010diamasis du\u0161o gelis, 400 ml"},"content":{"rendered":"<p>\u0160is daugiafunkcis produktas sujungia du\u0161o gelio ir \u0161veitiklio savybes, kad \u0161velniai ir efektyviai nuvalyt\u0173 od\u0105. Unikali formul\u0117, praturtinta nat\u016braliais ingredientais, \u0161velniai pa\u0161alina ne\u0161varumus ir skatina odos atsinaujinim\u0105 jos nesausindamas, tod\u0117l oda tampa \u0161velni ir lygi. Subtilus kvapas sukuria gaivumo, \u0161varos ir komforto poj\u016bt\u012f.<\/p>\n<p>Sud\u0117tis, apsauganti od\u0105 nuo aplinkos agresori\u0173: rud\u0173j\u0173 dumbli\u0173 ekstraktas, fermentuot\u0173 mieliagrybi\u0173 ekstraktas, vitaminai B3, E ir F.<br \/>\nVeikliosios med\u017eiagos:<br \/>\n\u2022 Mang\u0173 sviestas pasi\u017eymi antioksidacin\u0117mis savyb\u0117mis, maitina ir dr\u0117kina od\u0105, skatindamas jos atsinaujinim\u0105.<br \/>\n\u2022 Kolagenas palaiko optimal\u0173 odos dr\u0117kinim\u0105, atkurdamas jos elastingum\u0105 ir lygum\u0105.<br \/>\n\u2022 Citrin\u0173 ekstraktas mink\u0161tina od\u0105, gerindamas jos tonus\u0105 ir elastingum\u0105.<\/p>\n<p>Naudojimas: U\u017etepkite du\u0161o \u017eel\u0117s ant dr\u0117gnos odos arba kempin\u0117s. \u012emasa\u017euokite \u012f k\u016bn\u0105, kol susidarys putos, ir nuplaukite \u0161iltu vandeniu. Tik i\u0161oriniam naudojimui.<\/p>\n","protected":false},"excerpt":{"rendered":"<p>\u0160is daugiafunkcis produktas sujungia du\u0161o gelio ir \u0161veitiklio savybes, kad \u0161velniai ir efektyviai nuvalyt\u0173 od\u0105. Unikali formul\u0117, praturtinta nat\u016braliais ingredientais, \u0161velniai pa\u0161alina ne\u0161varumus ir skatina odos atsinaujinim\u0105 jos nesausindamas, tod\u0117l oda tampa \u0161velni ir lygi. Subtilus kvapas sukuria gaivumo, \u0161varos ir komforto poj\u016bt\u012f. Sud\u0117tis, apsauganti od\u0105 nuo aplinkos agresori\u0173: rud\u0173j\u0173 dumbli\u0173 ekstraktas, fermentuot\u0173 mieliagrybi\u0173 ekstraktas, [&#8230;]\n","protected":false},"featured_media":107603,"template":"","meta":[],"product_cat":[1359],"product_tag":[],"class_list":{"0":"post-107601","1":"product","2":"type-product","3":"status-publish","4":"has-post-thumbnail","6":"product_brand-ecolab_cs-lt","7":"product_cat-kuno-sveitikliai-ir-pilingai","9":"first","10":"instock","11":"taxable","12":"shipping-taxable","13":"product-type-simple"},"_links":{"self":[{"href":"https:\/\/e.kosmolat.eu\/lt\/wp-json\/wp\/v2\/product\/107601","targetHints":{"allow":["GET"]}}],"collection":[{"href":"https:\/\/e.kosmolat.eu\/lt\/wp-json\/wp\/v2\/product"}],"about":[{"href":"https:\/\/e.kosmolat.eu\/lt\/wp-json\/wp\/v2\/types\/product"}],"wp:featuredmedia":[{"embeddable":true,"href":"https:\/\/e.kosmolat.eu\/lt\/wp-json\/wp\/v2\/media\/107603"}],"wp:attachment":[{"href":"https:\/\/e.kosmolat.eu\/lt\/wp-json\/wp\/v2\/media?parent=107601"}],"wp:term":[{"taxonomy":"product_cat","embeddable":true,"href":"https:\/\/e.kosmolat.eu\/lt\/wp-json\/wp\/v2\/product_cat?post=107601"},{"taxonomy":"product_tag","embeddable":true,"href":"https:\/\/e.kosmolat.eu\/lt\/wp-json\/wp\/v2\/product_tag?post=107601"}],"curies":[{"name":"wp","href":"https:\/\/api.w.org\/{rel}","templated":true}]}}