{"id":107583,"date":"2026-04-17T14:10:35","date_gmt":"2026-04-17T14:10:35","guid":{"rendered":"https:\/\/e.kosmolat.eu\/product\/med-b-shea-butter-rich-mitrinoss-kaju-krems-70-ml\/"},"modified":"2026-04-17T14:19:53","modified_gmt":"2026-04-17T14:19:53","slug":"med-b-shea-butter-rich-mitrinoss-kaju-krems-70-ml","status":"publish","type":"product","link":"https:\/\/e.kosmolat.eu\/lt\/produktas\/med-b-shea-butter-rich-mitrinoss-kaju-krems-70-ml\/","title":{"rendered":"MED B Shea Butter Rich Mitrino\u0161s k\u0101ju kr\u0113ms, 70 ml"},"content":{"rendered":"","protected":false},"excerpt":{"rendered":"","protected":false},"featured_media":0,"template":"","meta":[],"product_cat":[1763],"product_tag":[],"class_list":{"0":"post-107583","1":"product","2":"type-product","3":"status-publish","5":"product_brand-replay_kr-lt","6":"product_cat-koju-prieziuros-kosmetika","8":"first","9":"instock","10":"taxable","11":"shipping-taxable","12":"product-type-simple"},"_links":{"self":[{"href":"https:\/\/e.kosmolat.eu\/lt\/wp-json\/wp\/v2\/product\/107583","targetHints":{"allow":["GET"]}}],"collection":[{"href":"https:\/\/e.kosmolat.eu\/lt\/wp-json\/wp\/v2\/product"}],"about":[{"href":"https:\/\/e.kosmolat.eu\/lt\/wp-json\/wp\/v2\/types\/product"}],"wp:attachment":[{"href":"https:\/\/e.kosmolat.eu\/lt\/wp-json\/wp\/v2\/media?parent=107583"}],"wp:term":[{"taxonomy":"product_cat","embeddable":true,"href":"https:\/\/e.kosmolat.eu\/lt\/wp-json\/wp\/v2\/product_cat?post=107583"},{"taxonomy":"product_tag","embeddable":true,"href":"https:\/\/e.kosmolat.eu\/lt\/wp-json\/wp\/v2\/product_tag?post=107583"}],"curies":[{"name":"wp","href":"https:\/\/api.w.org\/{rel}","templated":true}]}}