{"id":107558,"date":"2026-04-17T07:39:27","date_gmt":"2026-04-17T07:39:27","guid":{"rendered":"https:\/\/e.kosmolat.eu\/product\/shik-nectar-blueberry-tart-dusas-zeleja-400-g\/"},"modified":"2026-04-23T06:58:51","modified_gmt":"2026-04-23T06:58:51","slug":"shik-nectar-blueberry-tart-dusas-zeleja-400-g","status":"publish","type":"product","link":"https:\/\/e.kosmolat.eu\/lt\/produktas\/shik-nectar-blueberry-tart-dusas-zeleja-400-g\/","title":{"rendered":"SHIK Nectar Blueberry tart Du\u0161o \u017eel\u0117, 400 g"},"content":{"rendered":"<li>&Scaron;velniai valo<\/li>\n<li>Mink&scaron;tina ir dr\u0117kina<\/li>\n<li>Suteikia odai &scaron;ilkin\u012f poj\u016bt\u012f<\/li>\n<li>Apsaugo nuo aplinkos poveikio<\/li>\n<\/ul>\n<p>Su m\u0117lyni\u0173 ekstraktu, vitaminu E ir pantenoliu.<br \/>\nM\u0117lyni\u0173 ekstraktas turtingas vitaminais ir saugo od\u0105.<br \/>\nM\u0117lyni\u0173 pyrago aromatas sukuria jaukumo poj\u016bt\u012f.<\/p>\n<p><strong>Naudojimas:<\/strong><br \/>\nU\u017epilti ant dr\u0117gnos odos, suputoti, nuplauti vandeniu.<\/p>\n<p><strong>Atsargumo priemon\u0117s:<\/strong><br \/>\nPatekus \u012f akis, gerai nuplauti vandeniu.<\/p>\n<p><strong>Laikymo s\u0105lygos:<\/strong><br \/>\nNuo 5&deg;C iki 25&deg;C, saugoti nuo saul\u0117s.<\/p>\n","protected":false},"excerpt":{"rendered":"<p>&Scaron;velniai valo Mink&scaron;tina ir dr\u0117kina Suteikia odai &scaron;ilkin\u012f poj\u016bt\u012f Apsaugo nuo aplinkos poveikio Su m\u0117lyni\u0173 ekstraktu, vitaminu E ir pantenoliu. M\u0117lyni\u0173 ekstraktas turtingas vitaminais ir saugo od\u0105. M\u0117lyni\u0173 pyrago aromatas sukuria jaukumo poj\u016bt\u012f. Naudojimas: U\u017epilti ant dr\u0117gnos odos, suputoti, nuplauti vandeniu. Atsargumo priemon\u0117s: Patekus \u012f akis, gerai nuplauti vandeniu. Laikymo s\u0105lygos: Nuo 5&deg;C iki 25&deg;C, [&#8230;]\n","protected":false},"featured_media":0,"template":"","meta":[],"product_cat":[1282],"product_tag":[],"class_list":{"0":"post-107558","1":"product","2":"type-product","3":"status-publish","5":"product_brand-slobozanskij-milovar_ua-lt","6":"product_cat-duso-geliai-ir-duso-aliejai","8":"first","9":"instock","10":"taxable","11":"shipping-taxable","12":"product-type-simple"},"_links":{"self":[{"href":"https:\/\/e.kosmolat.eu\/lt\/wp-json\/wp\/v2\/product\/107558","targetHints":{"allow":["GET"]}}],"collection":[{"href":"https:\/\/e.kosmolat.eu\/lt\/wp-json\/wp\/v2\/product"}],"about":[{"href":"https:\/\/e.kosmolat.eu\/lt\/wp-json\/wp\/v2\/types\/product"}],"wp:attachment":[{"href":"https:\/\/e.kosmolat.eu\/lt\/wp-json\/wp\/v2\/media?parent=107558"}],"wp:term":[{"taxonomy":"product_cat","embeddable":true,"href":"https:\/\/e.kosmolat.eu\/lt\/wp-json\/wp\/v2\/product_cat?post=107558"},{"taxonomy":"product_tag","embeddable":true,"href":"https:\/\/e.kosmolat.eu\/lt\/wp-json\/wp\/v2\/product_tag?post=107558"}],"curies":[{"name":"wp","href":"https:\/\/api.w.org\/{rel}","templated":true}]}}