{"id":107548,"date":"2026-04-17T06:18:48","date_gmt":"2026-04-17T06:18:48","guid":{"rendered":"https:\/\/e.kosmolat.eu\/product\/eclu-eksfol-kermena-skrubis-420-g\/"},"modified":"2026-04-17T06:18:57","modified_gmt":"2026-04-17T06:18:57","slug":"eclu-eksfol-kermena-skrubis-420-g","status":"publish","type":"product","link":"https:\/\/e.kosmolat.eu\/lt\/produktas\/eclu-eksfol-kermena-skrubis-420-g\/","title":{"rendered":"ECOLATIER \u0160vei\u010diamasis k\u016bno \u0161veitiklis, 420 g"},"content":{"rendered":"<p>Efektyviai valo ir \u0161velniai \u0161vei\u010dia od\u0105, aktyvina epidermio atsinaujinim\u0105, turi anticeliulitin\u012f poveik\u012f, atkuria lygum\u0105, stangrum\u0105 ir elastingum\u0105.<\/p>\n<p>Aktyviosios med\u017eiagos:<br \/>\n\u2022 Ro\u017ein\u0117 Himalaj\u0173 druska \u0161vei\u010dia ir suvienodina odos atspalv\u012f.<br \/>\n\u2022 Avokad\u0173 aliejus maitina ir atkuria od\u0105, veiksmingai pa\u0161alindamas sausum\u0105 ir pleiskanojim\u0105.<br \/>\n\u2022 Fig\u0173 ekstraktas skatina odos l\u0105steli\u0173 atsinaujinim\u0105, stiprina ir tonizuoja.<br \/>\n\u2022 Krotono dervos ekstraktas (drakono kraujas), moring\u0173 ekstraktas ir vitaminai B5, B6, C ir E pasi\u017eymi dideliu antioksidaciniu aktyvumu ir atkuria odos apsaugin\u012f barjer\u0105.<\/p>\n<p>Naudojimas: tepkite ant dr\u0117gnos odos, \u0161velniai \u012fmasa\u017euokite ir nuplaukite \u0161iltu vandeniu. Nenaudokite ant pa\u017eeistos ar sudirgusios odos.<\/p>\n","protected":false},"excerpt":{"rendered":"<p>Efektyviai valo ir \u0161velniai \u0161vei\u010dia od\u0105, aktyvina epidermio atsinaujinim\u0105, turi anticeliulitin\u012f poveik\u012f, atkuria lygum\u0105, stangrum\u0105 ir elastingum\u0105. Aktyviosios med\u017eiagos: \u2022 Ro\u017ein\u0117 Himalaj\u0173 druska \u0161vei\u010dia ir suvienodina odos atspalv\u012f. \u2022 Avokad\u0173 aliejus maitina ir atkuria od\u0105, veiksmingai pa\u0161alindamas sausum\u0105 ir pleiskanojim\u0105. \u2022 Fig\u0173 ekstraktas skatina odos l\u0105steli\u0173 atsinaujinim\u0105, stiprina ir tonizuoja. \u2022 Krotono dervos ekstraktas (drakono [&#8230;]\n","protected":false},"featured_media":107550,"template":"","meta":[],"product_cat":[2181],"product_tag":[],"class_list":{"0":"post-107548","1":"product","2":"type-product","3":"status-publish","4":"has-post-thumbnail","6":"product_brand-ecolab_cs-lt","7":"product_cat-bez-kategorijas-lt","9":"first","10":"instock","11":"taxable","12":"shipping-taxable","13":"product-type-simple"},"_links":{"self":[{"href":"https:\/\/e.kosmolat.eu\/lt\/wp-json\/wp\/v2\/product\/107548","targetHints":{"allow":["GET"]}}],"collection":[{"href":"https:\/\/e.kosmolat.eu\/lt\/wp-json\/wp\/v2\/product"}],"about":[{"href":"https:\/\/e.kosmolat.eu\/lt\/wp-json\/wp\/v2\/types\/product"}],"wp:featuredmedia":[{"embeddable":true,"href":"https:\/\/e.kosmolat.eu\/lt\/wp-json\/wp\/v2\/media\/107550"}],"wp:attachment":[{"href":"https:\/\/e.kosmolat.eu\/lt\/wp-json\/wp\/v2\/media?parent=107548"}],"wp:term":[{"taxonomy":"product_cat","embeddable":true,"href":"https:\/\/e.kosmolat.eu\/lt\/wp-json\/wp\/v2\/product_cat?post=107548"},{"taxonomy":"product_tag","embeddable":true,"href":"https:\/\/e.kosmolat.eu\/lt\/wp-json\/wp\/v2\/product_tag?post=107548"}],"curies":[{"name":"wp","href":"https:\/\/api.w.org\/{rel}","templated":true}]}}