{"id":107530,"date":"2026-04-16T13:56:00","date_gmt":"2026-04-16T13:56:00","guid":{"rendered":"https:\/\/e.kosmolat.eu\/product\/shik-nectar-strawberry-macaroons-dusas-zeleja-400-g\/"},"modified":"2026-04-23T07:04:40","modified_gmt":"2026-04-23T07:04:40","slug":"shik-nectar-strawberry-macaroons-dusas-zeleja-400-g","status":"publish","type":"product","link":"https:\/\/e.kosmolat.eu\/lt\/produktas\/shik-nectar-strawberry-macaroons-dusas-zeleja-400-g\/","title":{"rendered":"SHIK Nectar Strawberry macaroons Du\u0161o \u017eel\u0117, 400 g"},"content":{"rendered":"<li>&Scaron;velniai valo<\/li>\n<li>Mink&scaron;tina ir dr\u0117kina<\/li>\n<li>Suteikia odai &scaron;velnumo<\/li>\n<li>Apsaugo nuo aplinkos poveikio<\/li>\n<\/ul>\n<p>Su bra&scaron;ki\u0173 ekstraktu, vitaminu E ir pantenoliu.<br \/>\nBra&scaron;ki\u0173 ekstraktas skatina odos atsinaujinim\u0105 ir turi prie&scaron;u\u017edegimini\u0173 savybi\u0173.<br \/>\nBra&scaron;ki\u0173 deserto kvapas suteikia &scaron;ilumos ir &scaron;ventin\u0119 nuotaik\u0105.<\/p>\n<p><strong>Naudojimas:<\/strong><br \/>\nU\u017epilti ant dr\u0117gnos odos, suputoti, nuplauti vandeniu.<\/p>\n<p><strong>Atsargumo priemon\u0117s:<\/strong><br \/>\nPatekus \u012f akis, gerai nuplauti vandeniu.<\/p>\n<p><strong>Laikymo s\u0105lygos:<\/strong><br \/>\nNuo 5&deg;C iki 25&deg;C, saugoti nuo saul\u0117s.<\/p>\n","protected":false},"excerpt":{"rendered":"<p>&Scaron;velniai valo Mink&scaron;tina ir dr\u0117kina Suteikia odai &scaron;velnumo Apsaugo nuo aplinkos poveikio Su bra&scaron;ki\u0173 ekstraktu, vitaminu E ir pantenoliu. Bra&scaron;ki\u0173 ekstraktas skatina odos atsinaujinim\u0105 ir turi prie&scaron;u\u017edegimini\u0173 savybi\u0173. Bra&scaron;ki\u0173 deserto kvapas suteikia &scaron;ilumos ir &scaron;ventin\u0119 nuotaik\u0105. Naudojimas: U\u017epilti ant dr\u0117gnos odos, suputoti, nuplauti vandeniu. Atsargumo priemon\u0117s: Patekus \u012f akis, gerai nuplauti vandeniu. Laikymo s\u0105lygos: Nuo [&#8230;]\n","protected":false},"featured_media":0,"template":"","meta":[],"product_cat":[2181],"product_tag":[],"class_list":{"0":"post-107530","1":"product","2":"type-product","3":"status-publish","5":"product_brand-slobozanskij-milovar_ua-lt","6":"product_cat-bez-kategorijas-lt","8":"first","9":"instock","10":"taxable","11":"shipping-taxable","12":"product-type-simple"},"_links":{"self":[{"href":"https:\/\/e.kosmolat.eu\/lt\/wp-json\/wp\/v2\/product\/107530","targetHints":{"allow":["GET"]}}],"collection":[{"href":"https:\/\/e.kosmolat.eu\/lt\/wp-json\/wp\/v2\/product"}],"about":[{"href":"https:\/\/e.kosmolat.eu\/lt\/wp-json\/wp\/v2\/types\/product"}],"wp:attachment":[{"href":"https:\/\/e.kosmolat.eu\/lt\/wp-json\/wp\/v2\/media?parent=107530"}],"wp:term":[{"taxonomy":"product_cat","embeddable":true,"href":"https:\/\/e.kosmolat.eu\/lt\/wp-json\/wp\/v2\/product_cat?post=107530"},{"taxonomy":"product_tag","embeddable":true,"href":"https:\/\/e.kosmolat.eu\/lt\/wp-json\/wp\/v2\/product_tag?post=107530"}],"curies":[{"name":"wp","href":"https:\/\/api.w.org\/{rel}","templated":true}]}}