{"id":107498,"date":"2026-04-16T13:43:17","date_gmt":"2026-04-16T13:43:17","guid":{"rendered":"https:\/\/e.kosmolat.eu\/product\/dermaflora-dabigs-zimulv-dezod-ar-msm-jut-adai-bez-smarz-50-ml\/"},"modified":"2026-04-16T13:43:26","modified_gmt":"2026-04-16T13:43:26","slug":"dermaflora-dabigs-zimulv-dezod-ar-msm-jut-adai-bez-smarz-50-ml","status":"publish","type":"product","link":"https:\/\/e.kosmolat.eu\/lt\/produktas\/dermaflora-dabigs-zimulv-dezod-ar-msm-jut-adai-bez-smarz-50-ml\/","title":{"rendered":"DERMAFLORA nat\u016bralus dezodorantas su MSM jautriai odai, bekvapis, 50 ml"},"content":{"rendered":"<p>0 % alergen\u0173, aliuminio, paraben\u0173, kvapi\u0173j\u0173 med\u017eiag\u0173 ir da\u017eikli\u0173. Tinka \u017emon\u0117ms, jautriems kvapams.<\/p>\n<p>\u0160is dezodorantas-stiklinis dezodorantas yra praturtintas nat\u016braliais ingredientais ir sud\u0117tyje turi MSM \u2013 nat\u016bralaus \u201egro\u017eio mineralo\u201c. Jo veikliosios med\u017eiagos u\u017etikrina nat\u016brali\u0105 apsaug\u0105 nuo nemalonaus kvapo vis\u0105 dien\u0105 be kenksming\u0173 med\u017eiag\u0173. MSM ramina, mink\u0161tina ir skatina odos regeneracij\u0105. D\u0117l \u0161velnaus poveikio produktas nesukelia dirginimo. Nepalieka d\u0117mi\u0173 ant r\u016bb\u0173.<\/p>\n","protected":false},"excerpt":{"rendered":"<p>0 % alergen\u0173, aliuminio, paraben\u0173, kvapi\u0173j\u0173 med\u017eiag\u0173 ir da\u017eikli\u0173. Tinka \u017emon\u0117ms, jautriems kvapams. \u0160is dezodorantas-stiklinis dezodorantas yra praturtintas nat\u016braliais ingredientais ir sud\u0117tyje turi MSM \u2013 nat\u016bralaus \u201egro\u017eio mineralo\u201c. Jo veikliosios med\u017eiagos u\u017etikrina nat\u016brali\u0105 apsaug\u0105 nuo nemalonaus kvapo vis\u0105 dien\u0105 be kenksming\u0173 med\u017eiag\u0173. MSM ramina, mink\u0161tina ir skatina odos regeneracij\u0105. D\u0117l \u0161velnaus poveikio produktas nesukelia dirginimo. [&#8230;]\n","protected":false},"featured_media":107500,"template":"","meta":[],"product_cat":[1630],"product_tag":[],"class_list":{"0":"post-107498","1":"product","2":"type-product","3":"status-publish","4":"has-post-thumbnail","6":"product_brand-florin_hu-lt","7":"product_cat-dezodorantai","9":"first","10":"instock","11":"taxable","12":"shipping-taxable","13":"product-type-simple"},"_links":{"self":[{"href":"https:\/\/e.kosmolat.eu\/lt\/wp-json\/wp\/v2\/product\/107498","targetHints":{"allow":["GET"]}}],"collection":[{"href":"https:\/\/e.kosmolat.eu\/lt\/wp-json\/wp\/v2\/product"}],"about":[{"href":"https:\/\/e.kosmolat.eu\/lt\/wp-json\/wp\/v2\/types\/product"}],"wp:featuredmedia":[{"embeddable":true,"href":"https:\/\/e.kosmolat.eu\/lt\/wp-json\/wp\/v2\/media\/107500"}],"wp:attachment":[{"href":"https:\/\/e.kosmolat.eu\/lt\/wp-json\/wp\/v2\/media?parent=107498"}],"wp:term":[{"taxonomy":"product_cat","embeddable":true,"href":"https:\/\/e.kosmolat.eu\/lt\/wp-json\/wp\/v2\/product_cat?post=107498"},{"taxonomy":"product_tag","embeddable":true,"href":"https:\/\/e.kosmolat.eu\/lt\/wp-json\/wp\/v2\/product_tag?post=107498"}],"curies":[{"name":"wp","href":"https:\/\/api.w.org\/{rel}","templated":true}]}}