{"id":107490,"date":"2026-04-16T13:43:00","date_gmt":"2026-04-16T13:43:00","guid":{"rendered":"https:\/\/e.kosmolat.eu\/product\/dermaflora-dabigs-zimulv-dezod-ar-alvejas-ekstr-24-st-50-ml\/"},"modified":"2026-04-20T11:39:53","modified_gmt":"2026-04-20T11:39:53","slug":"dermaflora-dabigs-zimulv-dezod-ar-alvejas-ekstr-24-st-50-ml","status":"publish","type":"product","link":"https:\/\/e.kosmolat.eu\/lt\/produktas\/dermaflora-dabigs-zimulv-dezod-ar-alvejas-ekstr-24-st-50-ml\/","title":{"rendered":"DERMAFLORA nat\u016bralus dezodorantas su alavij\u0173 ekstraktu, 24 val., 50 ml"},"content":{"rendered":"<p>0 % alergen\u0173, aliuminio, paraben\u0173 ir alkoholio. D\u0117l nat\u016brali\u0173 ingredient\u0173 dezodorantas nedirgina odos ir nepalieka d\u0117mi\u0173 ant drabu\u017ei\u0173. U\u017etikrina nat\u016brali\u0105 apsaug\u0105 nuo kvapo vis\u0105 dien\u0105. Nenaudokite ant pa\u017eeistos ar sudirgusios odos! Po naudojimo leiskite priemonei i\u0161d\u017ei\u016bti.<\/p>\n<p>Laikyti +5\u2013+25 \u00b0C temperat\u016broje.<\/p>\n","protected":false},"excerpt":{"rendered":"<p>0 % alergen\u0173, aliuminio, paraben\u0173 ir alkoholio. D\u0117l nat\u016brali\u0173 ingredient\u0173 dezodorantas nedirgina odos ir nepalieka d\u0117mi\u0173 ant drabu\u017ei\u0173. U\u017etikrina nat\u016brali\u0105 apsaug\u0105 nuo kvapo vis\u0105 dien\u0105. Nenaudokite ant pa\u017eeistos ar sudirgusios odos! Po naudojimo leiskite priemonei i\u0161d\u017ei\u016bti. Laikyti +5\u2013+25 \u00b0C temperat\u016broje.<\/p>\n","protected":false},"featured_media":107492,"template":"","meta":[],"product_cat":[1630],"product_tag":[],"class_list":{"0":"post-107490","1":"product","2":"type-product","3":"status-publish","4":"has-post-thumbnail","6":"product_brand-florin_hu-lt","7":"product_cat-dezodorantai","9":"first","10":"instock","11":"taxable","12":"shipping-taxable","13":"product-type-simple"},"_links":{"self":[{"href":"https:\/\/e.kosmolat.eu\/lt\/wp-json\/wp\/v2\/product\/107490","targetHints":{"allow":["GET"]}}],"collection":[{"href":"https:\/\/e.kosmolat.eu\/lt\/wp-json\/wp\/v2\/product"}],"about":[{"href":"https:\/\/e.kosmolat.eu\/lt\/wp-json\/wp\/v2\/types\/product"}],"wp:featuredmedia":[{"embeddable":true,"href":"https:\/\/e.kosmolat.eu\/lt\/wp-json\/wp\/v2\/media\/107492"}],"wp:attachment":[{"href":"https:\/\/e.kosmolat.eu\/lt\/wp-json\/wp\/v2\/media?parent=107490"}],"wp:term":[{"taxonomy":"product_cat","embeddable":true,"href":"https:\/\/e.kosmolat.eu\/lt\/wp-json\/wp\/v2\/product_cat?post=107490"},{"taxonomy":"product_tag","embeddable":true,"href":"https:\/\/e.kosmolat.eu\/lt\/wp-json\/wp\/v2\/product_tag?post=107490"}],"curies":[{"name":"wp","href":"https:\/\/api.w.org\/{rel}","templated":true}]}}