{"id":107482,"date":"2026-04-16T13:41:33","date_gmt":"2026-04-16T13:41:33","guid":{"rendered":"https:\/\/e.kosmolat.eu\/product\/bradoline-bond-losjons-pec-skus-jutigai-adai-125-ml\/"},"modified":"2026-04-16T13:41:41","modified_gmt":"2026-04-16T13:41:41","slug":"bradoline-bond-losjons-pec-skus-jutigai-adai-125-ml","status":"publish","type":"product","link":"https:\/\/e.kosmolat.eu\/lt\/produktas\/bradoline-bond-losjons-pec-skus-jutigai-adai-125-ml\/","title":{"rendered":"BRADOLINE Bond losjonas po skutimosi jautriai odai, 125 ml"},"content":{"rendered":"<p>\u0160velnus, \u017ealias ir gaivus kvapas.<\/p>\n<p>Naudojimas: U\u017etepkite norim\u0105 losjono kiek\u012f ant deln\u0173 ir \u0161velniai paskirstykite ant nuskustos odos. Patekus \u012f akis, gausiai praplaukite vandeniu.<\/p>\n","protected":false},"excerpt":{"rendered":"<p>\u0160velnus, \u017ealias ir gaivus kvapas. Naudojimas: U\u017etepkite norim\u0105 losjono kiek\u012f ant deln\u0173 ir \u0161velniai paskirstykite ant nuskustos odos. Patekus \u012f akis, gausiai praplaukite vandeniu.<\/p>\n","protected":false},"featured_media":107484,"template":"","meta":[],"product_cat":[1682],"product_tag":[],"class_list":{"0":"post-107482","1":"product","2":"type-product","3":"status-publish","4":"has-post-thumbnail","6":"product_brand-florin_hu-lt","7":"product_cat-kosmetika-skutimuisi","9":"first","10":"instock","11":"taxable","12":"shipping-taxable","13":"product-type-simple"},"_links":{"self":[{"href":"https:\/\/e.kosmolat.eu\/lt\/wp-json\/wp\/v2\/product\/107482","targetHints":{"allow":["GET"]}}],"collection":[{"href":"https:\/\/e.kosmolat.eu\/lt\/wp-json\/wp\/v2\/product"}],"about":[{"href":"https:\/\/e.kosmolat.eu\/lt\/wp-json\/wp\/v2\/types\/product"}],"wp:featuredmedia":[{"embeddable":true,"href":"https:\/\/e.kosmolat.eu\/lt\/wp-json\/wp\/v2\/media\/107484"}],"wp:attachment":[{"href":"https:\/\/e.kosmolat.eu\/lt\/wp-json\/wp\/v2\/media?parent=107482"}],"wp:term":[{"taxonomy":"product_cat","embeddable":true,"href":"https:\/\/e.kosmolat.eu\/lt\/wp-json\/wp\/v2\/product_cat?post=107482"},{"taxonomy":"product_tag","embeddable":true,"href":"https:\/\/e.kosmolat.eu\/lt\/wp-json\/wp\/v2\/product_tag?post=107482"}],"curies":[{"name":"wp","href":"https:\/\/api.w.org\/{rel}","templated":true}]}}