{"id":107474,"date":"2026-04-16T11:35:40","date_gmt":"2026-04-16T11:35:40","guid":{"rendered":"https:\/\/e.kosmolat.eu\/product\/viorica-ultra-atjaun-maska-551-loti-saus-un-boj-mat-150-ml\/"},"modified":"2026-04-16T11:35:48","modified_gmt":"2026-04-16T11:35:48","slug":"viorica-ultra-atjaun-maska-551-loti-saus-un-boj-mat-150-ml","status":"publish","type":"product","link":"https:\/\/e.kosmolat.eu\/lt\/produktas\/viorica-ultra-atjaun-maska-551-loti-saus-un-boj-mat-150-ml\/","title":{"rendered":"VIORICA Ultra-regeneruojanti kauk\u0117 5+5+1 labai sausiems ir pa\u017eeistiems plaukams, 150 ml"},"content":{"rendered":"<p>Prabangi formul\u0117, skirta visi\u0161kai atkurti labai sausus ir pa\u017eeistus plaukus. Atkuria pa\u017eeist\u0105 plauk\u0173 stiebo strukt\u016br\u0105, papildo mitybos tr\u016bkumus, suteikia plaukams tankumo, stiprumo, blizgesio ir elastingumo. Gausus verting\u0173 avokad\u0173, migdol\u0173, kamelij\u0173, alyvuogi\u0173, medviln\u0117s s\u0117kl\u0173, taip pat mang\u0173 ir kakavos aliej\u0173 derinys maksimaliai dr\u0117kina ir maitina plaukus. Augaliniai baltymai sandarina kutikul\u0119, suteikdami ry\u0161k\u0173 regeneruojant\u012f poveik\u012f. Stiprinantis mineral\u0173 kompleksas i\u0161 kalcio, magnio, cinko, vario ir mangano atkuria trapi\u0173 plauk\u0173 buvus\u012f stiprum\u0105, saugo juos nuo l\u016b\u017ein\u0117jimo.<\/p>\n<p>Naudojimas: U\u017etepkite kauk\u0119 ant \u0161vari\u0173 ir dr\u0117gn\u0173 plauk\u0173, vengdami \u0161akn\u0173. Po 3-5 minu\u010di\u0173 kruop\u0161\u010diai nuplaukite vandeniu. Nor\u0117dami pasiekti maksimal\u0173 ir ilgalaik\u012f rezultat\u0105, naudokite 1-2 kartus per savait\u0119 kartu su \u0161ios serijos \u0161amp\u016bnu ir plauk\u0173 balzamu.<\/p>\n<p>Laikyti nuo +5 \u00b0C iki +25 \u00b0C temperat\u016broje, saugoti nuo tiesiogini\u0173 saul\u0117s spinduli\u0173. <\/p>\n<p>Geriausias: 30 m\u0117nesi\u0173 nuo pagaminimo datos.<\/p>\n","protected":false},"excerpt":{"rendered":"<p>Prabangi formul\u0117, skirta visi\u0161kai atkurti labai sausus ir pa\u017eeistus plaukus. Atkuria pa\u017eeist\u0105 plauk\u0173 stiebo strukt\u016br\u0105, papildo mitybos tr\u016bkumus, suteikia plaukams tankumo, stiprumo, blizgesio ir elastingumo. Gausus verting\u0173 avokad\u0173, migdol\u0173, kamelij\u0173, alyvuogi\u0173, medviln\u0117s s\u0117kl\u0173, taip pat mang\u0173 ir kakavos aliej\u0173 derinys maksimaliai dr\u0117kina ir maitina plaukus. Augaliniai baltymai sandarina kutikul\u0119, suteikdami ry\u0161k\u0173 regeneruojant\u012f poveik\u012f. Stiprinantis mineral\u0173 [&#8230;]\n","protected":false},"featured_media":107476,"template":"","meta":[],"product_cat":[2181],"product_tag":[],"class_list":{"0":"post-107474","1":"product","2":"type-product","3":"status-publish","4":"has-post-thumbnail","6":"product_brand-viorica-cosmeplant_bg-lt","7":"product_cat-bez-kategorijas-lt","9":"first","10":"instock","11":"taxable","12":"shipping-taxable","13":"product-type-simple"},"_links":{"self":[{"href":"https:\/\/e.kosmolat.eu\/lt\/wp-json\/wp\/v2\/product\/107474","targetHints":{"allow":["GET"]}}],"collection":[{"href":"https:\/\/e.kosmolat.eu\/lt\/wp-json\/wp\/v2\/product"}],"about":[{"href":"https:\/\/e.kosmolat.eu\/lt\/wp-json\/wp\/v2\/types\/product"}],"wp:featuredmedia":[{"embeddable":true,"href":"https:\/\/e.kosmolat.eu\/lt\/wp-json\/wp\/v2\/media\/107476"}],"wp:attachment":[{"href":"https:\/\/e.kosmolat.eu\/lt\/wp-json\/wp\/v2\/media?parent=107474"}],"wp:term":[{"taxonomy":"product_cat","embeddable":true,"href":"https:\/\/e.kosmolat.eu\/lt\/wp-json\/wp\/v2\/product_cat?post=107474"},{"taxonomy":"product_tag","embeddable":true,"href":"https:\/\/e.kosmolat.eu\/lt\/wp-json\/wp\/v2\/product_tag?post=107474"}],"curies":[{"name":"wp","href":"https:\/\/api.w.org\/{rel}","templated":true}]}}