{"id":107458,"date":"2026-04-16T10:21:22","date_gmt":"2026-04-16T10:21:22","guid":{"rendered":"https:\/\/e.kosmolat.eu\/product\/ecl-organic-avocado-skus-krems-slides-un-kops-200-ml\/"},"modified":"2026-04-16T10:21:32","modified_gmt":"2026-04-16T10:21:32","slug":"ecl-organic-avocado-skus-krems-slides-un-kops-200-ml","status":"publish","type":"product","link":"https:\/\/e.kosmolat.eu\/lt\/produktas\/ecl-organic-avocado-skus-krems-slides-un-kops-200-ml\/","title":{"rendered":"ECOLATIER Organic Avocado Skutimosi kremas Slydimas ir prie\u017ei\u016bra, 200 ml"},"content":{"rendered":"<p>\u0160is skutimosi kremas, pagamintas i\u0161 nat\u016brali\u0173 ingredient\u0173, u\u017etikrina itin \u0161veln\u0173 koj\u0173 ir jautri\u0173 viet\u0173 skutim\u0105si. Jis \u0161velniai pa\u0161alina nepageidaujamus plaukelius, nedirgindamas odos. Jis lengvai slysta, mink\u0161tina ir dr\u0117kina od\u0105, tod\u0117l ji tampa lygi. Tinka visiems odos tipams. Vegani\u0161kas.<\/p>\n<p>Ingredientai: Organinis \u0161alto spaudimo avokad\u0173 aliejus turi vitamin\u0173 ir antioksidant\u0173, skatina kolageno gamyb\u0105, atkuria odos barjerines funkcijas. Praturtintas vitaminais B, D, E, F ir polineso\u010diosiomis riebal\u0173 r\u016bg\u0161timis. Veiksmingai maitina ir mink\u0161tina od\u0105, pa\u0161alina i\u0161saus\u0117jim\u0105.<\/p>\n<p>Veikliosios med\u017eiagos:<br \/>\n\u2022 Alantoinas intensyviai dr\u0117kina, atkuria ir ramina od\u0105.<br \/>\n\u2022 Vitaminas E pasi\u017eymi antioksidacin\u0117mis savyb\u0117mis ir skatina odos l\u0105steli\u0173 atsinaujinim\u0105.<br \/>\n\u2022 Fig\u0173 ekstraktas apsaugo nuo sausumo ir pleiskanojimo, tod\u0117l oda tampa lygesn\u0117 ir elastingesn\u0117.<\/p>\n<p>Naudojimas: U\u017etepkite skutimosi kremo ant dr\u0117gnos odos, nusiskuskite ir nuplaukite \u0161iltu vandeniu. Tik i\u0161oriniam naudojimui.<\/p>\n","protected":false},"excerpt":{"rendered":"<p>\u0160is skutimosi kremas, pagamintas i\u0161 nat\u016brali\u0173 ingredient\u0173, u\u017etikrina itin \u0161veln\u0173 koj\u0173 ir jautri\u0173 viet\u0173 skutim\u0105si. Jis \u0161velniai pa\u0161alina nepageidaujamus plaukelius, nedirgindamas odos. Jis lengvai slysta, mink\u0161tina ir dr\u0117kina od\u0105, tod\u0117l ji tampa lygi. Tinka visiems odos tipams. Vegani\u0161kas. Ingredientai: Organinis \u0161alto spaudimo avokad\u0173 aliejus turi vitamin\u0173 ir antioksidant\u0173, skatina kolageno gamyb\u0105, atkuria odos barjerines funkcijas. [&#8230;]\n","protected":false},"featured_media":107460,"template":"","meta":[],"product_cat":[1682],"product_tag":[],"class_list":{"0":"post-107458","1":"product","2":"type-product","3":"status-publish","4":"has-post-thumbnail","6":"product_brand-ecolab_cs-lt","7":"product_cat-kosmetika-skutimuisi","9":"first","10":"instock","11":"taxable","12":"shipping-taxable","13":"product-type-simple"},"_links":{"self":[{"href":"https:\/\/e.kosmolat.eu\/lt\/wp-json\/wp\/v2\/product\/107458","targetHints":{"allow":["GET"]}}],"collection":[{"href":"https:\/\/e.kosmolat.eu\/lt\/wp-json\/wp\/v2\/product"}],"about":[{"href":"https:\/\/e.kosmolat.eu\/lt\/wp-json\/wp\/v2\/types\/product"}],"wp:featuredmedia":[{"embeddable":true,"href":"https:\/\/e.kosmolat.eu\/lt\/wp-json\/wp\/v2\/media\/107460"}],"wp:attachment":[{"href":"https:\/\/e.kosmolat.eu\/lt\/wp-json\/wp\/v2\/media?parent=107458"}],"wp:term":[{"taxonomy":"product_cat","embeddable":true,"href":"https:\/\/e.kosmolat.eu\/lt\/wp-json\/wp\/v2\/product_cat?post=107458"},{"taxonomy":"product_tag","embeddable":true,"href":"https:\/\/e.kosmolat.eu\/lt\/wp-json\/wp\/v2\/product_tag?post=107458"}],"curies":[{"name":"wp","href":"https:\/\/api.w.org\/{rel}","templated":true}]}}