{"id":107425,"date":"2026-04-15T11:08:29","date_gmt":"2026-04-15T11:08:29","guid":{"rendered":"https:\/\/e.kosmolat.eu\/product\/gc-premium-gaisa-atsvaidz-ocean-300-ml\/"},"modified":"2026-04-23T09:08:19","modified_gmt":"2026-04-23T09:08:19","slug":"gc-premium-gaisa-atsvaidz-ocean-300-ml","status":"publish","type":"product","link":"https:\/\/e.kosmolat.eu\/lt\/produktas\/gc-premium-gaisa-atsvaidz-ocean-300-ml\/","title":{"rendered":"GARDEN COLLECTION PREMIUM Oro gaiviklis Ocean, 300 ml"},"content":{"rendered":"<p>GARDEN yra oro gaiviklis, kuriam neatsispirsite d\u0117l plataus kvap\u0173 asortimento ir ilgalaikio poveikio. Tai pakeis j\u016bs\u0173 nam\u0173, biuro ar automobilio atmosfer\u0105.<\/p>\n<p><strong>Naudojimo instrukcijos:<\/strong> Prie&scaron; naudojim\u0105 skardin\u0119 gerai suplakite. Pur&scaron;kite 5-10 sekund\u017ei\u0173, laikydami pe\u010di\u0173 lygyje.<\/p>\n<p><strong>Atsargumo priemon\u0117s:<\/strong> Vengti patekimo \u012f akis. Patekus, nedelsiant nuplaukite dideliu kiekiu vandens ir kreipkit\u0117s \u012f gydytoj\u0105. Ne\u012fkv\u0117pti aerozoli\u0173.<\/p>\n<p><strong>Sud\u0117tis:<\/strong> 30 % ir daugiau alifatini\u0173 angliavandenili\u0173 (propanas, butanas, izobutanas). Kvapai\/ Benzyl Salicylate, Coumarin, Linalool.<\/p>\n<p>&nbsp;<\/p>\n<p><img decoding=\"async\" alt=\"\" src=\"data:image\/png;base64,iVBORw0KGgoAAAANSUhEUgAAAD4AAAA+CAYAAAEExpjSAAAAAXNSR0IArs4c6QAAAARnQU1BAACxjwv8YQUAAAAJcEhZcwAAFxEAABcRAcom8z8AAA4LSURBVFhHvVl5bFRVFx+UGlwQ0rgESAFFEc0nfILaskYRKf5NIBhDNCLRhM0QYrQRxA2iBGj4ZKmllG6UEhIWGw2BkKqJJQokRtFAAolgjEBhBqW8KbS93\/n93r133rx5M\/NmaPklL2+775579nPPiyg\/Ojv1hYukAdGJo92L69fds8AOiE4cw3NNTQ3P6sYNnjjAvDx27JiKRCKJQR0dMsAzXZ8+fXgeOXIkz7HpEzQJzyCD6LRinhOLvJEYFJtWoq98XGBh0dIJ+sZF8oAAJA8QIUUnaFloJAZ4JBid8KS+MgO63JeQAQ7ASDUSnTKWF++884565plnVEVFBe8Bp6bSncGMrqqqUhs2bOC1U1vFs12DVZQgXl+tr7yLFEQnjVGO5yWQNMAPzBqd\/JTVbBACJwAlw7kB5edRl0HyEmE2Hnl2yjXEtnr1av1Ej+mI6zs9gf\/DDtiZlvnFixd5vuOOO\/RbFxQa7REQc\/NKEbjtttvUV199xevy8nJVUFDAayD2QrFy6rbxOlkGwqOZaN26dTzWrl3Lc3V1tdhwiajI\/dAgUIhcEQSpERPjNxT9CJ7AQNTn7ND+lwYZJ3CqNumrYKT9GMuNvjje+m0QAj\/mh9qfnQYRmkg7CCkfOzVb7YdXr17lOd5UFzhB0sdOdQWXavD888\/rK5lgZ+oE9mOneotQTHwIS3vooYcY+f79918+80\/Aj0lRop3Bu+++a022uLhYHTp0SL\/RLEx1J4g42ysYJg1uiH5bWlr44ejRo+0kXpgVRCAcp84NHwYYXFRUpI4fP64GDBjA+40bN+q3SnV3SgAVB+OUNHyP\/d59993qyJEjvI7FYqqwsJDXQDfips4Edj0xEZZTn1jBTz\/9pNra2lR9fb1+kqBokMRM7MUJEgG30jWNh5mDkdrnxsmSEEB4Tm2lvtPweZtByscAJojLCggGjtQPgcCPAbIgavQv1Yu0HwOYIBMyfpwJ9DyRA7TU7YmyuSBn4oiHhig06DTg\/r+0tVwXEZq4s71SE5VwEVBsxBtr+B5u0x0Pt4isxJHWwRljlCdfAa+\/\/rq+SoB+i0VgfBZJpCXucirihNF4UnB3d7dqbm7m9dSpU5nvAMdxeDbgIsTEGcLSSCKFOOMiiYoh+fL+33\/\/zTMCzTfffGMjVllZmXruuedUa2sr33vhLmI006CsUD91YYkzpmqifvEaIJODGLjFeejQoWrQoEF2EZWVUnnJOQhGErAZYxORa5vKEzoVkabDww8\/zFjdr18\/lr0g0tTUxHdmMThWrVqlzp07x+dBcBplEVKWxV4o0ZxLEYOQBEPxx3aD06dPWwI4gPb2dp6BOXPm2He\/\/fabfuqBqBBSBfcIvkCyjK5LyBYJQBLe\/GDw559\/MrkgQ\/mxcOFCEv7111\/1Ew3UUiAawFiwgrBKvYi454OdO3eqlStXqg8++EB9\/PHHvP7www\/VJ598oj766CNeb968mWNhrC4j4DRYmsHEDUTHcDV3Ap0lsgF5S6Ifxeur0f3ITFwDXPj1lQKJemZMPE1l6Uco4gbdkAS4giQk8hEkKuINwakfORE36O7qctUhuy0EkGylcDrkRZyQmOBUJsqpfJAf5xA1xS8uacSfB3InjvINhCVK0X+hayl38kFuBmcsGhyjwoPuERkny70kpFwRnrixdFq1x5VkF4win89zXEAo4shCluOAsEt3mz7Rfb8t\/AKyEzcRS\/b1fsJm30OICqJYACUQzgYyE5cyKCqpj0HFR\/i6cPvee+\/pOw0xRjc7igRCGGF64qJjJgYEEdmU+oE+gymhkkAJGBvIvIBg4qJjm5GkNPbi6NGj8jquLly4wBS6bZv7HrWdhaiKNpBlAanEr3dojiVBBIRNpNWZM2eqU6dOkfiQIUP4\/JVXXuHZAhIoneRKbpubZv1IJg6rlkKPK\/aJGjrukgkXLFjAggK53FQueN6\/f3890gNIoFRLoCp1AQni4FjKXHLcWKsfJuORRx5Rb731liWK4\/bbb1ePPfYYF4Qa76+\/\/tKjNSgBWQC8xScBEsc2h5ULVrhjO18EAcTuv\/9+S3jevHn2esqUKeqJJ55QDQ0NerQHRgK+OBBxOdY6li1PEEw1+sADD1hiOFDTjR07NunZvn37ODYFIgFrhHoBEWzwkJedhvQcHz58WK1fv54tZEPE6Liurs4+M51k2Ec6mGR07Yu1KuLUfMkbiAUNh3QwBHBs2rRJ3XfffXy+e\/du9fbbb6t7772XHZ8777yTz4OAhgezoagYIZk6RwsBPs1tb5pVP\/7445b4ihUraFwAfB4w74YPH857P5w6lwYJS00IWGtHTU0JiP7Rq\/Fj\/\/79nPzll19WW7ZsUdeuXdNvFHvRn3\/+Od\/v2rVLP03Azg3m9KKBJD\/nIKxO9OLdmRosXbqUBE6cOKGfuEBrD8+nTZumnySAnADCRtReJBEHUOC7g2WTH2ADMCZwjjCLkArCixYtUj\/\/\/LMekQB1zB1qsDpTiANcgNaP2SZDt++\/\/75avnw5dys4sHPBLuXTTz+lHeDdpUuX3PGUoux6PTr2I5A4wN4LJIA2h3wMjj\/77DN209C3Nr1r77FmzRp1VTad2FhQx77Ggh9piQPYBLgqSO8FfpAwPIeE07sukJE4gB8mrhumGowfKCqpY8nnmTg2yEocwN7LFWN6CRhDxRh\/OyUdQhEH2GLH5Oit+BZggxRdNLOovQhNHDA+i42hWYDbKjMchycM5EQcsEYoemVekDxNHYc0SC9yJg4g58OwkA3JsaTLfJAXcQDb4jDulAl5E88boh7YDiSG+OFs\/zIvld0sbh3jkqPIsMQq2iuaGjgQ\/iWCc4MjFd2tQu8zTg1L7IOGwTByJZxUch6jhq7q+RwWgD5Hnv8tckGvMd4t2kN6Y8tKM4awCGaTTFv81JF6nVtbjMMBC6jeIpuJ3rOAnmccGpa0SkYk7DK9SkHKn+SZgpEUrHGJmvR9RE5xAWxkuLnoBQvoMcaRzBCooi88azUHJqjhXKKvCABpI1bauxZw04yjXmHhJP5JLSG5SgDjzj7Dxmvv3r38yZsWnV3K2VkrsQEC8FhAdUWPCCB\/xlEbSyCiaSIwQTMIWqLhbMXb5cuXuZEfP368On\/+vH6aBmItcQiAvRWhgVghNdzNZoHcGdcaZlqCFqANmLRoONPW2ou2tjY1ffp07usmT56c2kIJAmJAY60bLBE7KACxAAggDwsIz7gEGPhZbGqxZtjVcBwMZ9Hwjh072MJpbGzkvb+Lgo5ah178wYMH1ffff8\/rQEAA+Cmpu2tYC+sA9JpzCILZGUdaAsNoFdGkhRiiNFpG4odhgL9tYHDMmDE085aWFnXXXXdZxtFE27jR\/VGyePFiNWzYMLYWM0JoQwBuGpQ1IbZAAOjyhbCA9IxTwxWMqNQw8\/B4zXDwr2UD7KHRG0EjDl2DV1991TI5adIk9eijj9p7c0A4X3\/9tbrnnnsoFPwXB5IauUFADGgSAcwwMQBBUAvA95\/ci1TGZdFx8ZuED4NhMWkwnMNuBM0BMAQzfu211+yvbnP07ds36Xe390AD+ZdffmHkHzVqlGptbdWzZoCsDTHAzQJP0goQBOOsA1ItIME4orQwbDUMhuHD6HR7K62QqK6uJnNBjOGAOf\/4449s4XifQ0BDhw5NauuiuxYasIBdDVIHJLKALYR0mxCI0KQtwzJo8lM0Gza6c9AwTBKmjVYQOu7\/\/POPmjFjRhJT3uPNN9+0Zrxs2bLAMTjQ6zxz5gzHYd7Q6JIg2FSvYi9NcZusyARwAQrAURHnyy\/cFAEtY7ekq62gnmc2XLlyRZWUlNBPZ82apd544w12\/cEAnqEBj+uioiL1+++\/66+Uam5utmb\/9NNPs1uM6+LiYvp9eXm5qq2tze7vPnQL89wIodbw7gQr\/qdNHVtGFCNmywgzR47EH\/+QudkAfllQUMCFe48HH3yQpo226JIlS9QPP\/ygv1Dq22+\/VZs3u788qqqqUr7HfVADOS1QPsvuz\/JDcxeGZdNk+EkKbvi1gi4WU4TxcwhAtpVhG0vofM+dO9cuGn4+btw4+jT+ihw4cECPTMXWrVvVwIEDObawsNDOga66aednAkpZMsxqUtYPDcOChSf88PYiOJ1BYugfQmLcYbmpDE2vbKkMaG9vV\/Pnz7cLHzx4sPruu+\/4rlO+D\/JVPIcpO5KCZs+encQ0mugZId9ibWQYGsaaoTDhAbwEIZhxA24xtcl4LUCkGqaZiny+Z88e\/tfE3x\/U53AF\/PH1++vJkyc5DsyOGDFClZWVqbNnz+q3weAGyWvSVJBmOEsmysy4ASSKRi4JuFUSJSouEMYCvIC2UZ56tQ4hQKvQehBSgho1rC2SDGM9YpGMSeHWE45xA1iASJhR0mcBXgkjlZWWllpzvZkD\/n72jz\/ciTV9q2GsAS7oox8GuTFuIFLF5gSbFEqbEoeJSdQMGQRzAnwfaclqWA69QcrV4gzyY9xApIw\/PW4WgAbkoAAq5V3+e2UL9u3Q5BCG9fysJhFkc9SwHzfHuAGqJNGIjarGAmCC+VgAsgpcihqGRblZhX07odUT6BnGNZAr8avNVoLIowg6sIAQW0XuF1BHmDYWNIwNkmjYn4dvFj3KuAWiLgQABrTGXBdIEwOgYZs1YDGuSbNRmacPZ0PvMK6B3nq8YbswYX4aeCwA6UyOYA2jb9cLQdKDXmXcAhYgEZguAAvAbmnqszpoCcPj\/0MfdjuzvaNhP24N4xpoRrJn7o0Bco1nYRuVPYVbyrgXMHG0tmTvqJ\/cSij1fz8Grtdd8Jr3AAAAAElFTkSuQmCC\" \/><strong>GHS02 Pavojinga<br \/>\nH222 <\/strong>Ypa\u010d degus aerozolis.<br \/>\n<strong>H229 <\/strong>Sl\u0117gin\u0117 talpykla. Kaitinama gali sprogti.<br \/>\n<img decoding=\"async\" alt=\"\" src=\"data:image\/png;base64,iVBORw0KGgoAAAANSUhEUgAAAEEAAABBCAYAAAH58PnTAAAAAXNSR0IArs4c6QAAAARnQU1BAACxjwv8YQUAAAAJcEhZcwAAFxEAABcRAcom8z8AAAv\/SURBVGhDzVtLbBbXFTZ+QqGpoal5NRLhoeAH2E4ChLaU+InJDlIplE0q0lTpDolUiUSQkFLSZaALokaJ0g0pK7ZxUxUbg0kXKEWYp0GQAqkCoQtKoBTwPT3fuefOPzP\/zD+P\/7ebTxr\/87hz77nnfc8dV1EIE2++qWcFBBt199jf3n77q\/Aamee79czC9PTpmWvU3Ss\/YRjtsWrijTfk5NKlS1Q\/fTpVVVfT4OCg3AMm3tple3JvhGE2DMhvgabeAg2A6bMNgODs+rTH\/kIDINiIMbFrl54VUNQojEAD076aaOUqvbIoNGj3PVjxrJ5oA7PiGbkIoNU2qqLZT9iTqiphXjUzz8PsH+oQLYUuHUxLp\/wWaGjzNWq2D4HALGglz6Llab2wCDaIQMkGoi9zngjIKAqRneBl0xYkB+SZvg16EUSgExnZz\/goMFOMUxKF7YS1WkQawh8\/+khkUV1bS7X19dTZ2UkTjx7Zh2CeUmY7wQVuKvDiWzt36lUMwP0NG+U0OB105pdhFCD0fvuyQzRjYWotQb0zzR1McbSUIjtxENGyiGkgOHIYJTtJg9IdND1pjxKI72DeUj1hzPedhxDdQdQLMZ0Ud+AfOYyIZ8EOEuYrmBtsU+hg7mI9SQFfW9vB\/CXy48etr7+mtc89Z33VjBnye+DAAX3KmGffqaK5wXk55yaHvvjzLVv0aQhMiaVAewNm8Estzc10+fJlvRMDjwKHsnjgEOJwJEKSCnYAlNKDCGUq7gCYv0xPfEitiQ7+F2JeBuI7AJoWlWGNKVFWBwZ5C4s0nExkRS4iDNIuKKMLMXDsfB2XAiUhExF25jx4R0xwBDHCmWzEpCOihwdnxTCda\/RGAhA\/oUihKB2HkkTIzMHmFaGcIi0QnNnzmd7o\/MMhkggZnA3UdBSnFbmwgsXH9hlHTIAIO3M25qSEKIQzZ87Q7955h5YuWUI\/e\/FFunbtGr23fz81L19O\/\/jiC23F8BQ4SIwQYRWOZRjKjx3u3LlDQ4cP05aXXqLpWCGw\/8cqwYsJGhfqGhrk2cWLF\/XNGLRxZgMdc0sQ\/JELKFJEDnX8+PFAEEJ2h+sa\/l2\/fj19+MEHdPPmTW2dEsjFQISuPYLiAJtg\/0kJXV40Q1FZ3KmTQTSGQlUAppXZDytJk6WH4XEmtApJC\/NUu848x3qjCHA60BlfEl8KBuJs4jQhYXCHdEQoREzIQaDdUQDH4LZj2B6HTEQ4CDF+BRaF4+uUMw8jFxGAwYEQrjPHdV7kJkJwaozM6dN6kQ\/5uXD+AlHdLDK1fIyP693syKcLZ8\/K4KhHyAEizp3Tp9mQnQAeyNR\/lwn4HpnR40RHj\/F5I5k6vgeuZEQmAgxHR8JA9Y1Eo6N6lzHC5\/WzrUjOZ+NEegKE7Y8xu3XmYRxlIviZtDl\/Xm8mIxUBBh2ynKlhNpmRo3o3AsNHpI3oxIV04kgkwJxmtqvMOXbr3RIAJ1gnICpR1gSUJgCaXasKd\/wzvZkMc5S5BHHwu0kmGkuAOcszr2V5NvBsMgzu4ZgqJsRRQjGjCcDg0HbMopTME2COjKg4WH9iFLOIAFE4NTWDWZQJIUJMNFocAQI8O8fMo0wtL+CsxESZiJDH9AiQB2AVWHYs\/eD379+nwU8+oY0DA\/SDxx+n0xycRtlJbd26lTZt2qStuH+Isq7YRIUAiWhwIPBwKRTuxIkT9IuXX6aFCxbYNH7aNEnbXVlnzpw5tH37diEmAEwM4mCzNmctJ6qsh+OZM4vMkWiFu3r1Kv327bepraVFiuMYBIVZ\/7rBpfTLlkWUR3www6wTtTxRsY7zTAB3JinX+x9qkyDWrF4tA6JzN5AbtFYXKzieXLSI9uzZQ7dv39Y342Hee9+OiXc9N4uIBlcaQlNTkzdwHR9uwO8zm3\/92ms0NjZGj1x5OgXM0LBwWwLXxXHVAcgD7hbyCZmeq4d\/h4no6+2lv3z6Kf2XFS8XwH5nkuoXClYAzRROFAecf6dgayKGmLviGXmivvWlRwBgTVH9AGy3UhDFUz8QcssBAgAzDk5YcZQMvWnhZo7BxxM8oYeAYjL1eYHBYXLgasTgQDQBDGEViBDFzCEO+BSdedzgQCwBABTTuHwgxklFwWDmLilJKGiUJACwKTiI4A6R7SRBQjAU7rFUqXoiAYBnomBphLNyMIeHCjlhCbb7kYoAgeQJNiuOMlERkZpaKZmHkZ4AhigmAhc4MeIjwvNw\/CzD4EAmAgS8+pFVkOjEMRs\/ROGYOxkHB7ITwBDlgk7MKawN6YL17VmRiwBAlAzKhiOpdlgCuQkAsGhxmU1elEVAWWAxyn56dZ2tL6Vcyk0GppwJkv139bAKsTHN48wMpWxkaNDl3v5UDrTSmDomcGSR+j28hkyaf3\/cRbSf09S1z\/M1+1LcR+KOomDGckc5mHQmIAuVyUPS2Ftl321WPsML0OAyTNIwfLKDVRKKz1jjQzNyuNmsmDQmiNrD5hFDUARHgoO9q6SKC2INthIQa+Q99rrsMybTTCrPBDg8tnkJoKhz17CaY7M24+pfNAMFe+S42B\/j\/qRcPQkOtGJMQDZpsE+LNAWbhlBrbBanqbWVAjQDGwZiJsxUxGOYSQV9RvlMOMtxulvVHo4NaXL7s2zzFVzvAUhOoRkwE0QU0Qw40HzZkR+5meA5PEgejgzVNmwZR2TSlYRU40QzODn2HCj7jDLMJDMTxOHJ5OHwbKiTbwAzFN0qAvgMz4FCA5mePjaTFKXrMFIzAd7ZdHUL58XmndqP5qgyVxCyXmt92jJDHLH6jAyhNZEJsqEgDk+9PdQQkv\/sb9riWwKOPtaBMn0QEoSVMrTGM8HL8LgzyfA4zvPkxSYnGf+6dYtOnjxJfx4clM8Hw8CXIVeuXKGbN26QMaG93SH4DHWgaiZJDrSICYbXot7kJcODw+PJ59lcKYEbX31FR4aH6ff79tG2bduotbWVZs6c6RVs\/UdHe7t8ddLY2Bi4v2rVqvhPX9hHSdLlHCgKO3CgEWbiMUEcCr5Eg7fXUIf0NlzkTYv\/3LtHZ8bG6ODBg7R7927q7+ujhQsX0qxZswITqa6pKdToUb32l875wPM6fv6rV1+VDYXr16\/TgwcPdJQUQAWsjZmBpMsLrUEzqaJTp+ySVhwe2zy+tP9RF5mUoW5iYoKGWaLYTlnR1ialeP8ksfNRw5NAWd4\/Oe\/QiWN3BPsH03Tzwh3o7zevv16s9lkxzA50LS\/YMD989Yekq39Aol0VtnfkAyXJ9JQJWNXhpRQAA5yaRknSf2BDpKauLjDJBr63ePFi6u7qol07d9KhQ4fo759\/Tne\/+UZHqAzM4WGiVT+xJShhAgt94wtSkCmYA0IgPj8SRwi1YfWBt00oqOKbuHXr1smEoNbhSeLABlxLSwv98pVXaO+774rD++eXX9LDhw+1l0nE8AgZfBwk5gAHrxrgc5TFjnH8gq301PN6H7k6lr741xX\/Zw4hQGr79u6lzZs3044dO+hPH39MZ1jD7t29qy2mHmLOmDx2OOHg4Qv6eV4RjjQ+RCItRmiB2oijhGawo0QN\/1sM89ch+49AkLyESJV8RFRwiGeCQrwoOOgyRWgGzKQCu\/IVxRFInoWErQb4Npg1vofE\/lkCEpngAE6aHmiGOlBoBqer8rXH\/xGykftUB9PFaTzTJaVv\/FtRhvJ3aiY4mHOcT8BMwGmtGMlCxr8FMhVgszT4nzhP7ZmeDaz2KdLkMDIzwUH2BYUZbinNashmMulp9TAmz2ovmaB1eFB72TbOidxM8OAcKIjxQisTWem6Ava4lrPDQ\/8a6uST1BIOLy3KZ4IC5S4bTdRnOAeaZuO2FKBZXqjT1WGFJu9QMSZ4EDPpKxRaYbOsGZm\/bIDkJdSxz0G+wv0ZUfvKTd6h8kxQSAaK\/6YEM\/AfVKzGsqpLCq3YV4bNQ\/LieHn1x94+j8NLi0ljAiBfdSMDldDKzPA70JGgAzW8VpH0FnF+wVIb6lAUYcmXuXRKxKQyIQDnM8SBwrGxmvOqzuz\/A9Gan9pr3Mc2HDRoCjdop44JClFr50AxabchW2O9vX9hM1WYciZ4gAPFQm1aHdHAC5kyvMqC6H9rKlGLcab9AAAAAABJRU5ErkJggg==\" \/><strong>GHS04 Atsargiai<br \/>\nH280 <\/strong>Turi sl\u0117gio veikiam\u0173 duj\u0173, kaitinant gali sprogti.<br \/>\nP102 Laikyti vaikams neprieinamoje vietoje.<br \/>\nP210 Laikyti atokiau nuo &scaron;ilumos &scaron;altini\u0173, kar&scaron;t\u0173 pavir&scaron;i\u0173, \u017eie\u017eirb\u0173, atviros liepsnos arba kit\u0173 degimo &scaron;altini\u0173. Ner\u016bkyti.<br \/>\nP211 Nepurk&scaron;ti \u012f atvir\u0105 liepsn\u0105 arba kitus degimo &scaron;altinius.<br \/>\nP251 Nepradurti ir nedeginti net panaudoto.<br \/>\nP410+P412 Saugoti nuo saul\u0117s &scaron;viesos. Nelaikyti auk&scaron;tesn\u0117je kaip 50 &deg;C \/122 &deg;F temperat\u016broje.<br \/>\nP410+P403 Saugoti nuo saul\u0117s &scaron;viesos. Laikyti gerai v\u0117dinamoje vietoje.<\/p>\n","protected":false},"excerpt":{"rendered":"<p>GARDEN yra oro gaiviklis, kuriam neatsispirsite d\u0117l plataus kvap\u0173 asortimento ir ilgalaikio poveikio. Tai pakeis j\u016bs\u0173 nam\u0173, biuro ar automobilio atmosfer\u0105. Naudojimo instrukcijos: Prie&scaron; naudojim\u0105 skardin\u0119 gerai suplakite. Pur&scaron;kite 5-10 sekund\u017ei\u0173, laikydami pe\u010di\u0173 lygyje. Atsargumo priemon\u0117s: Vengti patekimo \u012f akis. Patekus, nedelsiant nuplaukite dideliu kiekiu vandens ir kreipkit\u0117s \u012f gydytoj\u0105. Ne\u012fkv\u0117pti aerozoli\u0173. Sud\u0117tis: 30 % [&#8230;]\n","protected":false},"featured_media":107427,"template":"","meta":[],"product_cat":[2181],"product_tag":[],"class_list":{"0":"post-107425","1":"product","2":"type-product","3":"status-publish","4":"has-post-thumbnail","6":"product_brand-sora_tr-lt","7":"product_cat-bez-kategorijas-lt","9":"first","10":"instock","11":"taxable","12":"shipping-taxable","13":"product-type-simple"},"_links":{"self":[{"href":"https:\/\/e.kosmolat.eu\/lt\/wp-json\/wp\/v2\/product\/107425","targetHints":{"allow":["GET"]}}],"collection":[{"href":"https:\/\/e.kosmolat.eu\/lt\/wp-json\/wp\/v2\/product"}],"about":[{"href":"https:\/\/e.kosmolat.eu\/lt\/wp-json\/wp\/v2\/types\/product"}],"wp:featuredmedia":[{"embeddable":true,"href":"https:\/\/e.kosmolat.eu\/lt\/wp-json\/wp\/v2\/media\/107427"}],"wp:attachment":[{"href":"https:\/\/e.kosmolat.eu\/lt\/wp-json\/wp\/v2\/media?parent=107425"}],"wp:term":[{"taxonomy":"product_cat","embeddable":true,"href":"https:\/\/e.kosmolat.eu\/lt\/wp-json\/wp\/v2\/product_cat?post=107425"},{"taxonomy":"product_tag","embeddable":true,"href":"https:\/\/e.kosmolat.eu\/lt\/wp-json\/wp\/v2\/product_tag?post=107425"}],"curies":[{"name":"wp","href":"https:\/\/api.w.org\/{rel}","templated":true}]}}